{"id":114,"date":"2019-10-14T11:31:34","date_gmt":"2019-10-14T14:31:34","guid":{"rendered":"https:\/\/ewsistemasti.com.br\/loja\/?post_type=product&#038;p=114"},"modified":"2024-03-08T07:16:21","modified_gmt":"2024-03-08T10:16:21","slug":"manutencao-e-ou-atualizacoes","status":"publish","type":"product","link":"https:\/\/ewsistemasti.com.br\/loja\/produto\/manutencao-e-ou-atualizacoes\/","title":{"rendered":"Manuten\u00e7\u00e3o e\/ou Atualiza\u00e7\u00f5es"},"content":{"rendered":"<ol>\n<li><a href=\"https:\/\/ewsistemasti.com.br\/loja\/produto\/suporte-mensal\/\" target=\"_blank\" rel=\"noopener noreferrer\">Mensal<\/a>:\n<ol>\n<li>\u00a0Se o cliente quer uma r\u00e1pida customiza\u00e7\u00e3o no sistema, como exemplo: incluir ou retirar alguns campos, formul\u00e1rio e\/ou relat\u00f3rios (no m\u00e1ximo tr\u00eas processos em todo o sistema. Exemplo: tr\u00eas relat\u00f3rios, ou criar tr\u00eas campos, ou criar um campo, retirar outro campo e criar um relat\u00f3rio);<\/li>\n<li>O cliente precisa de um aux\u00edlio na instala\u00e7\u00e3o e configura\u00e7\u00e3o do sistema em seu ambiente de trabalho, ou ainda, para configurar o sistema em rede por exemplo. A consultoria ser\u00e1 feita via Skype ou outro app que a Ew Sistema e Cursos indicar, com dia e hora marcada durante o m\u00eas de validade do suporte;<\/li>\n<li>Se o usu\u00e1rio estiver em Bras\u00edlia-DF ou entorno, o usu\u00e1rio poder\u00e1 solicitar uma visita para manuten\u00e7\u00e3o presencial no sistema ou instala\u00e7\u00e3o e configura\u00e7\u00e3o.<\/li>\n<\/ol>\n<\/li>\n<li><a href=\"https:\/\/ewsistemasti.com.br\/loja\/produto\/suporte-trimestral\/\" target=\"_blank\" rel=\"noopener noreferrer\">Trimestral<\/a>:\n<ol>\n<li>\u00a0Se o cliente quer uma maior customiza\u00e7\u00e3o no sistema, como exemplo: incluir ou retirar alguns campos, formul\u00e1rio e\/ou relat\u00f3rios (no m\u00e1ximo dez processos em todo o sistema. Exemplo: dez relat\u00f3rios, ou criar dez campos, ou criar cinco campos, retirar outro dois campos e criar tr\u00eas relat\u00f3rios);<\/li>\n<li>O cliente precisa de um aux\u00edlio na instala\u00e7\u00e3o e configura\u00e7\u00e3o do sistema em seu ambiente de trabalho, ou ainda, para configurar o sistema em rede por exemplo. A consultoria ser\u00e1 feita via Skype ou outro app que a Ew Sistema e Cursos indicar, com dia e hora marcada durante o per\u00edodo de validade do suporte;<\/li>\n<li>Se o usu\u00e1rio estiver em Bras\u00edlia-DF ou entorno, o usu\u00e1rio ter\u00e1 direito a uma visita por m\u00eas para manuten\u00e7\u00e3o presencial no sistema.<\/li>\n<\/ol>\n<\/li>\n<li>\u00a0<a href=\"https:\/\/ewsistemasti.com.br\/loja\/produto\/suporte-semestral\/\" target=\"_blank\" rel=\"noopener noreferrer\">Semestral<\/a>:\n<ol>\n<li>Se o cliente quer uma customiza\u00e7\u00e3o completa no sistema, como exemplo: alterar algumas funcionalidades do sistema, desde que tenha l\u00f3gica para tal altera\u00e7\u00e3o. Como exemplo: O cliente quer um m\u00f3dulo que o sistema dele n\u00e3o tem ou n\u00e3o atende. Vamos dizer que o cliente quer um m\u00f3dulo de contas a receber. O sistema tem um m\u00f3dulo de contas a pagar, mas o cliente quer um novo m\u00f3dulo. Neste caso \u00e9 poss\u00edvel desenvolver o novo m\u00f3dulo de contas a receber sem preju\u00edzo para o sistema e suas funcionalidades. Tamb\u00e9m chamamos de manuten\u00e7\u00e3o evolutiva;<\/li>\n<li>O cliente precisa de um aux\u00edlio na instala\u00e7\u00e3o e configura\u00e7\u00e3o do sistema em seu ambiente de trabalho, ou ainda, para configurar o sistema em rede por exemplo. A consultoria ser\u00e1 feita via Skype ou outro app que a Ew Sistema e Cursos indicar, com dia e hora marcada durante o m\u00eas de validade do suporte.<\/li>\n<li>Se o usu\u00e1rio estiver em Bras\u00edlia-DF ou entorno o usu\u00e1rio ter\u00e1 direito a uma visita por m\u00eas para manuten\u00e7\u00e3o presencial no sistema.<\/li>\n<\/ol>\n<\/li>\n<li>\u00a0<a href=\"https:\/\/ewsistemasti.com.br\/loja\/produto\/suporte-anual\/\" target=\"_blank\" rel=\"noopener noreferrer\">Anual<\/a>:\n<ol>\n<li>\u00a0Se o cliente quer uma customiza\u00e7\u00e3o completa no sistema, como exemplo: alterar algumas funcionalidades do sistema, desde que tenha l\u00f3gica para tal altera\u00e7\u00e3o. Como exemplo: O cliente quer um m\u00f3dulo que o sistema dele n\u00e3o tem ou n\u00e3o atende. Vamos dizer que o cliente quer um m\u00f3dulo de contas a receber. O sistema tem um m\u00f3dulo de contas a pagar, mas o cliente quer um novo m\u00f3dulo. Neste caso \u00e9 poss\u00edvel desenvolver o novo m\u00f3dulo de contas a receber sem preju\u00edzo para o sistema e suas funcionalidades. Tamb\u00e9m chamamos de manuten\u00e7\u00e3o evolutiva;<\/li>\n<li>O cliente precisa de um aux\u00edlio na instala\u00e7\u00e3o e configura\u00e7\u00e3o do sistema em seu ambiente de trabalho, ou ainda, para configurar o sistema em rede por exemplo. A consultoria ser\u00e1 feita via Skype ou outro app que a Ew Sistema e Cursos indicar, com dia e hora marcada durante o m\u00eas de validade do suporte.<\/li>\n<li>Se o usu\u00e1rio estiver em Bras\u00edlia-DF ou entorno o usu\u00e1rio ter\u00e1 direito a uma visita por m\u00eas para manuten\u00e7\u00e3o presencial no sistema.<\/li>\n<\/ol>\n<\/li>\n<li>\u00a0Sem Nenhuma Manuten\u00e7\u00e3o:\n<ol>\n<li>\u00a0O usu\u00e1rio tamb\u00e9m pode contratar sempre que achar necess\u00e1rio, conforme sua necessidade. Para contratar veja os links abaixo:\n<ol>\n<li>\u00a0<a href=\"https:\/\/ewsistemasti.com.br\/loja\/produto\/visita-tecnica\/\">Taxa de Visitas<\/a> (somente para Bras\u00edlia-DF e entorno);<\/li>\n<li>\u00a0Customiza\u00e7\u00e3o (este servi\u00e7o, somente nos sistemas desenvolvidos por n\u00f3s);<\/li>\n<li>\u00a0Videoconfer\u00eancia 1 hora para auxiliar na Instala\u00e7\u00e3o e configura\u00e7\u00e3o do sistema (sugest\u00e3o).<\/li>\n<\/ol>\n<\/li>\n<\/ol>\n<\/li>\n<\/ol>\n<ol>\n<li style=\"list-style-type: none;\"><\/li>\n<\/ol>\n<p><strong>Todos os nossos servi\u00e7os, sistemas e cursos podem ser parcelados em at\u00e9 12 vezes, aceitamos todos os cart\u00f5es de cr\u00e9dito ou \u00e0 vista no d\u00e9bito. Tamb\u00e9m aceitamos transfer\u00eancia banc\u00e1ria online, somente para quem possui conta nos bancos do Brasil e Bradesco. O parcelamento pode ser realizado para todo o site. Inclusive para os itens que estiverem em promo\u00e7\u00e3o.<\/strong><\/p>\n<p><strong><span class=\"titulo cor-secundaria\">Formas de Pagamento:<\/span><\/strong><\/p>\n<p><img fetchpriority=\"high\" fetchpriority=\"high\" decoding=\"async\" class=\"n3VNCb alignnone\" src=\"https:\/\/1.bp.blogspot.com\/-OgfYbeqVrrs\/T9YJPOvu5uI\/AAAAAAAACno\/jg-6zRGn7Zs\/s1600\/pagamento.png\" alt=\"\" width=\"366\" height=\"137\" data-noaft=\"1\" \/><\/p>\n<p><strong>Todos os pagamentos realizados na Ew Sistemas TI s\u00e3o redirecionados e processados pelo PayPal ou PagSeguro, em ambiente de autentica\u00e7\u00e3o destas empresas. O n\u00famero de cart\u00e3o n\u00e3o \u00e9 armazenado em nossos servidores. Somente \u00e9 armazenado nome e e-mail para efeito de login e os dados: Endere\u00e7o e CPF\/CNPJ para emiss\u00e3o de NF-s. Sem estes dados n\u00e3o t\u00eam como logar e emitir documenta\u00e7\u00e3o fiscal. N\u00e3o repassamos para terceiros nenhum dados de nossos alunos e\/ou clientes.<\/strong><\/p>\n<p>N\u00e3o se preocupe esta compra \u00e9\u00a0<strong>100% garantida!<\/strong><\/p>\n<p><strong><span class=\"titulo cor-secundaria\">Selos de Seguran\u00e7a<\/span><\/strong><\/p>\n<p><img decoding=\"async\" class=\"alignnone size-full wp-image-6246\" src=\"https:\/\/ewsistemasti.com.br\/loja\/wp-content\/uploads\/2024\/03\/siteseguro.jpeg\" alt=\"\" width=\"287\" height=\"176\" \/><\/p>\n<p>Se por qualquer motivo voc\u00ea n\u00e3o gostar do nosso Sistema* e quiser seu dinheiro de volta, n\u00f3s faremos o reembolso sem questionar nada e sem ressentimentos.<\/p>\n<p>Essa garantia\u00a0<strong>\u00e9 v\u00e1lida por 7 (sete) dias<\/strong>\u00a0a contar da libera\u00e7\u00e3o do pagamento pela operadora do cart\u00e3o de cr\u00e9dito.<\/p>\n<p><img decoding=\"async\" class=\"alignnone size-medium wp-image-1020 aligncenter\" src=\"https:\/\/ewsistemasecursos.com.br\/ava\/wp-content\/uploads\/2019\/08\/Garantia-7-Dias-3-300x252.png\" sizes=\"(max-width: 300px) 100vw, 300px\" srcset=\"https:\/\/ewsistemasecursos.com.br\/ava\/wp-content\/uploads\/2019\/08\/Garantia-7-Dias-3-300x252.png 300w, https:\/\/ewsistemasecursos.com.br\/ava\/wp-content\/uploads\/2019\/08\/Garantia-7-Dias-3-600x503.png 600w, https:\/\/ewsistemasecursos.com.br\/ava\/wp-content\/uploads\/2019\/08\/Garantia-7-Dias-3.png 640w\" alt=\"\" width=\"300\" height=\"252\" \/><\/p>\n<p>Ew Sistemas TI.<\/p>\n<p>&nbsp;<\/p>\n","protected":false},"excerpt":{"rendered":"<p>A Ew Sistemas e Cursos disponibiliza suporte via Manuten\u00e7\u00e3o e\/ou Atualiza\u00e7\u00f5es nos sistemas desenvolvidos e comercializados por n\u00f3s .<\/p>\n<p>Sobre o suporte:<\/p>\n<ol>\n<li>O suporte estende-se somente \u00e0 um dos sistemas adquirido pelo cliente e desenvolvidos por n\u00f3s, mesmo que comprado em outras plataformas de vendas que n\u00e3o seja a nossa loja virtual;<\/li>\n<li>O cliente ter\u00e1 direito \u00e0 atualiza\u00e7\u00f5es via bot\u00e3o update (internet) sempre que houver;<\/li>\n<li>O cliente pode solicitar altera\u00e7\u00f5es nas funcionalidades do sistema, como incluir ou retirar campos, formul\u00e1rios, relat\u00f3rios etc. Este pedido dever\u00e1 ser feito via e-mail para o suporte e somente para suporte na modalidade anual;<\/li>\n<li>Suporte via e-mail: <a href=\"mailto:suporte@ewsistemasecursos.com.br\" target=\"_blank\" rel=\"noopener noreferrer\">suporte@ewsistemasecursos.com.br<\/a> ou via helpdesk no endere\u00e7o <a href=\"https:\/\/ewsistemasecursos.com.br\/suporte\" target=\"_blank\" rel=\"noopener noreferrer\">https:\/\/ewsistemasecursos.com.br\/suporte<\/a>.<\/li>\n<\/ol>\n<p>O cliente pode optar por uma das modalidades de suporte a seguir:<\/p>\n","protected":false},"featured_media":115,"comment_status":"open","ping_status":"closed","template":"","meta":{"_et_pb_use_builder":"","_et_pb_old_content":"","_et_gb_content_width":"","_joinchat":[]},"product_brand":[],"product_cat":[26,151],"product_tag":[28,27],"class_list":{"0":"post-114","1":"product","2":"type-product","3":"status-publish","4":"has-post-thumbnail","6":"product_cat-servicos","7":"product_cat-suporte","8":"product_tag-customizacao-nos-sistemas-da-ew","9":"product_tag-servicos-de-alteracoes-no-sistema-da-ew","11":"first","12":"instock","13":"virtual","14":"sold-individually","15":"purchasable","16":"product-type-simple"},"_links":{"self":[{"href":"https:\/\/ewsistemasti.com.br\/loja\/wp-json\/wp\/v2\/product\/114","targetHints":{"allow":["GET"]}}],"collection":[{"href":"https:\/\/ewsistemasti.com.br\/loja\/wp-json\/wp\/v2\/product"}],"about":[{"href":"https:\/\/ewsistemasti.com.br\/loja\/wp-json\/wp\/v2\/types\/product"}],"replies":[{"embeddable":true,"href":"https:\/\/ewsistemasti.com.br\/loja\/wp-json\/wp\/v2\/comments?post=114"}],"wp:featuredmedia":[{"embeddable":true,"href":"https:\/\/ewsistemasti.com.br\/loja\/wp-json\/wp\/v2\/media\/115"}],"wp:attachment":[{"href":"https:\/\/ewsistemasti.com.br\/loja\/wp-json\/wp\/v2\/media?parent=114"}],"wp:term":[{"taxonomy":"product_brand","embeddable":true,"href":"https:\/\/ewsistemasti.com.br\/loja\/wp-json\/wp\/v2\/product_brand?post=114"},{"taxonomy":"product_cat","embeddable":true,"href":"https:\/\/ewsistemasti.com.br\/loja\/wp-json\/wp\/v2\/product_cat?post=114"},{"taxonomy":"product_tag","embeddable":true,"href":"https:\/\/ewsistemasti.com.br\/loja\/wp-json\/wp\/v2\/product_tag?post=114"}],"curies":[{"name":"wp","href":"https:\/\/api.w.org\/{rel}","templated":true}]}}