{"id":131,"date":"2019-10-14T12:43:37","date_gmt":"2019-10-14T15:43:37","guid":{"rendered":"https:\/\/ewsistemasti.com.br\/loja\/?post_type=product&#038;p=131"},"modified":"2024-03-08T06:47:58","modified_gmt":"2024-03-08T09:47:58","slug":"1-licenca-adicional","status":"publish","type":"product","link":"https:\/\/ewsistemasti.com.br\/loja\/produto\/1-licenca-adicional\/","title":{"rendered":"1 + Licen\u00e7a Adicional de Sistema"},"content":{"rendered":"<p><strong>1 + Licen\u00e7a Adicional de Sistema<\/strong><\/p>\n<p>Comercializamos uma licen\u00e7a de cada sistema que desenvolvemos com nossos clientes que queiram comprar um Sistema nosso. O cliente adquirindo o Sistema recebe um serial e um Sistema personalizado para seu uso.<\/p>\n<p>Pensando nisso, criamos +1 Licen\u00e7a Adicional de Uso de Sistema.\u00a0Caso o cliente precise de utilizar mais um Sistema adquirido em outro ambiente, ou em outra loja por exemplo. N\u00e3o \u00e9 necess\u00e1rio comprar outro Sistema contendo mais uma licen\u00e7a. Basta adquirir +1 Licen\u00e7a Adicional para qualquer Sistema desenvolvido e comercializado por n\u00f3s.<\/p>\n<p>Desta forma, a Licen\u00e7a Adicional ter\u00e1 tamb\u00e9m um n\u00famero de serial e uma nova vers\u00e3o do sistema ser\u00e1 disponibilizado para o usu\u00e1rio baixar e instalar. Desta forma o cliente fica com o Sistema original.<\/p>\n<p>Ent\u00e3o, pode comprar e preencher o formul\u00e1rio disponibilizado de Registro de Sistema. Ap\u00f3s a confirma\u00e7\u00e3o de pagamento pela operadora de seu cart\u00e3o, n\u00f3s vamos registrar mais uma licen\u00e7a para voc\u00ea.<\/p>\n<p>Em breve n\u00f3s enviaremos para o e-mail cadastrado um link, contendo uma nova vers\u00e3o do mesmo Sistema j\u00e1 adquirido.<\/p>\n<p>Lembrando que +1 Licen\u00e7a Adicional s\u00f3 pode ser adquirido por clientes que j\u00e1 compraram pelo menos um Sistema desenvolvido e comercializado pela Ew Sistemas TI.<\/p>\n<p>Voc\u00ea pode comprar quantas licen\u00e7as precisar. Basta para cada licen\u00e7a preencher um formul\u00e1rio de Registro de Sistema liberado ap\u00f3s a compra.<\/p>\n<p><strong>Todos os nossos servi\u00e7os, sistemas e cursos podem ser parcelados em at\u00e9 12 vezes, aceitamos todos os cart\u00f5es de cr\u00e9dito ou \u00e0 vista no d\u00e9bito. Tamb\u00e9m aceitamos transfer\u00eancia banc\u00e1ria online, somente para quem possui conta nos bancos do Brasil e Bradesco. O parcelamento pode ser realizado para todo o site. Inclusive para os itens que estiverem em promo\u00e7\u00e3o.<\/strong><\/p>\n<p><strong><span class=\"titulo cor-secundaria\">Formas de Pagamento:<\/span><\/strong><\/p>\n<p><img fetchpriority=\"high\" fetchpriority=\"high\" decoding=\"async\" class=\"n3VNCb alignnone\" src=\"https:\/\/1.bp.blogspot.com\/-OgfYbeqVrrs\/T9YJPOvu5uI\/AAAAAAAACno\/jg-6zRGn7Zs\/s1600\/pagamento.png\" alt=\"\" width=\"366\" height=\"137\" data-noaft=\"1\" \/><\/p>\n<p><strong>Todos os pagamentos realizados na Ew Sistemas TI s\u00e3o redirecionados e processados pelo PayPal ou PagSeguro, em ambiente de autentica\u00e7\u00e3o destas empresas. O n\u00famero de cart\u00e3o n\u00e3o \u00e9 armazenado em nossos servidores. Somente \u00e9 armazenado nome e e-mail para efeito de login e os dados: Endere\u00e7o e CPF\/CNPJ para emiss\u00e3o de NF-s. Sem estes dados n\u00e3o t\u00eam como logar e emitir documenta\u00e7\u00e3o fiscal. N\u00e3o repassamos para terceiros nenhum dados de nossos alunos e\/ou clientes.<\/strong><\/p>\n<p>N\u00e3o se preocupe esta compra \u00e9\u00a0<strong>100% garantida!<\/strong><\/p>\n<p><strong><span class=\"titulo cor-secundaria\">Selos de Seguran\u00e7a<\/span><\/strong><\/p>\n<p><img decoding=\"async\" class=\"alignnone size-full wp-image-6246\" src=\"https:\/\/ewsistemasti.com.br\/loja\/wp-content\/uploads\/2024\/03\/siteseguro.jpeg\" alt=\"\" width=\"287\" height=\"176\" \/><\/p>\n<p>Se por qualquer motivo voc\u00ea n\u00e3o gostar do nosso Sistema* e quiser seu dinheiro de volta, n\u00f3s faremos o reembolso sem questionar nada e sem ressentimentos.<\/p>\n<p>Essa garantia\u00a0<strong>\u00e9 v\u00e1lida por 7 (sete) dias<\/strong>\u00a0a contar da libera\u00e7\u00e3o do pagamento pela operadora do cart\u00e3o de cr\u00e9dito.<\/p>\n<p><img decoding=\"async\" class=\"alignnone size-medium wp-image-1020 aligncenter\" src=\"https:\/\/ewsistemasecursos.com.br\/ava\/wp-content\/uploads\/2019\/08\/Garantia-7-Dias-3-300x252.png\" sizes=\"(max-width: 300px) 100vw, 300px\" srcset=\"https:\/\/ewsistemasecursos.com.br\/ava\/wp-content\/uploads\/2019\/08\/Garantia-7-Dias-3-300x252.png 300w, https:\/\/ewsistemasecursos.com.br\/ava\/wp-content\/uploads\/2019\/08\/Garantia-7-Dias-3-600x503.png 600w, https:\/\/ewsistemasecursos.com.br\/ava\/wp-content\/uploads\/2019\/08\/Garantia-7-Dias-3.png 640w\" alt=\"\" width=\"300\" height=\"252\" \/><\/p>\n<p>Ew Sistemas TI.<\/p>\n","protected":false},"excerpt":{"rendered":"<p class=\"has-drop-cap\">Est\u00e1 precisando de +1 Licen\u00e7a Adicional de Sistema?<\/p>\n<p>\u00c9 nosso cliente? Tem um sistema desenvolvido por n\u00f3s? Abriu uma nova loja ou precisa de um Sistema em outro lugar?<\/p>\n<p>Se para todas essas perguntas a resposta foi SIM.<\/p>\n<p>Ent\u00e3o voc\u00ea veio ao lugar certo!<\/p>\n<p>Adquira hoje mesmo +1 Licen\u00e7a Adicional de Sistema. Para isso leia a Descri\u00e7\u00e3o e boas compras!<\/p>\n","protected":false},"featured_media":53,"comment_status":"open","ping_status":"closed","template":"","meta":{"_et_pb_use_builder":"","_et_pb_old_content":"","_et_gb_content_width":"","_joinchat":[]},"product_brand":[],"product_cat":[185,18],"product_tag":[35,34],"class_list":{"0":"post-131","1":"product","2":"type-product","3":"status-publish","4":"has-post-thumbnail","6":"product_cat-ew-sistemas-ti","7":"product_cat-sistemas","8":"product_tag-licenca-adicional-software","9":"product_tag-sistema-adicional","11":"first","12":"instock","13":"virtual","14":"sold-individually","15":"purchasable","16":"product-type-simple"},"_links":{"self":[{"href":"https:\/\/ewsistemasti.com.br\/loja\/wp-json\/wp\/v2\/product\/131","targetHints":{"allow":["GET"]}}],"collection":[{"href":"https:\/\/ewsistemasti.com.br\/loja\/wp-json\/wp\/v2\/product"}],"about":[{"href":"https:\/\/ewsistemasti.com.br\/loja\/wp-json\/wp\/v2\/types\/product"}],"replies":[{"embeddable":true,"href":"https:\/\/ewsistemasti.com.br\/loja\/wp-json\/wp\/v2\/comments?post=131"}],"wp:featuredmedia":[{"embeddable":true,"href":"https:\/\/ewsistemasti.com.br\/loja\/wp-json\/wp\/v2\/media\/53"}],"wp:attachment":[{"href":"https:\/\/ewsistemasti.com.br\/loja\/wp-json\/wp\/v2\/media?parent=131"}],"wp:term":[{"taxonomy":"product_brand","embeddable":true,"href":"https:\/\/ewsistemasti.com.br\/loja\/wp-json\/wp\/v2\/product_brand?post=131"},{"taxonomy":"product_cat","embeddable":true,"href":"https:\/\/ewsistemasti.com.br\/loja\/wp-json\/wp\/v2\/product_cat?post=131"},{"taxonomy":"product_tag","embeddable":true,"href":"https:\/\/ewsistemasti.com.br\/loja\/wp-json\/wp\/v2\/product_tag?post=131"}],"curies":[{"name":"wp","href":"https:\/\/api.w.org\/{rel}","templated":true}]}}