{"id":132,"date":"2019-10-14T12:53:38","date_gmt":"2019-10-14T15:53:38","guid":{"rendered":"https:\/\/ewsistemasti.com.br\/loja\/?post_type=product&#038;p=132"},"modified":"2024-03-08T06:44:04","modified_gmt":"2024-03-08T09:44:04","slug":"videoconferencia-1-hora","status":"publish","type":"product","link":"https:\/\/ewsistemasti.com.br\/loja\/produto\/videoconferencia-1-hora\/","title":{"rendered":"Videoconfer\u00eancia 1 Hora"},"content":{"rendered":"<p><strong>Videoconfer\u00eancia 1 Hora<\/strong><\/p>\n<p>Basta escolher um dia e hor\u00e1rio e agendar. Pronto! Voc\u00ea est\u00e1 agendado e ter\u00e1 uma Consultoria e\/ou Aula via Skype ou Zoom com o Prof. Ednewton de Vasconcelos.<\/p>\n<p>Fa\u00e7a a compra da videoconfer\u00eancia 1 hora e depois clique <a href=\"http:\/\/www.ewsistemas.com.br\/agenda\/\" target=\"_blank\" rel=\"noopener noreferrer\">aqui<\/a> para agendar um hor\u00e1rio. Voc\u00ea ser\u00e1 redirecionado para nosso site de agendamento, depois \u00e9 s\u00f3 clicar no bot\u00e3o branco agendar agora!<\/p>\n<p>O que \u00e9 tratado na videoconfer\u00eancia?<\/p>\n<p>Assuntos referentes ao sistema que voc\u00ea comprou da Ew Sistemas TI e\/ou referente aos Cursos da Ew Sistemas e Cursos.<\/p>\n<p>Na videoconfer\u00eancia podemos acessar sua m\u00e1quina via acesso remoto e instalar o sistema, configurar o mesmo em ambiente de trabalho windows, ou at\u00e9 mesmo em m\u00e1quina virtual. Todo assunto referente ao sistema, desde a instala\u00e7\u00e3o, configura\u00e7\u00e3o e acesso ao mesmo. At\u00e9 mesmo algumas orienta\u00e7\u00f5es b\u00e1sicas da utiliza\u00e7\u00e3o das rotinas do sistema adquirido.<\/p>\n<p>Venha e fa\u00e7a-nos uma visita em videoconfer\u00eancia. Caso queira assistir exemplos de videoconfer\u00eancia realizadas com alunos e\/ou clientes, basta acessar a p\u00e1gina blog do site que voc\u00ea ser\u00e1 redirecionado para agendar um hor\u00e1rio.<\/p>\n<p><strong>Todos os nossos servi\u00e7os, sistemas e cursos podem ser parcelados em at\u00e9 12 vezes, aceitamos todos os cart\u00f5es de cr\u00e9dito ou \u00e0 vista no d\u00e9bito. Tamb\u00e9m aceitamos transfer\u00eancia banc\u00e1ria online, somente para quem possui conta nos bancos do Brasil e Bradesco. O parcelamento pode ser realizado para todo o site. Inclusive para os itens que estiverem em promo\u00e7\u00e3o.<\/strong><\/p>\n<p><strong><span class=\"titulo cor-secundaria\">Formas de Pagamento:<\/span><\/strong><\/p>\n<p><img fetchpriority=\"high\" fetchpriority=\"high\" decoding=\"async\" class=\"n3VNCb alignnone\" src=\"https:\/\/1.bp.blogspot.com\/-OgfYbeqVrrs\/T9YJPOvu5uI\/AAAAAAAACno\/jg-6zRGn7Zs\/s1600\/pagamento.png\" alt=\"\" width=\"366\" height=\"137\" data-noaft=\"1\" \/><\/p>\n<p><strong>Todos os pagamentos realizados na Ew Sistemas TI s\u00e3o redirecionados e processados pelo PayPal ou PagSeguro, em ambiente de autentica\u00e7\u00e3o destas empresas. O n\u00famero de cart\u00e3o n\u00e3o \u00e9 armazenado em nossos servidores. Somente \u00e9 armazenado nome e e-mail para efeito de login e os dados: Endere\u00e7o e CPF\/CNPJ para emiss\u00e3o de NF-s. Sem estes dados n\u00e3o t\u00eam como logar e emitir documenta\u00e7\u00e3o fiscal. N\u00e3o repassamos para terceiros nenhum dados de nossos alunos e\/ou clientes.<\/strong><\/p>\n<p>N\u00e3o se preocupe esta compra \u00e9\u00a0<strong>100% garantida!<\/strong><\/p>\n<p><strong><span class=\"titulo cor-secundaria\">Selos de Seguran\u00e7a<\/span><\/strong><\/p>\n<p><img decoding=\"async\" class=\"alignnone size-full wp-image-6246\" src=\"https:\/\/ewsistemasti.com.br\/loja\/wp-content\/uploads\/2024\/03\/siteseguro.jpeg\" alt=\"\" width=\"287\" height=\"176\" \/><\/p>\n<p>Se por qualquer motivo voc\u00ea n\u00e3o gostar do nosso Sistema* e quiser seu dinheiro de volta, n\u00f3s faremos o reembolso sem questionar nada e sem ressentimentos.<\/p>\n<p>Essa garantia\u00a0<strong>\u00e9 v\u00e1lida por 7 (sete) dias<\/strong>\u00a0a contar da libera\u00e7\u00e3o do pagamento pela operadora do cart\u00e3o de cr\u00e9dito.<\/p>\n<p><img decoding=\"async\" class=\"alignnone size-medium wp-image-1020 aligncenter\" src=\"https:\/\/ewsistemasecursos.com.br\/ava\/wp-content\/uploads\/2019\/08\/Garantia-7-Dias-3-300x252.png\" sizes=\"(max-width: 300px) 100vw, 300px\" srcset=\"https:\/\/ewsistemasecursos.com.br\/ava\/wp-content\/uploads\/2019\/08\/Garantia-7-Dias-3-300x252.png 300w, https:\/\/ewsistemasecursos.com.br\/ava\/wp-content\/uploads\/2019\/08\/Garantia-7-Dias-3-600x503.png 600w, https:\/\/ewsistemasecursos.com.br\/ava\/wp-content\/uploads\/2019\/08\/Garantia-7-Dias-3.png 640w\" alt=\"\" width=\"300\" height=\"252\" \/><\/p>\n<p>Aprecie sem modera\u00e7\u00e3o!<\/p>\n<p>Ew Sistemas TI.<\/p>\n","protected":false},"excerpt":{"rendered":"<p>Disponibilizamos nossa agenda para Consultoria\/Aula para usu\u00e1rios dos nossos Sistemas e\/ou alunos. Basta agendar hor\u00e1rios disponibilizados e aguardar contato para a Consultoria\/Aula acontecer. Para agendar hor\u00e1rios basta clicar na aba inferior azul: Entrar em contato via sistema para agendamento.<\/p>\n","protected":false},"featured_media":135,"comment_status":"open","ping_status":"closed","template":"","meta":{"_et_pb_use_builder":"","_et_pb_old_content":"","_et_gb_content_width":"","_joinchat":[]},"product_brand":[],"product_cat":[26],"product_tag":[],"class_list":{"0":"post-132","1":"product","2":"type-product","3":"status-publish","4":"has-post-thumbnail","6":"product_cat-servicos","8":"first","9":"instock","10":"virtual","11":"purchasable","12":"product-type-simple"},"_links":{"self":[{"href":"https:\/\/ewsistemasti.com.br\/loja\/wp-json\/wp\/v2\/product\/132","targetHints":{"allow":["GET"]}}],"collection":[{"href":"https:\/\/ewsistemasti.com.br\/loja\/wp-json\/wp\/v2\/product"}],"about":[{"href":"https:\/\/ewsistemasti.com.br\/loja\/wp-json\/wp\/v2\/types\/product"}],"replies":[{"embeddable":true,"href":"https:\/\/ewsistemasti.com.br\/loja\/wp-json\/wp\/v2\/comments?post=132"}],"wp:featuredmedia":[{"embeddable":true,"href":"https:\/\/ewsistemasti.com.br\/loja\/wp-json\/wp\/v2\/media\/135"}],"wp:attachment":[{"href":"https:\/\/ewsistemasti.com.br\/loja\/wp-json\/wp\/v2\/media?parent=132"}],"wp:term":[{"taxonomy":"product_brand","embeddable":true,"href":"https:\/\/ewsistemasti.com.br\/loja\/wp-json\/wp\/v2\/product_brand?post=132"},{"taxonomy":"product_cat","embeddable":true,"href":"https:\/\/ewsistemasti.com.br\/loja\/wp-json\/wp\/v2\/product_cat?post=132"},{"taxonomy":"product_tag","embeddable":true,"href":"https:\/\/ewsistemasti.com.br\/loja\/wp-json\/wp\/v2\/product_tag?post=132"}],"curies":[{"name":"wp","href":"https:\/\/api.w.org\/{rel}","templated":true}]}}