{"id":142,"date":"2019-10-14T15:49:55","date_gmt":"2019-10-14T18:49:55","guid":{"rendered":"https:\/\/ewsistemasti.com.br\/loja\/?post_type=product&#038;p=142"},"modified":"2024-03-08T06:25:16","modified_gmt":"2024-03-08T09:25:16","slug":"sistema-de-oficina-mecanica-de-veiculo-v1-0","status":"publish","type":"product","link":"https:\/\/ewsistemasti.com.br\/loja\/produto\/sistema-de-oficina-mecanica-de-veiculo-v1-0\/","title":{"rendered":"Sistema de Oficina Mec\u00e2nica de Ve\u00edculo v1.0"},"content":{"rendered":"<p><strong>Sistema de Oficina Mec\u00e2nica de Ve\u00edculo v1.0<\/strong><\/p>\n<p><strong>PRINCIPAIS FUNCIONALIDADES:<\/strong><\/p>\n<ul>\n<li>Entrada e sa\u00edda de Produtos (pe\u00e7as, filtros, partes etc);<\/li>\n<li>Controle de Estoque;<\/li>\n<li>Estoque com identifica\u00e7\u00e3o da pe\u00e7a no dep\u00f3sito;<\/li>\n<li>Gest\u00e3o da Movimenta\u00e7\u00e3o Financeira;<\/li>\n<li>Ordem de Servi\u00e7o;<\/li>\n<li>Or\u00e7amento;<\/li>\n<li>Vendas;<\/li>\n<li>Contas a pagar;<\/li>\n<li>Contas a receber;<\/li>\n<li>Cadastro de Clientes;<\/li>\n<li>Cadastro de Fornecedores;<\/li>\n<li>Cadastro de Cheques de Recebimentos e Pagamentos;<\/li>\n<li>Sistema com senha em tr\u00eas n\u00edveis;<\/li>\n<li>F\u00e1cil utiliza\u00e7\u00e3o com interface amig\u00e1vel;<\/li>\n<li>Atualiza\u00e7\u00e3o via internet (<em>liveUpdate<\/em>);<\/li>\n<li>Muito mais\u2026<\/li>\n<li>Assista acima o v\u00eddeo de demonstra\u00e7\u00e3o do SIOF v1.0;<\/li>\n<li>Compre agora o SIOF v1.0 e aproveite assista \u00e0 outros v\u00eddeos referente ao pacote de Instala\u00e7\u00e3o, o processo de Instala\u00e7\u00e3o e Atualiza\u00e7\u00e3o.<\/li>\n<li>\u00a0O Cliente pode comprar o SIOF v1.0, e at\u00e9 7 (sete) dias a partir da confirma\u00e7\u00e3o do pagamento, pedir o reembolso caso n\u00e3o queira continuar utilizando o SIOF v1.0. O risco \u00e9 todo nosso, nos comprometemos a devolver o valor pago no ato da compra;<\/li>\n<\/ul>\n<p><strong>O SISTEMA CONTEMPLA:<\/strong><\/p>\n<ul>\n<li>Instalador do sistema liberado via\u00a0<em>download<\/em>;<\/li>\n<li>Manual do usu\u00e1rio no formato pdf;<\/li>\n<li>Manual de Instala\u00e7\u00e3o e Atualiza\u00e7\u00e3o no formato pdf;<\/li>\n<li>V\u00eddeo demostrativo de instala\u00e7\u00e3o disponibilizado aqui na plataforma logo acima;<\/li>\n<li>Uso personaliz\u00e1vel da logo marca de sua empresa;<\/li>\n<li>Relat\u00f3rios em tela e via impressora;<\/li>\n<li>Backup dentro do sistema;<\/li>\n<li>Tr\u00eas n\u00edveis de senha;<\/li>\n<li>Opera\u00e7\u00e3o;<\/li>\n<li>Manuten\u00e7\u00e3o;<\/li>\n<li>Ger\u00eancia.<\/li>\n<\/ul>\n<p><strong>FUNCIONAMENTO:<\/strong><\/p>\n<p>Os sistemas rodam em Windows xp, 7, 8, 8.1 e 10.<\/p>\n<p><strong>SUPORTE:<\/strong><\/p>\n<p>Temos\u00a0<a href=\"https:\/\/ewsistemasti.com.br\/wpress\/manutencao-e-ou-alteracao\/\">suporte<\/a>\u00a0nas modalidades\u00a0<a href=\"https:\/\/ewsistemasecursos.com.br\/prof.ednewton\/produto\/manutencao-mensal\/\">mensal<\/a>,<a href=\"https:\/\/ewsistemasti.com.br\/loja\/produto\/suporte-trimestral\/\">\u00a0trimestral<\/a>,\u00a0<a href=\"https:\/\/ewsistemasti.com.br\/loja\/produto\/suporte-semestral\/\">semestral<\/a>\u00a0e\u00a0<a href=\"https:\/\/ewsistemasti.com.br\/loja\/produto\/suporte-anual\/\">anual<\/a>\u00a0com direito \u00e0 atualiza\u00e7\u00f5es + suporte via e-mail.<\/p>\n<p>Comercializamos sistemas totalmente novos, ou seja, desenvolvido a partir das suas necessidades.<\/p>\n<p><strong>INFORMA\u00c7\u00d5ES ADICIONAIS:<\/strong><\/p>\n<p>Voc\u00ea est\u00e1 adquirindo um Sistema seguro, pois o mesmo \u00e9 protegido contra c\u00f3pia, se algu\u00e9m copiar n\u00e3o ir\u00e1 funcionar em outro computador, mesmo que seja com o instalador. O cliente dever\u00e1 proceder com um cadastro de registro e ap\u00f3s 7 (sete) dias da confirma\u00e7\u00e3o do pagamento, uma nova c\u00f3pia ser\u00e1 registrada para este usu\u00e1rio e n\u00e3o poder\u00e1 ser alterada. Fique tranquilo, voc\u00ea ser\u00e1 avisado e receber\u00e1 esta atualiza\u00e7\u00e3o com um novo serial em seu nome\/empresa.<\/p>\n<p>Testar e avaliar o sistema por sete dias, quando se sentir confort\u00e1vel decida por continuar a utilizar o Sistema.<\/p>\n<p>Pr\u00f3ximo procedimento \u00e9 a libera\u00e7\u00e3o ap\u00f3s o pagamento do sistema e documenta\u00e7\u00e3o. A libera\u00e7\u00e3o ocorrer\u00e1 aqui na pr\u00f3pria plataforma de vendas. O cliente encontrar\u00e1 o Sistema e documenta\u00e7\u00e3o ap\u00f3s liberar o pagamento pela operadora de seu cart\u00e3o, tudo ser\u00e1 entregue nesta Loja Virtual no Menu\/Minha Conta\/Download de forma autom\u00e1tica. Voc\u00ea tamb\u00e9m receber\u00e1 um e-mail contendo os links para baixar o Sistema e a documenta\u00e7\u00e3o.<\/p>\n<p>Caso voc\u00ea fa\u00e7a a op\u00e7\u00e3o por n\u00e3o continuar com o sistema, ap\u00f3s o prazo de 7 (sete) dias e pedir o reembolso, ainda neste prazo estipulado pelos \u00d3rg\u00e3os de Defesa do Consumidor que \u00e9 de 7 (sete) dias. Pedimos que proceda com a desinstala\u00e7\u00e3o do sistema, pois o mesmo vai parar seu funcionamento de forma autom\u00e1tica, mas antes ser\u00e1 dado diversos avisos.<\/p>\n<p>N\u00f3s vamos respeitar sua decis\u00e3o caso desista e pe\u00e7a o reembolso, o risco \u00e9 todo nosso. Fique tranquilo para comprar e testar, como dito, voc\u00ea ter\u00e1 7 (sete) dias. Temos a certeza que o Sistema atender\u00e1 suas expectativas e necessidades.<\/p>\n<p><strong>Todos os nossos servi\u00e7os, sistemas e cursos podem ser parcelados em at\u00e9 12 vezes, aceitamos todos os cart\u00f5es de cr\u00e9dito ou \u00e0 vista no d\u00e9bito. Tamb\u00e9m aceitamos transfer\u00eancia banc\u00e1ria online, somente para quem possui conta nos bancos do Brasil e Bradesco. O parcelamento pode ser realizado para todo o site. Inclusive para os itens que estiverem em promo\u00e7\u00e3o.<\/strong><\/p>\n<p><strong><span class=\"titulo cor-secundaria\">Formas de Pagamento:<\/span><\/strong><\/p>\n<p><img fetchpriority=\"high\" fetchpriority=\"high\" decoding=\"async\" class=\"n3VNCb alignnone\" src=\"https:\/\/1.bp.blogspot.com\/-OgfYbeqVrrs\/T9YJPOvu5uI\/AAAAAAAACno\/jg-6zRGn7Zs\/s1600\/pagamento.png\" alt=\"\" width=\"366\" height=\"137\" data-noaft=\"1\" \/><\/p>\n<p><strong>Todos os pagamentos realizados na Ew Sistemas TI s\u00e3o redirecionados e processados pelo PayPal ou PagSeguro, em ambiente de autentica\u00e7\u00e3o destas empresas. O n\u00famero de cart\u00e3o n\u00e3o \u00e9 armazenado em nossos servidores. Somente \u00e9 armazenado nome e e-mail para efeito de login e os dados: Endere\u00e7o e CPF\/CNPJ para emiss\u00e3o de NF-s. Sem estes dados n\u00e3o t\u00eam como logar e emitir documenta\u00e7\u00e3o fiscal. N\u00e3o repassamos para terceiros nenhum dados de nossos alunos e\/ou clientes.<\/strong><\/p>\n<p>N\u00e3o se preocupe esta compra \u00e9\u00a0<strong>100% garantida!<\/strong><\/p>\n<p><strong><span class=\"titulo cor-secundaria\">Selos de Seguran\u00e7a<\/span><\/strong><\/p>\n<p><img decoding=\"async\" class=\"alignnone size-full wp-image-6246\" src=\"https:\/\/ewsistemasti.com.br\/loja\/wp-content\/uploads\/2024\/03\/siteseguro.jpeg\" alt=\"\" width=\"287\" height=\"176\" \/><\/p>\n<p>Se por qualquer motivo voc\u00ea n\u00e3o gostar do nosso Sistema* e quiser seu dinheiro de volta, n\u00f3s faremos o reembolso sem questionar nada e sem ressentimentos.<\/p>\n<p>Essa garantia\u00a0<strong>\u00e9 v\u00e1lida por 7 (sete) dias<\/strong>\u00a0a contar da libera\u00e7\u00e3o do pagamento pela operadora do cart\u00e3o de cr\u00e9dito.<\/p>\n<p><img decoding=\"async\" class=\"alignnone size-medium wp-image-1020 aligncenter\" src=\"https:\/\/ewsistemasecursos.com.br\/ava\/wp-content\/uploads\/2019\/08\/Garantia-7-Dias-3-300x252.png\" sizes=\"(max-width: 300px) 100vw, 300px\" srcset=\"https:\/\/ewsistemasecursos.com.br\/ava\/wp-content\/uploads\/2019\/08\/Garantia-7-Dias-3-300x252.png 300w, https:\/\/ewsistemasecursos.com.br\/ava\/wp-content\/uploads\/2019\/08\/Garantia-7-Dias-3-600x503.png 600w, https:\/\/ewsistemasecursos.com.br\/ava\/wp-content\/uploads\/2019\/08\/Garantia-7-Dias-3.png 640w\" alt=\"\" width=\"300\" height=\"252\" \/><\/p>\n<p>Ew Sistemas TI.<\/p>\n","protected":false},"excerpt":{"rendered":"<p>Apresentamos o Sistema de Oficina Mec\u00e2nica, batizado de Sistema de Oficina Mec\u00e2nica de Ve\u00edculo v1.0.<\/p>\n<p>Voc\u00ea que \u00e9 um empres\u00e1rio no ramo de carros e tem uma Auto e\/ou oficina mec\u00e2nica este sistema \u00e9 para voc\u00ea.<\/p>\n<p>Agora temos um sistema para a gest\u00e3o do neg\u00f3cio.<\/p>\n<p>Assista aos v\u00eddeos na descri\u00e7\u00e3o do produto para melhor entendimento referente \u00e0 instala\u00e7\u00e3o e Atualiza\u00e7\u00e3o.<\/p>\n","protected":false},"featured_media":63,"comment_status":"open","ping_status":"closed","template":"","meta":{"_et_pb_use_builder":"","_et_pb_old_content":"","_et_gb_content_width":"","_joinchat":[]},"product_brand":[],"product_cat":[185,18],"product_tag":[53,52,51,54],"class_list":{"0":"post-142","1":"product","2":"type-product","3":"status-publish","4":"has-post-thumbnail","6":"product_cat-ew-sistemas-ti","7":"product_cat-sistemas","8":"product_tag-programa-de-mecanica","9":"product_tag-sistema-de-auto-centro-carros","10":"product_tag-sistema-de-oficina-mecanica","11":"product_tag-software-de-oficina-e-auto","13":"first","14":"instock","15":"sale","16":"downloadable","17":"virtual","18":"sold-individually","19":"purchasable","20":"product-type-simple"},"_links":{"self":[{"href":"https:\/\/ewsistemasti.com.br\/loja\/wp-json\/wp\/v2\/product\/142","targetHints":{"allow":["GET"]}}],"collection":[{"href":"https:\/\/ewsistemasti.com.br\/loja\/wp-json\/wp\/v2\/product"}],"about":[{"href":"https:\/\/ewsistemasti.com.br\/loja\/wp-json\/wp\/v2\/types\/product"}],"replies":[{"embeddable":true,"href":"https:\/\/ewsistemasti.com.br\/loja\/wp-json\/wp\/v2\/comments?post=142"}],"wp:featuredmedia":[{"embeddable":true,"href":"https:\/\/ewsistemasti.com.br\/loja\/wp-json\/wp\/v2\/media\/63"}],"wp:attachment":[{"href":"https:\/\/ewsistemasti.com.br\/loja\/wp-json\/wp\/v2\/media?parent=142"}],"wp:term":[{"taxonomy":"product_brand","embeddable":true,"href":"https:\/\/ewsistemasti.com.br\/loja\/wp-json\/wp\/v2\/product_brand?post=142"},{"taxonomy":"product_cat","embeddable":true,"href":"https:\/\/ewsistemasti.com.br\/loja\/wp-json\/wp\/v2\/product_cat?post=142"},{"taxonomy":"product_tag","embeddable":true,"href":"https:\/\/ewsistemasti.com.br\/loja\/wp-json\/wp\/v2\/product_tag?post=142"}],"curies":[{"name":"wp","href":"https:\/\/api.w.org\/{rel}","templated":true}]}}