{"id":148,"date":"2019-10-14T17:55:45","date_gmt":"2019-10-14T20:55:45","guid":{"rendered":"https:\/\/ewsistemasti.com.br\/loja\/?post_type=product&#038;p=148"},"modified":"2024-03-07T18:12:16","modified_gmt":"2024-03-07T21:12:16","slug":"sistema-de-ordem-de-servico-v1-0","status":"publish","type":"product","link":"https:\/\/ewsistemasti.com.br\/loja\/produto\/sistema-de-ordem-de-servico-v1-0\/","title":{"rendered":"Sistema de Ordem de Servi\u00e7o v1.0"},"content":{"rendered":"<p><strong>Sistema de Ordem de Servi\u00e7o v1.0<\/strong><\/p>\n<p>Primeiro: gostar\u00edamos de agradecer sua visita.<\/p>\n<p>Segundo: assista alguns v\u00eddeos disponibilizados para melhor entendimento e demonstra\u00e7\u00e3o do Sistema.<\/p>\n<p>Observa\u00e7\u00e3o: Os v\u00eddeos tratam-se de outros Sistemas, mas os Sistemas s\u00e3o gen\u00e9ricos no conte\u00fado de entrega (pacote), no procedimento de instala\u00e7\u00e3o e atualiza\u00e7\u00e3o. Ou seja, todos tem o mesmo procedimento, contudo, cada sistema tem a sua documenta\u00e7\u00e3o distinta e instaladores diferenciados. Neste sentido, o Sistema SYSOS v1.0 ter\u00e1 a sua documenta\u00e7\u00e3o, instalador e atualiza\u00e7\u00e3o espec\u00edficos.<\/p>\n<p>Links abaixo:<\/p>\n<ol>\n<li><a href=\"https:\/\/youtu.be\/tYpROFPf-_I\" target=\"_blank\" rel=\"noreferrer noopener\">Acompanha a Instala\u00e7\u00e3o<\/a>\u00a0(Todos Sistemas);<\/li>\n<li><a href=\"https:\/\/youtu.be\/uguggcPpHRU\" target=\"_blank\" rel=\"noreferrer noopener\">Instala\u00e7\u00e3o do Sistema<\/a>\u00a0(Todos Sistemas);<\/li>\n<li><a href=\"https:\/\/youtu.be\/PeWKfyw7a5w\" target=\"_blank\" rel=\"noreferrer noopener\">Atualiza\u00e7\u00e3o do Sistema<\/a>\u00a0(Todos Sistemas);<\/li>\n<li><a href=\"https:\/\/youtu.be\/v1Vrwpf926Q\" target=\"_blank\" rel=\"noreferrer noopener\">Instala\u00e7\u00e3o do Sistema no Windows<\/a>\u00a010 (Todos Sistemas);<\/li>\n<li><a href=\"https:\/\/youtu.be\/tGEXeO-mgwM\" target=\"_blank\" rel=\"noopener noreferrer\">Demonstra\u00e7\u00e3o do Sistema de Ordem de Servi\u00e7o<\/a>.<\/li>\n<\/ol>\n<p>Agora que voc\u00ea j\u00e1 assistiu aos v\u00eddeos vamos pontuar alguns detalhes importantes antes de voc\u00ea adquirir o Sistema de Ordem de Servi\u00e7o v1.0.<\/p>\n<p><strong>SOBRE O SISTEMA DE ORDEM DE SERVI\u00c7O v1.0.<\/strong><\/p>\n<p><strong>VANTAGENS:<\/strong><\/p>\n<p>E O SYSOS v1.0 tamb\u00e9m permite voc\u00ea receber n produtos e controlar a entrada e sa\u00edda destes produtos. Tamb\u00e9m controla seus pagamentos em faturas a pagar, estes controles s\u00e3o por ordem de lan\u00e7amentos e por vencimentos. Neste sentido, voc\u00ea pode revender estes produtos para novos clientes(sem controle de revenda) e vendedores(as). Contempla o controle separado por emiss\u00e3o de faturas e por recebimentos de faturas.<\/p>\n<p>VENDAS CONSIGNADAS:<\/p>\n<p>Pensando nisso o SYSOS v1.0 trabalha com venda consignada, ou seja, voc\u00ea pode revender para seu vendedor(a) e depois prestar conta recebendo os produtos que n\u00e3o foram vendidos. O SYSOS v1.0 permite reentrar com estes produtos em seu estoque.<\/p>\n<p><strong>O SISTEMA CONTEMPLA:<\/strong><\/p>\n<ul>\n<li>Instalador do sistema (liberado via\u00a0<em>download)<\/em>;<\/li>\n<li>Manual do usu\u00e1rio no formato pdf (liberado via\u00a0<em>download);<\/em><\/li>\n<li>Manual de Instala\u00e7\u00e3o e Atualiza\u00e7\u00e3o (liberado via\u00a0<em>download)<\/em>;<\/li>\n<li>Link do Formul\u00e1rio de Registro do Sistema\u00a0(liberado via\u00a0<em>download)<\/em>;<\/li>\n<li>V\u00eddeo demonstrativo de instala\u00e7\u00e3o disponibilizado aqui na plataforma;<\/li>\n<li>Uso personaliz\u00e1vel da logo marca de sua empresa;<\/li>\n<li>Relat\u00f3rios em tela e via impressora;<\/li>\n<li>Backup dentro do sistema;<\/li>\n<li>Tr\u00eas n\u00edveis de senha;\n<ul>\n<li>Opera\u00e7\u00e3o;<\/li>\n<li>Manuten\u00e7\u00e3o;<\/li>\n<li>Ger\u00eancia.<\/li>\n<\/ul>\n<\/li>\n<\/ul>\n<p><strong>PRINCIPAIS FUN\u00c7\u00d5ES:<\/strong><\/p>\n<ul>\n<li>Controle de Ordem de Servi\u00e7o com Inclus\u00e3o de Produtos, M\u00e3o de Obra e etc;<\/li>\n<li>Controle de Estoque;<\/li>\n<li>Ordem de Servi\u00e7o com controle de Status definido pelo usu\u00e1rio;<\/li>\n<li>Gest\u00e3o do Financeiro com Contas a Pagar e Receber;<\/li>\n<li>Or\u00e7amento;<\/li>\n<li>Vendas;<\/li>\n<li>Contas a pagar;<\/li>\n<li>Contas a receber;<\/li>\n<li>Cadastro de Clientes;<\/li>\n<li>Cadastro de Fornecedores;<\/li>\n<li>Cadastro da Sua Empresa;<\/li>\n<li>Sistema com senha em tr\u00eas n\u00edveis;<\/li>\n<li>F\u00e1cil utiliza\u00e7\u00e3o com interface amig\u00e1vel;<\/li>\n<li>Sistema de Ordem de Servi\u00e7o v1.0\n<ul>\n<li>Atualiza\u00e7\u00e3o via internet (<em>liveUpdate<\/em>);<\/li>\n<li>Muito mais\u2026<\/li>\n<\/ul>\n<\/li>\n<\/ul>\n<p><strong>FUNCIONAMENTO:<\/strong><\/p>\n<p>Os sistemas rodam em Windows xp, 7, 8 e 10.<\/p>\n<p><strong>LICEN\u00c7A:<\/strong><\/p>\n<p>Voc\u00ea est\u00e1 adquirindo 01 (uma) licen\u00e7a de uso do SYSOS v1.0. Essa licen\u00e7a \u00e9 de uso perp\u00e9tuo. Contudo, se quiser receber suporte e atualiza\u00e7\u00f5es, basta adquirir al\u00e9m do Sistema o suporte adicional, leia a seguir o pr\u00f3ximo t\u00f3pico e veja as modalidades existentes de suporte.<\/p>\n<p><strong>SUPORTE:<\/strong><\/p>\n<p>Temos\u00a0<a href=\"https:\/\/ewsistemasti.com.br\/wpress\/manutencao-e-ou-alteracao\/\">suporte<\/a>\u00a0nas modalidades\u00a0<a href=\"https:\/\/ewsistemasecursos.com.br\/prof.ednewton\/produto\/manutencao-mensal\/\">mensal<\/a>,<a href=\"https:\/\/ewsistemasti.com.br\/loja\/produto\/suporte-trimestral\/\">\u00a0trimestral<\/a>,\u00a0<a href=\"https:\/\/ewsistemasti.com.br\/loja\/produto\/suporte-semestral\/\">semestral<\/a>\u00a0e\u00a0<a href=\"https:\/\/ewsistemasti.com.br\/loja\/produto\/suporte-anual\/\">anual<\/a>\u00a0com direito \u00e0 atualiza\u00e7\u00f5es + suporte via e-mail.<\/p>\n<p><strong>FUNCIONAMENTO:<\/strong><\/p>\n<p>Sistema Desktop para ambiente Windows XP, 7, 8, 8.1 e 10.<\/p>\n<p><strong>Todos os nossos servi\u00e7os, sistemas e cursos podem ser parcelados em at\u00e9 12 vezes, aceitamos todos os cart\u00f5es de cr\u00e9dito ou \u00e0 vista no d\u00e9bito. Tamb\u00e9m aceitamos transfer\u00eancia banc\u00e1ria online, somente para quem possui conta nos bancos do Brasil e Bradesco. O parcelamento pode ser realizado para todo o site. Inclusive para os itens que estiverem em promo\u00e7\u00e3o.<\/strong><\/p>\n<p><strong><span class=\"titulo cor-secundaria\">Formas de Pagamento:<\/span><\/strong><\/p>\n<p><img fetchpriority=\"high\" fetchpriority=\"high\" decoding=\"async\" class=\"n3VNCb alignnone\" src=\"https:\/\/1.bp.blogspot.com\/-OgfYbeqVrrs\/T9YJPOvu5uI\/AAAAAAAACno\/jg-6zRGn7Zs\/s1600\/pagamento.png\" alt=\"\" width=\"366\" height=\"137\" data-noaft=\"1\" \/><\/p>\n<p><strong>Todos os pagamentos realizados na Ew Sistemas TI s\u00e3o redirecionados e processados pelo PayPal ou PagSeguro, em ambiente de autentica\u00e7\u00e3o destas empresas. O n\u00famero de cart\u00e3o n\u00e3o \u00e9 armazenado em nossos servidores. Somente \u00e9 armazenado nome e e-mail para efeito de login e os dados: Endere\u00e7o e CPF\/CNPJ para emiss\u00e3o de NF-s. Sem estes dados n\u00e3o t\u00eam como logar e emitir documenta\u00e7\u00e3o fiscal. N\u00e3o repassamos para terceiros nenhum dados de nossos alunos e\/ou clientes.<\/strong><\/p>\n<p>N\u00e3o se preocupe esta compra \u00e9\u00a0<strong>100% garantida!<\/strong><\/p>\n<p><strong><span class=\"titulo cor-secundaria\">Selos de Seguran\u00e7a<\/span><\/strong><\/p>\n<p><img decoding=\"async\" class=\"alignnone size-full wp-image-6246\" src=\"https:\/\/ewsistemasti.com.br\/loja\/wp-content\/uploads\/2024\/03\/siteseguro.jpeg\" alt=\"\" width=\"287\" height=\"176\" \/><\/p>\n<p>Se por qualquer motivo voc\u00ea n\u00e3o gostar do nosso Sistema* e quiser seu dinheiro de volta, n\u00f3s faremos o reembolso sem questionar nada e sem ressentimentos.<\/p>\n<p>Essa garantia\u00a0<strong>\u00e9 v\u00e1lida por 7 (sete) dias<\/strong>\u00a0a contar da libera\u00e7\u00e3o do pagamento pela operadora do cart\u00e3o de cr\u00e9dito.<\/p>\n<p><img decoding=\"async\" class=\"alignnone size-medium wp-image-1020 aligncenter\" src=\"https:\/\/ewsistemasecursos.com.br\/ava\/wp-content\/uploads\/2019\/08\/Garantia-7-Dias-3-300x252.png\" sizes=\"(max-width: 300px) 100vw, 300px\" srcset=\"https:\/\/ewsistemasecursos.com.br\/ava\/wp-content\/uploads\/2019\/08\/Garantia-7-Dias-3-300x252.png 300w, https:\/\/ewsistemasecursos.com.br\/ava\/wp-content\/uploads\/2019\/08\/Garantia-7-Dias-3-600x503.png 600w, https:\/\/ewsistemasecursos.com.br\/ava\/wp-content\/uploads\/2019\/08\/Garantia-7-Dias-3.png 640w\" alt=\"\" width=\"300\" height=\"252\" \/><\/p>\n<p>Ew Sistemas TI.<\/p>\n","protected":false},"excerpt":{"rendered":"<p>Primeiro para voc\u00ea que trabalha com uma loja, \u00e9 logista etc. Mas al\u00e9m disso temos a certeza que este Sistema \u00e9 para voc\u00ea. Porque voc\u00ea vai controlar sua gest\u00e3o de venda, ordem de servi\u00e7o, controle de estoque, vendas e or\u00e7amento, agora chegou o SYSOS v1.0.<\/p>\n<p>Por que O Sistema SYSOS v1.0 \u00e9 para voc\u00ea? Porque o sistema permite controlar diversas ordens de servi\u00e7os. Voc\u00ea ter\u00e1 a gest\u00e3o de seu neg\u00f3cio por meio de um sistema instalado em seu computador. Os relat\u00f3rios d\u00e3o n\u00edtido controle de todas as ordens de servi\u00e7os, com controle de venda, controle de estoque, pagamentos e recebimentos etc.<\/p>\n<p>Maiores detalhes na descri\u00e7\u00e3o do produtos abaixo:<\/p>\n","protected":false},"featured_media":163,"comment_status":"open","ping_status":"closed","template":"","meta":{"_et_pb_use_builder":"","_et_pb_old_content":"","_et_gb_content_width":"","_joinchat":[]},"product_brand":[],"product_cat":[185,18],"product_tag":[87,84,86,85],"class_list":{"0":"post-148","1":"product","2":"type-product","3":"status-publish","4":"has-post-thumbnail","6":"product_cat-ew-sistemas-ti","7":"product_cat-sistemas","8":"product_tag-programa-de-os","9":"product_tag-sistema-de-ordem-de-servico","10":"product_tag-sistema-de-os","11":"product_tag-sistema-e-controle-de-ordem-de-servico","13":"first","14":"instock","15":"sale","16":"downloadable","17":"virtual","18":"sold-individually","19":"purchasable","20":"product-type-simple"},"_links":{"self":[{"href":"https:\/\/ewsistemasti.com.br\/loja\/wp-json\/wp\/v2\/product\/148","targetHints":{"allow":["GET"]}}],"collection":[{"href":"https:\/\/ewsistemasti.com.br\/loja\/wp-json\/wp\/v2\/product"}],"about":[{"href":"https:\/\/ewsistemasti.com.br\/loja\/wp-json\/wp\/v2\/types\/product"}],"replies":[{"embeddable":true,"href":"https:\/\/ewsistemasti.com.br\/loja\/wp-json\/wp\/v2\/comments?post=148"}],"wp:featuredmedia":[{"embeddable":true,"href":"https:\/\/ewsistemasti.com.br\/loja\/wp-json\/wp\/v2\/media\/163"}],"wp:attachment":[{"href":"https:\/\/ewsistemasti.com.br\/loja\/wp-json\/wp\/v2\/media?parent=148"}],"wp:term":[{"taxonomy":"product_brand","embeddable":true,"href":"https:\/\/ewsistemasti.com.br\/loja\/wp-json\/wp\/v2\/product_brand?post=148"},{"taxonomy":"product_cat","embeddable":true,"href":"https:\/\/ewsistemasti.com.br\/loja\/wp-json\/wp\/v2\/product_cat?post=148"},{"taxonomy":"product_tag","embeddable":true,"href":"https:\/\/ewsistemasti.com.br\/loja\/wp-json\/wp\/v2\/product_tag?post=148"}],"curies":[{"name":"wp","href":"https:\/\/api.w.org\/{rel}","templated":true}]}}