{"id":154,"date":"2019-10-14T16:56:07","date_gmt":"2019-10-14T19:56:07","guid":{"rendered":"https:\/\/ewsistemasti.com.br\/loja\/?post_type=product&#038;p=154"},"modified":"2024-03-07T18:37:59","modified_gmt":"2024-03-07T21:37:59","slug":"sistema-de-clinica-de-mastologia-v1-0","status":"publish","type":"product","link":"https:\/\/ewsistemasti.com.br\/loja\/produto\/sistema-de-clinica-de-mastologia-v1-0\/","title":{"rendered":"Sistema de Cl\u00ednica de Mastologia v1.0"},"content":{"rendered":"<p><strong>SISTEMA DE CL\u00cdNICA DE MASTOLOGIA &#8211; SIC v1.0<\/strong><\/p>\n<p>Primeiro: gostar\u00edamos de agradecer sua visita.<\/p>\n<p>Segundo: assista alguns v\u00eddeos disponibilizados para melhor entendimento e demonstra\u00e7\u00e3o do Sistema.<\/p>\n<p>Observa\u00e7\u00e3o: Os v\u00eddeos tratam-se de outros Sistemas, mas os Sistemas s\u00e3o gen\u00e9ricos no conte\u00fado de entrega (pacote), no procedimento de instala\u00e7\u00e3o e atualiza\u00e7\u00e3o. Ou seja, todos tem o mesmo procedimento, contudo, cada sistema tem a sua documenta\u00e7\u00e3o distinta e instaladores diferenciados. Neste sentido, o Sistema SIC v1.0 ter\u00e1 a sua documenta\u00e7\u00e3o, instalador e atualiza\u00e7\u00e3o espec\u00edficos.<\/p>\n<p>Links abaixo:<\/p>\n<ol>\n<li><a href=\"https:\/\/youtu.be\/tYpROFPf-_I\" target=\"_blank\" rel=\"noreferrer noopener\">Acompanha a Instala\u00e7\u00e3o<\/a>\u00a0(Todos Sistemas);<\/li>\n<li><a href=\"https:\/\/youtu.be\/uguggcPpHRU\" target=\"_blank\" rel=\"noreferrer noopener\">Instala\u00e7\u00e3o do Sistema<\/a>\u00a0(Todos Sistemas);<\/li>\n<li><a href=\"https:\/\/youtu.be\/PeWKfyw7a5w\" target=\"_blank\" rel=\"noreferrer noopener\">Atualiza\u00e7\u00e3o do Sistema<\/a>\u00a0(Todos Sistemas);<\/li>\n<li><a href=\"https:\/\/youtu.be\/v1Vrwpf926Q\" target=\"_blank\" rel=\"noreferrer noopener\">Instala\u00e7\u00e3o do Sistema no Windows<\/a> 10 (Todos Sistemas).<\/li>\n<\/ol>\n<p>Agora que voc\u00ea j\u00e1 assistiu aos v\u00eddeos vamos pontuar alguns detalhes importantes antes de voc\u00ea adquirir o Sistema de Cl\u00ednica de Mastologia v1.0.<\/p>\n<p><strong>SOBRE O SISTEMA DE CL\u00cdNICA DE MASTOLOGIA &#8211; SIC v1.0<\/strong><\/p>\n<p><strong>O SISTEMA CONTEMPLA:<\/strong><\/p>\n<ul>\n<li>Instalador do sistema;<\/li>\n<li>Manual do usu\u00e1rio no formato pdf;<\/li>\n<li>V\u00eddeo demostrativo de instala\u00e7\u00e3o disponibilizado aqui na plataforma;<\/li>\n<li>Uso personaliz\u00e1vel da logo marca de sua empresa;<\/li>\n<li>Relat\u00f3rios em tela e via impressora;<\/li>\n<li>Backup dentro do sistema;<\/li>\n<li>Tr\u00eas n\u00edveis de senha;\n<ul>\n<li>Opera\u00e7\u00e3o;<\/li>\n<li>Manuten\u00e7\u00e3o;<\/li>\n<li>Ger\u00eancia.<\/li>\n<\/ul>\n<\/li>\n<\/ul>\n<p><strong>PRINCIPAIS FUN\u00c7\u00d5ES:<\/strong><\/p>\n<ul>\n<li>Controle de pacientes por m\u00e9dicos;<\/li>\n<li>Prontu\u00e1rio;<\/li>\n<li>Controle de retorno;<\/li>\n<li>Agenda para cirurgias e\/ou consultas;<\/li>\n<li>Cadastro de funcion\u00e1rios;<\/li>\n<li>Contas a pagar;<\/li>\n<li>Contas a receber;<\/li>\n<li>F\u00e1cil utiliza\u00e7\u00e3o com interface amig\u00e1vel;<\/li>\n<li>Atualiza\u00e7\u00e3o via internet (<em>liveUpdate<\/em>);<\/li>\n<li>Muito mais\u2026<\/li>\n<\/ul>\n<p><strong>FUNCIONAMENTO:<\/strong><\/p>\n<p>Os sistemas rodam em Windows xp, 7, 8 e 10.<\/p>\n<p><strong>LICEN\u00c7A:<\/strong><\/p>\n<p>Voc\u00ea est\u00e1 adquirindo 01 (uma) licen\u00e7a de uso do SIC v1.0. Essa licen\u00e7a \u00e9 de uso perp\u00e9tuo. Contudo, se quiser receber suporte e atualiza\u00e7\u00f5es, basta adquirir al\u00e9m do Sistema o suporte adicional, leia a seguir o pr\u00f3ximo t\u00f3pico e veja as modalidades existentes de suporte.<\/p>\n<p><strong>SUPORTE:<\/strong><\/p>\n<p>Temos\u00a0<a href=\"https:\/\/ewsistemasti.com.br\/wpress\/manutencao-e-ou-alteracao\/\">suporte<\/a>\u00a0nas modalidades\u00a0<a href=\"https:\/\/ewsistemasecursos.com.br\/prof.ednewton\/produto\/manutencao-mensal\/\">mensal<\/a>,<a href=\"https:\/\/ewsistemasti.com.br\/loja\/produto\/suporte-trimestral\/\">\u00a0trimestral<\/a>,\u00a0<a href=\"https:\/\/ewsistemasti.com.br\/loja\/produto\/suporte-semestral\/\">semestral<\/a>\u00a0e\u00a0<a href=\"https:\/\/ewsistemasti.com.br\/loja\/produto\/suporte-anual\/\">anual<\/a>\u00a0com direito \u00e0 atualiza\u00e7\u00f5es + suporte via e-mail.<\/p>\n<p><strong>FUNCIONAMENTO:<\/strong><\/p>\n<p>Sistema Desktop para ambiente Windows XP, 7, 8, 8.1 e 10.<\/p>\n<p><strong>Todos os nossos servi\u00e7os, sistemas e cursos podem ser parcelados em at\u00e9 12 vezes, aceitamos todos os cart\u00f5es de cr\u00e9dito ou \u00e0 vista no d\u00e9bito. Tamb\u00e9m aceitamos transfer\u00eancia banc\u00e1ria online, somente para quem possui conta nos bancos do Brasil e Bradesco. O parcelamento pode ser realizado para todo o site. Inclusive para os itens que estiverem em promo\u00e7\u00e3o.<\/strong><\/p>\n<p><strong><span class=\"titulo cor-secundaria\">Formas de Pagamento:<\/span><\/strong><\/p>\n<p><img fetchpriority=\"high\" fetchpriority=\"high\" decoding=\"async\" class=\"n3VNCb alignnone\" src=\"https:\/\/1.bp.blogspot.com\/-OgfYbeqVrrs\/T9YJPOvu5uI\/AAAAAAAACno\/jg-6zRGn7Zs\/s1600\/pagamento.png\" alt=\"\" width=\"366\" height=\"137\" data-noaft=\"1\" \/><\/p>\n<p><strong>Todos os pagamentos realizados na Ew Sistemas TI s\u00e3o redirecionados e processados pelo PayPal ou PagSeguro, em ambiente de autentica\u00e7\u00e3o destas empresas. O n\u00famero de cart\u00e3o n\u00e3o \u00e9 armazenado em nossos servidores. Somente \u00e9 armazenado nome e e-mail para efeito de login e os dados: Endere\u00e7o e CPF\/CNPJ para emiss\u00e3o de NF-s. Sem estes dados n\u00e3o t\u00eam como logar e emitir documenta\u00e7\u00e3o fiscal. N\u00e3o repassamos para terceiros nenhum dados de nossos alunos e\/ou clientes.<\/strong><\/p>\n<p>N\u00e3o se preocupe esta compra \u00e9\u00a0<strong>100% garantida!<\/strong><\/p>\n<p><strong><span class=\"titulo cor-secundaria\">Selos de Seguran\u00e7a<\/span><\/strong><\/p>\n<p><img decoding=\"async\" class=\"alignnone size-full wp-image-6246\" src=\"https:\/\/ewsistemasti.com.br\/loja\/wp-content\/uploads\/2024\/03\/siteseguro.jpeg\" alt=\"\" width=\"287\" height=\"176\" \/><\/p>\n<p>Se por qualquer motivo voc\u00ea n\u00e3o gostar do nosso Sistema* e quiser seu dinheiro de volta, n\u00f3s faremos o reembolso sem questionar nada e sem ressentimentos.<\/p>\n<p>Essa garantia\u00a0<strong>\u00e9 v\u00e1lida por 7 (sete) dias<\/strong>\u00a0a contar da libera\u00e7\u00e3o do pagamento pela operadora do cart\u00e3o de cr\u00e9dito.<\/p>\n<p><img decoding=\"async\" class=\"alignnone size-medium wp-image-1020 aligncenter\" src=\"https:\/\/ewsistemasecursos.com.br\/ava\/wp-content\/uploads\/2019\/08\/Garantia-7-Dias-3-300x252.png\" sizes=\"(max-width: 300px) 100vw, 300px\" srcset=\"https:\/\/ewsistemasecursos.com.br\/ava\/wp-content\/uploads\/2019\/08\/Garantia-7-Dias-3-300x252.png 300w, https:\/\/ewsistemasecursos.com.br\/ava\/wp-content\/uploads\/2019\/08\/Garantia-7-Dias-3-600x503.png 600w, https:\/\/ewsistemasecursos.com.br\/ava\/wp-content\/uploads\/2019\/08\/Garantia-7-Dias-3.png 640w\" alt=\"\" width=\"300\" height=\"252\" \/><\/p>\n<p>Ew Sistemas TI.<\/p>\n","protected":false},"excerpt":{"rendered":"<p>Primeiro para voc\u00ea que trabalha com uma cl\u00ednica e \u00e9 m\u00e9dico(a).\u00a0 E n\u00e3o tem ainda um sistema ou tem um sistema que n\u00e3o te atende. Este sistema \u00e9 para voc\u00ea!<\/p>\n<p>Porque voc\u00ea vai controlar a gest\u00e3o e acompanhamento de seus pacientes, agora chegou o Sistema de Cl\u00ednica de Mastologia v1.0.<\/p>\n<p>Por que O Sistema de Cl\u00ednica de Mastologia v1.0 \u00e9 para voc\u00ea? Porque o sistema permite controlar diversos controles de patologias de seus pacientes. Acompanhamento de consultas e retornos. Voc\u00ea ter\u00e1 a gest\u00e3o de seu neg\u00f3cio por meio de um sistema instalado em seu computador. Os relat\u00f3rios d\u00e3o n\u00edtido controle de todas os acompanhamentos m\u00e9dicos com seus pacientes, com controle de prontu\u00e1rio m\u00e9dico, controle de cirurgias e exames, e al\u00e9m disso, contempla os pagamentos e recebimentos de contas pessoais e da Cl\u00ednica etc.<\/p>\n<p>Maiores detalhes na descri\u00e7\u00e3o do produtos abaixo:<\/p>\n","protected":false},"featured_media":61,"comment_status":"open","ping_status":"closed","template":"","meta":{"_et_pb_use_builder":"","_et_pb_old_content":"","_et_gb_content_width":"","_joinchat":[]},"product_brand":[],"product_cat":[185,18],"product_tag":[73,71,72],"class_list":{"0":"post-154","1":"product","2":"type-product","3":"status-publish","4":"has-post-thumbnail","6":"product_cat-ew-sistemas-ti","7":"product_cat-sistemas","8":"product_tag-programa-de-mastologia","9":"product_tag-sistema-de-clinicas","10":"product_tag-sistemas-de-mastologia","12":"first","13":"instock","14":"sale","15":"downloadable","16":"virtual","17":"sold-individually","18":"purchasable","19":"product-type-simple"},"_links":{"self":[{"href":"https:\/\/ewsistemasti.com.br\/loja\/wp-json\/wp\/v2\/product\/154","targetHints":{"allow":["GET"]}}],"collection":[{"href":"https:\/\/ewsistemasti.com.br\/loja\/wp-json\/wp\/v2\/product"}],"about":[{"href":"https:\/\/ewsistemasti.com.br\/loja\/wp-json\/wp\/v2\/types\/product"}],"replies":[{"embeddable":true,"href":"https:\/\/ewsistemasti.com.br\/loja\/wp-json\/wp\/v2\/comments?post=154"}],"wp:featuredmedia":[{"embeddable":true,"href":"https:\/\/ewsistemasti.com.br\/loja\/wp-json\/wp\/v2\/media\/61"}],"wp:attachment":[{"href":"https:\/\/ewsistemasti.com.br\/loja\/wp-json\/wp\/v2\/media?parent=154"}],"wp:term":[{"taxonomy":"product_brand","embeddable":true,"href":"https:\/\/ewsistemasti.com.br\/loja\/wp-json\/wp\/v2\/product_brand?post=154"},{"taxonomy":"product_cat","embeddable":true,"href":"https:\/\/ewsistemasti.com.br\/loja\/wp-json\/wp\/v2\/product_cat?post=154"},{"taxonomy":"product_tag","embeddable":true,"href":"https:\/\/ewsistemasti.com.br\/loja\/wp-json\/wp\/v2\/product_tag?post=154"}],"curies":[{"name":"wp","href":"https:\/\/api.w.org\/{rel}","templated":true}]}}