{"id":392,"date":"2019-10-30T09:31:33","date_gmt":"2019-10-30T12:31:33","guid":{"rendered":"https:\/\/ewsistemasti.com.br\/loja\/?post_type=product&#038;p=392"},"modified":"2024-03-07T18:06:34","modified_gmt":"2024-03-07T21:06:34","slug":"criacao-e-customizacao-de-sites","status":"publish","type":"product","link":"https:\/\/ewsistemasti.com.br\/loja\/produto\/criacao-e-customizacao-de-sites\/","title":{"rendered":"Cria\u00e7\u00e3o e Customiza\u00e7\u00e3o de Sites"},"content":{"rendered":"<p><strong>CRIA\u00c7\u00c3O E CUSTOMIZA\u00c7\u00c3O DE SITES<\/strong><\/p>\n<p>Este servi\u00e7o \u00e9 necess\u00e1rio primeiro uma pr\u00e9via com nossos consultores do sistema que voc\u00ea precisa e quer que desenvolvamos. A pr\u00e9via \u00e9 realizada via videoconfer\u00eancia sem custo algum. Devendo ser agendado um hor\u00e1rio com dia marcado antecipadamente no endere\u00e7o <a href=\"https:\/\/ewsistemas.com.br\/agenda\" target=\"_blank\" rel=\"noopener noreferrer\">aqui<\/a>.<\/p>\n<p><strong>SEU SITE PODE TER ALGUNS EXEMPLOS:<\/strong><\/p>\n<p>Primeiro, gostar\u00edamos de agradecer sua visita.<\/p>\n<p>Segundo, assista alguns v\u00eddeos disponibilizados para melhor entendimento e demonstra\u00e7\u00e3o do Servi\u00e7o.<\/p>\n<p>Observa\u00e7\u00e3o: Os v\u00eddeos abaixo s\u00e3o exemplos de sites que foram criados e customizados pela Ew Sistemas TI. Contudo, os Sites s\u00e3o exemplos para o cliente observar os servi\u00e7os realizados.<\/p>\n<p><strong>Links abaixo:<\/strong><\/p>\n<ol>\n<li>\u00a0<a href=\"https:\/\/ewsistemasecursos.com.br\/\" target=\"_blank\" rel=\"noopener noreferrer\">Site Informativo Ew Sistemas e Cursos<\/a>;<\/li>\n<li><a href=\"https:\/\/ewsistemasti.com.br\/\" target=\"_blank\" rel=\"noopener noreferrer\">Site Informativo Ew Sistemas TI<\/a>;<\/li>\n<li><a href=\"https:\/\/ewsistemasecursos.com.br\/ava\/home-page-2\/\" target=\"_blank\" rel=\"noopener noreferrer\">Site \u00c1rea de Membros<\/a> (Cursos EaD);<\/li>\n<li><a href=\"https:\/\/www.ewsistemas.com.br\/wordp\/loja\/\" target=\"_blank\" rel=\"noopener noreferrer\">Loja virtual com pagamento online e envio via correiros<\/a>;<\/li>\n<li><a href=\"https:\/\/ewsistemasecursos.com.br\/prof.ednewton\/\" target=\"_blank\" rel=\"noopener noreferrer\">Loja virtual e-commerce<\/a>;<\/li>\n<li><a href=\"https:\/\/www.ewsistemasecursos.com.br\/ead\" target=\"_blank\" rel=\"noopener noreferrer\">Site Moodle<\/a>;<\/li>\n<li><a href=\"https:\/\/www.ewsistemasecursos.com.br\/sistemaweb\" target=\"_blank\" rel=\"noopener noreferrer\">Site Joomla<\/a>;<\/li>\n<\/ol>\n<p>Agora que voc\u00ea j\u00e1 assistiu aos v\u00eddeos vamos pontuar alguns detalhes importantes antes de voc\u00ea adquirir o servi\u00e7o por n\u00f3s conforme as suas necessidades.<\/p>\n<p><strong>PRINCIPAIS FUNCIONALIDADES:<\/strong><\/p>\n<ul>\n<li>Acompanhar a escolha do provedor;<\/li>\n<li>Orientar a escolha do nome do dom\u00ednio;<\/li>\n<li>Criar Sites com a Tecnologia em WordPress;<\/li>\n<li>Criar Pagamentos Online;<\/li>\n<li>Customizar o site;<\/li>\n<li>Entregar o servi\u00e7o (site) em ambiente de produ\u00e7\u00e3o no provedor do cliente;<\/li>\n<li>Manuten\u00e7\u00e3o\/Suporte (ler pr\u00f3ximo t\u00f3pico);<\/li>\n<li style=\"list-style-type: none;\"><\/li>\n<\/ul>\n<p><strong>MANUTEN\u00c7\u00c3O\/SUPORTE:<\/strong><\/p>\n<ol>\n<li><a href=\"https:\/\/ewsistemasti.com.br\/loja\/produto\/suporte-mensal\/\" target=\"_blank\" rel=\"noopener noreferrer\">Mensal<\/a>:\n<ol>\n<li>\u00a0Se o cliente quer uma r\u00e1pida customiza\u00e7\u00e3o no sistema, como exemplo: incluir ou retirar alguns campos, formul\u00e1rio e\/ou relat\u00f3rios (no m\u00e1ximo tr\u00eas processos em todo o sistema. Exemplo: tr\u00eas relat\u00f3rios, ou criar tr\u00eas campos, ou criar um campo, retirar outro campo e criar um relat\u00f3rio);<\/li>\n<li>O cliente precisa de um aux\u00edlio na instala\u00e7\u00e3o e configura\u00e7\u00e3o do sistema em seu ambiente de trabalho, ou ainda, para configurar o sistema em rede por exemplo. A consultoria ser\u00e1 feita via Skype ou outro app que a Ew Sistema e Cursos indicar, com dia e hora marcada durante o m\u00eas de validade do suporte;<\/li>\n<li>Se o usu\u00e1rio estiver em Bras\u00edlia-DF ou entorno, o usu\u00e1rio poder\u00e1 solicitar uma visita para manuten\u00e7\u00e3o presencial no sistema ou instala\u00e7\u00e3o e configura\u00e7\u00e3o.<\/li>\n<\/ol>\n<\/li>\n<li><a href=\"https:\/\/ewsistemasti.com.br\/loja\/produto\/suporte-trimestral\/\" target=\"_blank\" rel=\"noopener noreferrer\">Trimestral<\/a>:\n<ol>\n<li>\u00a0Se o cliente quer uma maior customiza\u00e7\u00e3o no sistema, como exemplo: incluir ou retirar alguns campos, formul\u00e1rio e\/ou relat\u00f3rios (no m\u00e1ximo dez processos em todo o sistema. Exemplo: dez relat\u00f3rios, ou criar dez campos, ou criar cinco campos, retirar outro dois campos e criar tr\u00eas relat\u00f3rios);<\/li>\n<li>O cliente precisa de um aux\u00edlio na instala\u00e7\u00e3o e configura\u00e7\u00e3o do sistema em seu ambiente de trabalho, ou ainda, para configurar o sistema em rede por exemplo. A consultoria ser\u00e1 feita via Skype ou outro app que a Ew Sistema e Cursos indicar, com dia e hora marcada durante o per\u00edodo de validade do suporte;<\/li>\n<li>Se o usu\u00e1rio estiver em Bras\u00edlia-DF ou entorno, o usu\u00e1rio ter\u00e1 direito a uma visita por m\u00eas para manuten\u00e7\u00e3o presencial no sistema.<\/li>\n<\/ol>\n<\/li>\n<li>\u00a0<a href=\"https:\/\/ewsistemasti.com.br\/loja\/produto\/suporte-semestral\/\" target=\"_blank\" rel=\"noopener noreferrer\">Semestral<\/a>:\n<ol>\n<li>Se o cliente quer uma customiza\u00e7\u00e3o completa no sistema, como exemplo: alterar algumas funcionalidades do sistema, desde que tenha l\u00f3gica para tal altera\u00e7\u00e3o. Como exemplo: O cliente quer um m\u00f3dulo que o sistema dele n\u00e3o tem ou n\u00e3o atende. Vamos dizer que o cliente quer um m\u00f3dulo de contas a receber. O sistema tem um m\u00f3dulo de contas a pagar, mas o cliente quer um novo m\u00f3dulo. Neste caso \u00e9 poss\u00edvel desenvolver o novo m\u00f3dulo de contas a receber sem preju\u00edzo para o sistema e suas funcionalidades. Tamb\u00e9m chamamos de manuten\u00e7\u00e3o evolutiva;<\/li>\n<li>O cliente precisa de um aux\u00edlio na instala\u00e7\u00e3o e configura\u00e7\u00e3o do sistema em seu ambiente de trabalho, ou ainda, para configurar o sistema em rede por exemplo. A consultoria ser\u00e1 feita via Skype ou outro app que a Ew Sistema e Cursos indicar, com dia e hora marcada durante o m\u00eas de validade do suporte.<\/li>\n<li>Se o usu\u00e1rio estiver em Bras\u00edlia-DF ou entorno o usu\u00e1rio ter\u00e1 direito a uma visita por m\u00eas para manuten\u00e7\u00e3o presencial no sistema.<\/li>\n<\/ol>\n<\/li>\n<li>\u00a0<a href=\"https:\/\/ewsistemasti.com.br\/loja\/produto\/suporte-anual\/\" target=\"_blank\" rel=\"noopener noreferrer\">Anual<\/a>:\n<ol>\n<li>\u00a0Se o cliente quer uma customiza\u00e7\u00e3o completa no sistema, como exemplo: alterar algumas funcionalidades do sistema, desde que tenha l\u00f3gica para tal altera\u00e7\u00e3o. Como exemplo: O cliente quer um m\u00f3dulo que o sistema dele n\u00e3o tem ou n\u00e3o atende. Vamos dizer que o cliente quer um m\u00f3dulo de contas a receber. O sistema tem um m\u00f3dulo de contas a pagar, mas o cliente quer um novo m\u00f3dulo. Neste caso \u00e9 poss\u00edvel desenvolver o novo m\u00f3dulo de contas a receber sem preju\u00edzo para o sistema e suas funcionalidades. Tamb\u00e9m chamamos de manuten\u00e7\u00e3o evolutiva;<\/li>\n<li>O cliente precisa de um aux\u00edlio na instala\u00e7\u00e3o e configura\u00e7\u00e3o do sistema em seu ambiente de trabalho, ou ainda, para configurar o sistema em rede por exemplo. A consultoria ser\u00e1 feita via Skype ou outro app que a Ew Sistema e Cursos indicar, com dia e hora marcada durante o m\u00eas de validade do suporte.<\/li>\n<li>Se o usu\u00e1rio estiver em Bras\u00edlia-DF ou entorno o usu\u00e1rio ter\u00e1 direito a uma visita por m\u00eas para manuten\u00e7\u00e3o presencial no sistema.<\/li>\n<\/ol>\n<\/li>\n<li>\u00a0Sem Nenhuma Manuten\u00e7\u00e3o:\n<ol>\n<li>\u00a0O usu\u00e1rio tamb\u00e9m pode contratar sempre que achar necess\u00e1rio, conforme sua necessidade. Para contratar veja os links abaixo:\n<ol>\n<li>\u00a0<a href=\"https:\/\/ewsistemasti.com.br\/loja\/produto\/visita-tecnica\/\">Taxa de Visitas<\/a>\u00a0(somente para Bras\u00edlia-DF e entorno);<\/li>\n<li>\u00a0Customiza\u00e7\u00e3o (este servi\u00e7o, somente nos sistemas desenvolvidos por n\u00f3s);<\/li>\n<li>\u00a0Videoconfer\u00eancia 1 hora para auxiliar na Instala\u00e7\u00e3o e configura\u00e7\u00e3o do sistema (sugest\u00e3o).<\/li>\n<\/ol>\n<\/li>\n<\/ol>\n<\/li>\n<\/ol>\n<p><strong>RESPONSABILIDADE DO CLIENTE:<\/strong><\/p>\n<ol>\n<li>\u00c9 de responsabilidade do cliente a escolha do provedor e nome do dom\u00ednio;<\/li>\n<li>Os custos sejam mensais e\/ou anuais \u00e9 de responsabilidade do cliente. \u00c9 o cliente que arca com os custos de manuten\u00e7\u00e3o, provedor, registro do dom\u00ednio e qualquer outro custo com o site;<\/li>\n<li>O cliente dever\u00e1 informar a Ew Sistemas TI toda e qualquer informa\u00e7\u00e3o a ser vinculado no site em quest\u00e3o, bem como as imagens, fotos, v\u00eddeos etc;<\/li>\n<li>O cliente na contrata\u00e7\u00e3o do servi\u00e7o tem que entregar todas as informa\u00e7\u00f5es e as m\u00eddias relacionadas no item 3, visando o bom andamento do servi\u00e7o;<\/li>\n<li>Validar as entregas do servi\u00e7o em at\u00e9 48 horas a contar do recebimento do aviso da entrega do servi\u00e7o;<\/li>\n<li>Preencher o cadastro necess\u00e1rio na contrata\u00e7\u00e3o do servi\u00e7o a ser disponibilizado pela Ew Sistemas TI.<\/li>\n<\/ol>\n<p><strong>Todos os nossos servi\u00e7os, sistemas e cursos podem ser parcelados em at\u00e9 12 vezes, aceitamos todos os cart\u00f5es de cr\u00e9dito ou \u00e0 vista no d\u00e9bito. Tamb\u00e9m aceitamos transfer\u00eancia banc\u00e1ria online, somente para quem possui conta nos bancos do Brasil e Bradesco. O parcelamento pode ser realizado para todo o site. Inclusive para os itens que estiverem em promo\u00e7\u00e3o.<\/strong><\/p>\n<p><strong><span class=\"titulo cor-secundaria\">Formas de Pagamento:<\/span><\/strong><\/p>\n<p><img fetchpriority=\"high\" fetchpriority=\"high\" decoding=\"async\" class=\"n3VNCb alignnone\" src=\"https:\/\/1.bp.blogspot.com\/-OgfYbeqVrrs\/T9YJPOvu5uI\/AAAAAAAACno\/jg-6zRGn7Zs\/s1600\/pagamento.png\" alt=\"\" width=\"366\" height=\"137\" data-noaft=\"1\" \/><\/p>\n<p><strong>Todos os pagamentos realizados na Ew Sistemas TI s\u00e3o redirecionados e processados pelo PayPal ou PagSeguro, em ambiente de autentica\u00e7\u00e3o destas empresas. O n\u00famero de cart\u00e3o n\u00e3o \u00e9 armazenado em nossos servidores. Somente \u00e9 armazenado nome e e-mail para efeito de login e os dados: Endere\u00e7o e CPF\/CNPJ para emiss\u00e3o de NF-s. Sem estes dados n\u00e3o t\u00eam como logar e emitir documenta\u00e7\u00e3o fiscal. N\u00e3o repassamos para terceiros nenhum dados de nossos alunos e\/ou clientes.<\/strong><\/p>\n<p>N\u00e3o se preocupe esta compra \u00e9\u00a0<strong>100% garantida!<\/strong><\/p>\n<p><strong><span class=\"titulo cor-secundaria\">Selos de Seguran\u00e7a<\/span><\/strong><\/p>\n<p><img decoding=\"async\" class=\"alignnone size-full wp-image-6246\" src=\"https:\/\/ewsistemasti.com.br\/loja\/wp-content\/uploads\/2024\/03\/siteseguro.jpeg\" alt=\"\" width=\"287\" height=\"176\" \/><\/p>\n<p>Se por qualquer motivo voc\u00ea n\u00e3o gostar do nosso Sistema* e quiser seu dinheiro de volta, n\u00f3s faremos o reembolso sem questionar nada e sem ressentimentos.<\/p>\n<p>Essa garantia\u00a0<strong>\u00e9 v\u00e1lida por 7 (sete) dias<\/strong>\u00a0a contar da libera\u00e7\u00e3o do pagamento pela operadora do cart\u00e3o de cr\u00e9dito.<\/p>\n<p><img decoding=\"async\" class=\"alignnone size-medium wp-image-1020 aligncenter\" src=\"https:\/\/ewsistemasecursos.com.br\/ava\/wp-content\/uploads\/2019\/08\/Garantia-7-Dias-3-300x252.png\" sizes=\"(max-width: 300px) 100vw, 300px\" srcset=\"https:\/\/ewsistemasecursos.com.br\/ava\/wp-content\/uploads\/2019\/08\/Garantia-7-Dias-3-300x252.png 300w, https:\/\/ewsistemasecursos.com.br\/ava\/wp-content\/uploads\/2019\/08\/Garantia-7-Dias-3-600x503.png 600w, https:\/\/ewsistemasecursos.com.br\/ava\/wp-content\/uploads\/2019\/08\/Garantia-7-Dias-3.png 640w\" alt=\"\" width=\"300\" height=\"252\" \/><\/p>\n<p>Ew Sistemas TI.<\/p>\n","protected":false},"excerpt":{"rendered":"<p><strong>CRIA\u00c7\u00c3O E CUSTOMIZA\u00c7\u00c3O DE SITES<\/strong><\/p>\n<ul>\n<li>Cria\u00e7\u00e3o de Sites:\n<ul>\n<li style=\"list-style-type: none;\">\n<ul>\n<li>Criar a partir de sua necessidade, ou seja, do \u201czero\u201d;<\/li>\n<li>Projeto respeitando as suas regras de neg\u00f3cio;<\/li>\n<\/ul>\n<\/li>\n<\/ul>\n<p>Customiza\u00e7\u00e3o Web:<\/p>\n<ul>\n<li style=\"list-style-type: none;\">\n<ul>\n<li>Criar sites com tecnologia WordPress, Joomla, Moodle etc;<\/li>\n<li>Criar lojas tipo e-commerce;<\/li>\n<li>Criar \u00c1rea de Membros para cursos online por exemplo.<\/li>\n<\/ul>\n<\/li>\n<li>Servi\u00e7os:\n<ul>\n<li>Escolher com o cliente o melhor provedor;<\/li>\n<li>Escolher com o cliente o dom\u00ednio para seu site;<\/li>\n<li>Orientar como registrar o dom\u00ednio.<\/li>\n<\/ul>\n<\/li>\n<\/ul>\n<\/li>\n<\/ul>\n<p>Maiores detalhes na descri\u00e7\u00e3o do produto abaixo:<\/p>\n","protected":false},"featured_media":393,"comment_status":"open","ping_status":"closed","template":"","meta":{"_et_pb_use_builder":"","_et_pb_old_content":"","_et_gb_content_width":"","_joinchat":[]},"product_brand":[],"product_cat":[26],"product_tag":[96,97],"class_list":{"0":"post-392","1":"product","2":"type-product","3":"status-publish","4":"has-post-thumbnail","6":"product_cat-servicos","7":"product_tag-servicos-de-customizacao","8":"product_tag-servicos-de-desenvolvimento-de-sites","10":"first","11":"instock","12":"sale","13":"virtual","14":"sold-individually","15":"purchasable","16":"product-type-simple"},"_links":{"self":[{"href":"https:\/\/ewsistemasti.com.br\/loja\/wp-json\/wp\/v2\/product\/392","targetHints":{"allow":["GET"]}}],"collection":[{"href":"https:\/\/ewsistemasti.com.br\/loja\/wp-json\/wp\/v2\/product"}],"about":[{"href":"https:\/\/ewsistemasti.com.br\/loja\/wp-json\/wp\/v2\/types\/product"}],"replies":[{"embeddable":true,"href":"https:\/\/ewsistemasti.com.br\/loja\/wp-json\/wp\/v2\/comments?post=392"}],"wp:featuredmedia":[{"embeddable":true,"href":"https:\/\/ewsistemasti.com.br\/loja\/wp-json\/wp\/v2\/media\/393"}],"wp:attachment":[{"href":"https:\/\/ewsistemasti.com.br\/loja\/wp-json\/wp\/v2\/media?parent=392"}],"wp:term":[{"taxonomy":"product_brand","embeddable":true,"href":"https:\/\/ewsistemasti.com.br\/loja\/wp-json\/wp\/v2\/product_brand?post=392"},{"taxonomy":"product_cat","embeddable":true,"href":"https:\/\/ewsistemasti.com.br\/loja\/wp-json\/wp\/v2\/product_cat?post=392"},{"taxonomy":"product_tag","embeddable":true,"href":"https:\/\/ewsistemasti.com.br\/loja\/wp-json\/wp\/v2\/product_tag?post=392"}],"curies":[{"name":"wp","href":"https:\/\/api.w.org\/{rel}","templated":true}]}}