{"id":4681,"date":"2020-07-18T17:29:49","date_gmt":"2020-07-18T20:29:49","guid":{"rendered":"https:\/\/ewsistemasti.com.br\/loja\/?post_type=product&#038;p=4681"},"modified":"2024-03-07T17:28:11","modified_gmt":"2024-03-07T20:28:11","slug":"gdoor-pro","status":"publish","type":"product","link":"https:\/\/ewsistemasti.com.br\/loja\/produto\/gdoor-pro\/","title":{"rendered":"GPro &#8211; Anual"},"content":{"rendered":"<p>GDOOR PRO<\/p>\n<h2 class=\"mt-0 mb-20 txt-c\">Na pr\u00e1tica, o GDOOR PRO permite que sua empresa fa\u00e7a:<\/h2>\n<h4><\/h4>\n<h4 class=\"mt-0\">Importa\u00e7\u00e3o do XML<\/h4>\n<p>Importa a nota de compra atrav\u00e9s do XML do fornecedor ou atrav\u00e9s de manifesta\u00e7\u00e3o feita pelo usu\u00e1rio, com cadastramento autom\u00e1tico de fornecedor e produtos.<\/p>\n<h4 class=\"mt-0\">Controle de Validade<\/h4>\n<p>Auxilia na confer\u00eancia dos produtos que est\u00e3o com possibilidade de vencimento em sua empresa.<\/p>\n<h4 class=\"mt-0\">Faturamento<\/h4>\n<p>Emite os seguintes documentos: Nota Fiscal Eletr\u00f4nica (NF-e), Cupom Fiscal PDV (Ponto de Venda), Nota Fiscal de Consumidor Eletr\u00f4nica (NFC-e), Cupom Eletr\u00f4nico (CF-e-SAT), Conhecimento de Transporte Eletr\u00f4nico (CT-e), Conhecimento de Transporte Eletr\u00f4nico de Pessoas, Excesso de Bagagem e Valores (CT-e OS), Manifesto Eletr\u00f4nico de Documentos (MDF-e) e Nota do Produtor Rural.<\/p>\n<h4 class=\"mt-0\">Backup<\/h4>\n<p>Permite realizar e restaurar backups rotineiros atrav\u00e9s de agendamento. Tamb\u00e9m adicionar outros arquivos e pastas. Possibilita inicializa\u00e7\u00e3o com o Windows.<\/p>\n<h4 class=\"mt-0\">Relat\u00f3rios<\/h4>\n<p>Gera mais de 400 relat\u00f3rios atrav\u00e9s de filtros ou pesquisas em HTML, TXT ou PDF. Possui relat\u00f3rios simples e relat\u00f3rios detalhados com informa\u00e7\u00f5es t\u00e9cnicas. Os relat\u00f3rios podem ser visualizados em tela ou impressos.<\/p>\n<h4 class=\"mt-0\">Cadastro de Vendedores<\/h4>\n<p>Permite configurar comiss\u00f5es \u00e0 vista, comiss\u00f5es \u00e0 prazo e limite de desconto fornecido na venda.<\/p>\n<h4 class=\"mt-0\">Pedidos<\/h4>\n<p>Cont\u00e9m m\u00f3dulos de or\u00e7amento e pedido de venda com importa\u00e7\u00e3o direta para a nota fiscal.<\/p>\n<h4 class=\"mt-0\">Cadastro pelo CNPJ<\/h4>\n<p>Importa automaticamente os dados cadastrais atrav\u00e9s do CNPJ do cliente ou do fornecedor.<\/p>\n<h4 class=\"mt-0\">Boletos<\/h4>\n<p>Gera boletos para mais de 30 bancos com carteira registrada. Op\u00e7\u00e3o de impress\u00e3o tamb\u00e9m dispon\u00edvel em formato de carn\u00ea.<\/p>\n<h4 class=\"mt-0\">Boletos<\/h4>\n<p>Gera boletos para mais de 30 bancos com carteira registrada. Op\u00e7\u00e3o de impress\u00e3o tamb\u00e9m dispon\u00edvel em formato de carn\u00ea.<\/p>\n<h4 class=\"mt-0\">Etiquetas<\/h4>\n<p>Gera etiquetas de estoque, clientes, fornecedores e Ordem de Servi\u00e7o; para impressoras matriciais, jato de tinta, laser, impressoras de g\u00f4ndola Zebra, Argox e compat\u00edveis. Configure cores, tamanhos, posi\u00e7\u00e3o e rota\u00e7\u00e3o dos campos ilimitados.<\/p>\n<h4 class=\"mt-0\">Cadastros de Pessoas<\/h4>\n<p>Permite cadastrar clientes, fornecedores, transportadoras e fazer a convers\u00e3o de cliente para fornecedor ou de fornecedor para cliente.<\/p>\n<h4 class=\"mt-0\">Cota\u00e7\u00e3o de Compra<\/h4>\n<p>Analisa de forma geral as cota\u00e7\u00f5es lan\u00e7adas no sistema e identifica o fornecedor com a o melhor pre\u00e7o total e o melhor pre\u00e7o individual.<\/p>\n<p><strong>Todos os nossos servi\u00e7os, sistemas e cursos podem ser parcelados em at\u00e9 12 vezes, aceitamos todos os cart\u00f5es de cr\u00e9dito ou \u00e0 vista no d\u00e9bito. Tamb\u00e9m aceitamos transfer\u00eancia banc\u00e1ria online, somente para quem possui conta nos bancos do Brasil e Bradesco. O parcelamento pode ser realizado para todo o site. Inclusive para os itens que estiverem em promo\u00e7\u00e3o.<\/strong><\/p>\n<p><strong><span class=\"titulo cor-secundaria\">Formas de Pagamento:<\/span><\/strong><\/p>\n<p><img fetchpriority=\"high\" fetchpriority=\"high\" decoding=\"async\" class=\"n3VNCb alignnone\" src=\"https:\/\/1.bp.blogspot.com\/-OgfYbeqVrrs\/T9YJPOvu5uI\/AAAAAAAACno\/jg-6zRGn7Zs\/s1600\/pagamento.png\" alt=\"\" width=\"366\" height=\"137\" data-noaft=\"1\" \/><\/p>\n<p><strong>Todos os pagamentos realizados na Ew Sistemas TI s\u00e3o redirecionados e processados pelo PayPal ou PagSeguro, em ambiente de autentica\u00e7\u00e3o destas empresas. O n\u00famero de cart\u00e3o n\u00e3o \u00e9 armazenado em nossos servidores. Somente \u00e9 armazenado nome e e-mail para efeito de login e os dados: Endere\u00e7o e CPF\/CNPJ para emiss\u00e3o de NF-s. Sem estes dados n\u00e3o t\u00eam como logar e emitir documenta\u00e7\u00e3o fiscal. N\u00e3o repassamos para terceiros nenhum dados de nossos alunos e\/ou clientes.<\/strong><\/p>\n<p>N\u00e3o se preocupe esta compra \u00e9\u00a0<strong>100% garantida!<\/strong><\/p>\n<p><strong><span class=\"titulo cor-secundaria\">Selos de Seguran\u00e7a<\/span><\/strong><\/p>\n<p><img decoding=\"async\" class=\"alignnone size-full wp-image-6246\" src=\"https:\/\/ewsistemasti.com.br\/loja\/wp-content\/uploads\/2024\/03\/siteseguro.jpeg\" alt=\"\" width=\"287\" height=\"176\" \/><\/p>\n<p>Se por qualquer motivo voc\u00ea n\u00e3o gostar do Sistema e quiser seu dinheiro de volta, n\u00f3s faremos o reembolso sem questionar nada e sem ressentimentos.<\/p>\n<p>Essa garantia\u00a0<strong>\u00e9 v\u00e1lida por 7 (sete) dias<\/strong>\u00a0a contar da libera\u00e7\u00e3o do pagamento pela operadora do cart\u00e3o de cr\u00e9dito.<\/p>\n<p><img decoding=\"async\" class=\"alignnone size-medium wp-image-1020 aligncenter\" src=\"https:\/\/ewsistemasecursos.com.br\/ava\/wp-content\/uploads\/2019\/08\/Garantia-7-Dias-3-300x252.png\" sizes=\"(max-width: 300px) 100vw, 300px\" srcset=\"https:\/\/ewsistemasecursos.com.br\/ava\/wp-content\/uploads\/2019\/08\/Garantia-7-Dias-3-300x252.png 300w, https:\/\/ewsistemasecursos.com.br\/ava\/wp-content\/uploads\/2019\/08\/Garantia-7-Dias-3-600x503.png 600w, https:\/\/ewsistemasecursos.com.br\/ava\/wp-content\/uploads\/2019\/08\/Garantia-7-Dias-3.png 640w\" alt=\"\" width=\"300\" height=\"252\" \/><\/p>\n<p>Ew Sistemas TI.<\/p>\n","protected":false},"excerpt":{"rendered":"<h2 class=\"txt-c mb-20\">Uma solu\u00e7\u00e3o completa para gerenciar micro e pequenas empresas do com\u00e9rcio!<\/h2>\n<div class=\"txt-c\">Controla cadastro de clientes, produtos, fornecedores, emiss\u00e3o de NF-e, NFC-e, SAT, MDF-e, CT-e, CT-E OS, gera\u00e7\u00e3o de arquivos fiscais (SPED, Sintegra), gest\u00e3o financeira completa: contas a pagar, receber, livro caixa e gera\u00e7\u00e3o de boletos al\u00e9m de mais de 400 relat\u00f3rios.<\/div>\n<div><\/div>\n<div>\n<h3>Software as a Service \u2013 Licen\u00e7a de uso anual<\/h3>\n<p>Tipo de licen\u00e7a SAAS \u2013 A propriet\u00e1ria dos sistemas GDoor trabalha com licen\u00e7a do software como servi\u00e7o e n\u00e3o como produto. O sistema \u00e9 disponibilizado mediante pagamento anuais e est\u00e3o inclusos todas as atualiza\u00e7\u00f5es e altera\u00e7\u00f5es no software. O cliente n\u00e3o paga pelas atualiza\u00e7\u00f5es e nem pelas altera\u00e7\u00f5es no mesmo.<\/p>\n<p>Valor da licen\u00e7a anual R$ 1.599,00 + R$ 1.200,00 (suporte atendimento remoto* valor \u00fanico) comprar\u00a0<a href=\"https:\/\/ewsistemasti.com.br\/loja\/produto\/suporte-sistemas-clipp-e-gdoor-anual\/\">aqui<\/a>.<\/p>\n<p>*Suporte somente via atendimento remoto ser\u00e1 realizado nos dias \u00fateis das 9h \u00e0s 17h. Somente com hora marcada previamente em nossa central.<\/p>\n<p>Podendo ser parcelado em at\u00e9 12 vezes nos cart\u00f5es de cr\u00e9ditos.<\/p>\n<p>Ap\u00f3s a confirma\u00e7\u00e3o do pagamento pela operadora, n\u00f3s vamos entrar em contato para lhe enviar o serial GDoor Pro via e-mail.<\/p>\n<p><strong>Ew Sistemas TI \u2013 Parceiro Autorizado Pela GDoor Sistemas.<\/strong><\/p>\n<\/div>\n<div><\/div>\n","protected":false},"featured_media":6269,"comment_status":"open","ping_status":"closed","template":"","meta":{"_et_pb_use_builder":"","_et_pb_old_content":"","_et_gb_content_width":"","_joinchat":[]},"product_brand":[],"product_cat":[111,118,18],"product_tag":[],"class_list":{"0":"post-4681","1":"product","2":"type-product","3":"status-publish","4":"has-post-thumbnail","6":"product_cat-fiscais","7":"product_cat-gdoor","8":"product_cat-sistemas","10":"first","11":"instock","12":"sale","13":"downloadable","14":"virtual","15":"sold-individually","16":"purchasable","17":"product-type-simple"},"_links":{"self":[{"href":"https:\/\/ewsistemasti.com.br\/loja\/wp-json\/wp\/v2\/product\/4681","targetHints":{"allow":["GET"]}}],"collection":[{"href":"https:\/\/ewsistemasti.com.br\/loja\/wp-json\/wp\/v2\/product"}],"about":[{"href":"https:\/\/ewsistemasti.com.br\/loja\/wp-json\/wp\/v2\/types\/product"}],"replies":[{"embeddable":true,"href":"https:\/\/ewsistemasti.com.br\/loja\/wp-json\/wp\/v2\/comments?post=4681"}],"wp:featuredmedia":[{"embeddable":true,"href":"https:\/\/ewsistemasti.com.br\/loja\/wp-json\/wp\/v2\/media\/6269"}],"wp:attachment":[{"href":"https:\/\/ewsistemasti.com.br\/loja\/wp-json\/wp\/v2\/media?parent=4681"}],"wp:term":[{"taxonomy":"product_brand","embeddable":true,"href":"https:\/\/ewsistemasti.com.br\/loja\/wp-json\/wp\/v2\/product_brand?post=4681"},{"taxonomy":"product_cat","embeddable":true,"href":"https:\/\/ewsistemasti.com.br\/loja\/wp-json\/wp\/v2\/product_cat?post=4681"},{"taxonomy":"product_tag","embeddable":true,"href":"https:\/\/ewsistemasti.com.br\/loja\/wp-json\/wp\/v2\/product_tag?post=4681"}],"curies":[{"name":"wp","href":"https:\/\/api.w.org\/{rel}","templated":true}]}}