{"id":4723,"date":"2020-07-20T08:38:59","date_gmt":"2020-07-20T11:38:59","guid":{"rendered":"https:\/\/ewsistemasti.com.br\/loja\/?post_type=product&#038;p=4723"},"modified":"2024-03-07T17:06:27","modified_gmt":"2024-03-07T20:06:27","slug":"g-service","status":"publish","type":"product","link":"https:\/\/ewsistemasti.com.br\/loja\/produto\/g-service\/","title":{"rendered":"GService &#8211; Anual"},"content":{"rendered":"<h1 class=\"txt-c mt-20\">GService<\/h1>\n<h2 class=\"txt-c mb-20\">A solu\u00e7\u00e3o ideal para <b>prestadores de servi\u00e7os<\/b><\/h2>\n<div>\n<p>Sistema para gerenciamento e presta\u00e7\u00e3o de servi\u00e7os onde \u00e9 poss\u00edvel manter um controle de clientes, tipos de servi\u00e7o, objetos, t\u00e9cnicos e atividades.<\/p>\n<p>As ordens podem ser impressas e visualizadas pela listagem de dados ou individualmente pela tela principal do m\u00f3dulo de servi\u00e7os. Possui tamb\u00e9m impress\u00e3o do comprovante de recebimento do objeto para manuten\u00e7\u00e3o.<\/p>\n<p><strong>Todos os nossos servi\u00e7os, sistemas e cursos podem ser parcelados em at\u00e9 12 vezes, aceitamos todos os cart\u00f5es de cr\u00e9dito ou \u00e0 vista no d\u00e9bito. Tamb\u00e9m aceitamos transfer\u00eancia banc\u00e1ria online, somente para quem possui conta nos bancos do Brasil e Bradesco. O parcelamento pode ser realizado para todo o site. Inclusive para os itens que estiverem em promo\u00e7\u00e3o.<\/strong><\/p>\n<p><strong><span class=\"titulo cor-secundaria\">Formas de Pagamento:<\/span><\/strong><\/p>\n<p><img fetchpriority=\"high\" fetchpriority=\"high\" decoding=\"async\" class=\"n3VNCb alignnone\" src=\"https:\/\/1.bp.blogspot.com\/-OgfYbeqVrrs\/T9YJPOvu5uI\/AAAAAAAACno\/jg-6zRGn7Zs\/s1600\/pagamento.png\" alt=\"\" width=\"366\" height=\"137\" data-noaft=\"1\" \/><\/p>\n<p><strong>Todos os pagamentos realizados na Ew Sistemas TI s\u00e3o redirecionados e processados pelo PayPal ou PagSeguro, em ambiente de autentica\u00e7\u00e3o destas empresas. O n\u00famero de cart\u00e3o n\u00e3o \u00e9 armazenado em nossos servidores. Somente \u00e9 armazenado nome e e-mail para efeito de login e os dados: Endere\u00e7o e CPF\/CNPJ para emiss\u00e3o de NF-s. Sem estes dados n\u00e3o t\u00eam como logar e emitir documenta\u00e7\u00e3o fiscal. N\u00e3o repassamos para terceiros nenhum dados de nossos alunos e\/ou clientes.<\/strong><\/p>\n<p>N\u00e3o se preocupe esta compra \u00e9\u00a0<strong>100% garantida!<\/strong><\/p>\n<p><strong><span class=\"titulo cor-secundaria\">Selos de Seguran\u00e7a<\/span><\/strong><\/p>\n<p><img decoding=\"async\" class=\"alignnone size-full wp-image-6246\" src=\"https:\/\/ewsistemasti.com.br\/loja\/wp-content\/uploads\/2024\/03\/siteseguro.jpeg\" alt=\"\" width=\"287\" height=\"176\" \/><\/p>\n<p>Se por qualquer motivo voc\u00ea n\u00e3o gostar do Sistema e quiser seu dinheiro de volta, n\u00f3s faremos o reembolso sem questionar nada e sem ressentimentos.<\/p>\n<p>Essa garantia\u00a0<strong>\u00e9 v\u00e1lida por 7 (sete) dias<\/strong>\u00a0a contar da libera\u00e7\u00e3o do pagamento pela operadora do cart\u00e3o de cr\u00e9dito.<\/p>\n<p><img decoding=\"async\" class=\"alignnone size-medium wp-image-1020 aligncenter\" src=\"https:\/\/ewsistemasecursos.com.br\/ava\/wp-content\/uploads\/2019\/08\/Garantia-7-Dias-3-300x252.png\" sizes=\"(max-width: 300px) 100vw, 300px\" srcset=\"https:\/\/ewsistemasecursos.com.br\/ava\/wp-content\/uploads\/2019\/08\/Garantia-7-Dias-3-300x252.png 300w, https:\/\/ewsistemasecursos.com.br\/ava\/wp-content\/uploads\/2019\/08\/Garantia-7-Dias-3-600x503.png 600w, https:\/\/ewsistemasecursos.com.br\/ava\/wp-content\/uploads\/2019\/08\/Garantia-7-Dias-3.png 640w\" alt=\"\" width=\"300\" height=\"252\" \/><\/p>\n<p>Ew Sistemas TI.<\/p>\n<\/div>\n","protected":false},"excerpt":{"rendered":"<div class=\"elementor-element elementor-element-473ae55f elementor-widget elementor-widget-text-editor\" data-id=\"473ae55f\" data-element_type=\"widget\" data-widget_type=\"text-editor.default\">\n<div class=\"elementor-widget-container\">\n<p>A solu\u00e7\u00e3o desenvolvida pela GDoor Sistemas.<\/p>\n<p>Ela conta com:<\/p>\n<p>As vantagens de quem utiliza o\u00a0<strong>Gservice<\/strong><\/p>\n<\/div>\n<\/div>\n<div class=\"elementor-element elementor-element-96b070 elementor-icon-list--layout-traditional elementor-list-item-link-full_width elementor-widget elementor-widget-icon-list\" data-id=\"96b070\" data-element_type=\"widget\" data-widget_type=\"icon-list.default\">\n<div class=\"elementor-widget-container\">\n<ul class=\"elementor-icon-list-items\">\n<li class=\"elementor-icon-list-item\"><i class=\"far fa-circle\" aria-hidden=\"true\"><\/i><span class=\"elementor-icon-list-text\">Facilidade na emiss\u00e3o das ordens de servi\u00e7o<\/span><\/li>\n<li class=\"elementor-icon-list-item\"><i class=\"far fa-circle\" aria-hidden=\"true\"><\/i><span class=\"elementor-icon-list-text\">Importa\u00e7\u00e3o de ordem de servi\u00e7o para NFS-e<\/span><\/li>\n<li class=\"elementor-icon-list-item\"><i class=\"far fa-circle\" aria-hidden=\"true\"><\/i><span class=\"elementor-icon-list-text\">Relat\u00f3rios de ordens de servi\u00e7o<\/span><\/li>\n<li class=\"elementor-icon-list-item\"><i class=\"far fa-circle\" aria-hidden=\"true\"><\/i><span class=\"elementor-icon-list-text\">Etiquetas para identifica\u00e7\u00e3o de produtos em conserto<\/span><\/li>\n<li class=\"elementor-icon-list-item\"><i class=\"far fa-circle\" aria-hidden=\"true\"><\/i><span class=\"elementor-icon-list-text\">Emiss\u00e3o de NFS-e<\/span><\/li>\n<li class=\"elementor-icon-list-item\"><i class=\"far fa-circle\" aria-hidden=\"true\"><\/i><span class=\"elementor-icon-list-text\">Integra\u00e7\u00e3o ao m\u00f3dulo financeiro<\/span><\/li>\n<li class=\"elementor-icon-list-item\"><i class=\"far fa-circle\" aria-hidden=\"true\"><\/i><span class=\"elementor-icon-list-text\">Comiss\u00e3o de servi\u00e7o para o t\u00e9cnico<\/span><\/li>\n<\/ul>\n<\/div>\n<\/div>\n<h3>Software as a Service \u2013 Licen\u00e7a de uso anual<\/h3>\n<p>Tipo de licen\u00e7a SAAS \u2013 A propriet\u00e1ria dos sistemas GDoor, trabalha com licen\u00e7a do software como servi\u00e7o e n\u00e3o como produto. O sistema \u00e9 disponibilizado mediante pagamento anuais e est\u00e3o inclusos todas as atualiza\u00e7\u00f5es e altera\u00e7\u00f5es no software. O cliente n\u00e3o paga pelas atualiza\u00e7\u00f5es e nem pelas altera\u00e7\u00f5es no mesmo.<\/p>\n<p>Valor da licen\u00e7a anual R$ 1.078,80 + R$ 1.200,00 (suporte atendimento remoto* valor \u00fanico) comprar\u00a0<a href=\"https:\/\/ewsistemasti.com.br\/loja\/produto\/suporte-sistemas-clipp-e-gdoor-anual\/\">aqui<\/a>.<\/p>\n<p>*Suporte somente via atendimento remoto ser\u00e1 realizado nos dias \u00fateis das 9h \u00e0s 17h. Somente com hora marcada previamente em nossa central.<\/p>\n<p>Podendo ser parcelado em at\u00e9 12 vezes nos cart\u00f5es de cr\u00e9ditos.<\/p>\n<p>Ap\u00f3s a confirma\u00e7\u00e3o do pagamento pela operadora, n\u00f3s vamos entrar em contato para lhe enviar o serial GService via e-mail.<\/p>\n<p><strong>Ew Sistemas TI \u2013 Parceiro Autorizado Pela GDoor Sistemas.<\/strong><\/p>\n","protected":false},"featured_media":6272,"comment_status":"open","ping_status":"closed","template":"","meta":{"_et_pb_use_builder":"","_et_pb_old_content":"","_et_gb_content_width":"","_joinchat":[]},"product_brand":[],"product_cat":[111,118,18],"product_tag":[125,124,123,108,113],"class_list":{"0":"post-4723","1":"product","2":"type-product","3":"status-publish","4":"has-post-thumbnail","6":"product_cat-fiscais","7":"product_cat-gdoor","8":"product_cat-sistemas","9":"product_tag-g-link","10":"product_tag-gdoor-sistemas","11":"product_tag-sistemas-gdoor","12":"product_tag-sistemas-nfe","13":"product_tag-sistemas-nfs","15":"first","16":"instock","17":"sale","18":"downloadable","19":"virtual","20":"sold-individually","21":"purchasable","22":"product-type-simple"},"_links":{"self":[{"href":"https:\/\/ewsistemasti.com.br\/loja\/wp-json\/wp\/v2\/product\/4723","targetHints":{"allow":["GET"]}}],"collection":[{"href":"https:\/\/ewsistemasti.com.br\/loja\/wp-json\/wp\/v2\/product"}],"about":[{"href":"https:\/\/ewsistemasti.com.br\/loja\/wp-json\/wp\/v2\/types\/product"}],"replies":[{"embeddable":true,"href":"https:\/\/ewsistemasti.com.br\/loja\/wp-json\/wp\/v2\/comments?post=4723"}],"wp:featuredmedia":[{"embeddable":true,"href":"https:\/\/ewsistemasti.com.br\/loja\/wp-json\/wp\/v2\/media\/6272"}],"wp:attachment":[{"href":"https:\/\/ewsistemasti.com.br\/loja\/wp-json\/wp\/v2\/media?parent=4723"}],"wp:term":[{"taxonomy":"product_brand","embeddable":true,"href":"https:\/\/ewsistemasti.com.br\/loja\/wp-json\/wp\/v2\/product_brand?post=4723"},{"taxonomy":"product_cat","embeddable":true,"href":"https:\/\/ewsistemasti.com.br\/loja\/wp-json\/wp\/v2\/product_cat?post=4723"},{"taxonomy":"product_tag","embeddable":true,"href":"https:\/\/ewsistemasti.com.br\/loja\/wp-json\/wp\/v2\/product_tag?post=4723"}],"curies":[{"name":"wp","href":"https:\/\/api.w.org\/{rel}","templated":true}]}}