{"id":4735,"date":"2020-07-20T12:13:42","date_gmt":"2020-07-20T15:13:42","guid":{"rendered":"https:\/\/ewsistemasti.com.br\/loja\/?post_type=product&#038;p=4735"},"modified":"2025-05-17T16:52:35","modified_gmt":"2025-05-17T19:52:35","slug":"licenca-clipp-ate-05-usuarios","status":"publish","type":"product","link":"https:\/\/ewsistemasti.com.br\/loja\/produto\/licenca-clipp-ate-05-usuarios\/","title":{"rendered":"Licen\u00e7a Clipp Adicional Anual &#8211; At\u00e9 05 Usu\u00e1rios"},"content":{"rendered":"<p><strong>Todos os nossos servi\u00e7os, sistemas e cursos podem ser parcelados em at\u00e9 12 vezes, aceitamos todos os cart\u00f5es de cr\u00e9dito ou \u00e0 vista no d\u00e9bito. Tamb\u00e9m aceitamos transfer\u00eancia banc\u00e1ria online, somente para quem possui conta nos bancos do Brasil e Bradesco. O parcelamento pode ser realizado para todo o site. Inclusive para os itens que estiverem em promo\u00e7\u00e3o.<\/strong><\/p>\n<p><strong><span class=\"titulo cor-secundaria\">Formas de Pagamento:<\/span><\/strong><\/p>\n<p><img fetchpriority=\"high\" fetchpriority=\"high\" decoding=\"async\" class=\"n3VNCb alignnone\" src=\"https:\/\/1.bp.blogspot.com\/-OgfYbeqVrrs\/T9YJPOvu5uI\/AAAAAAAACno\/jg-6zRGn7Zs\/s1600\/pagamento.png\" alt=\"\" width=\"366\" height=\"137\" data-noaft=\"1\" \/><\/p>\n<p><strong>Todos os pagamentos realizados na Ew Sistemas TI s\u00e3o redirecionados e processados pelo PayPal ou PagSeguro, em ambiente de autentica\u00e7\u00e3o destas empresas. O n\u00famero de cart\u00e3o n\u00e3o \u00e9 armazenado em nossos servidores. Somente \u00e9 armazenado nome e e-mail para efeito de login e os dados: Endere\u00e7o e CPF\/CNPJ para emiss\u00e3o de NF-s. Sem estes dados n\u00e3o t\u00eam como logar e emitir documenta\u00e7\u00e3o fiscal. N\u00e3o repassamos para terceiros nenhum dados de nossos alunos e\/ou clientes.<\/strong><\/p>\n<p>N\u00e3o se preocupe esta compra \u00e9\u00a0<strong>100% garantida!<\/strong><\/p>\n<p><strong><span class=\"titulo cor-secundaria\">Selos de Seguran\u00e7a<\/span><\/strong><\/p>\n<p><img decoding=\"async\" class=\"alignnone size-full wp-image-6246\" src=\"https:\/\/ewsistemasti.com.br\/loja\/wp-content\/uploads\/2024\/03\/siteseguro.jpeg\" alt=\"\" width=\"287\" height=\"176\" \/><\/p>\n<p>Se por qualquer motivo voc\u00ea n\u00e3o gostar do Sistema e quiser seu dinheiro de volta, n\u00f3s faremos o reembolso sem questionar nada e sem ressentimentos.<\/p>\n<p>Essa garantia\u00a0<strong>\u00e9 v\u00e1lida por 7 (sete) dias<\/strong>\u00a0a contar da libera\u00e7\u00e3o do pagamento pela operadora do cart\u00e3o de cr\u00e9dito.<\/p>\n<p><img decoding=\"async\" class=\"alignnone size-medium wp-image-1020 aligncenter\" src=\"https:\/\/ewsistemasecursos.com.br\/ava\/wp-content\/uploads\/2019\/08\/Garantia-7-Dias-3-300x252.png\" sizes=\"(max-width: 300px) 100vw, 300px\" srcset=\"https:\/\/ewsistemasecursos.com.br\/ava\/wp-content\/uploads\/2019\/08\/Garantia-7-Dias-3-300x252.png 300w, https:\/\/ewsistemasecursos.com.br\/ava\/wp-content\/uploads\/2019\/08\/Garantia-7-Dias-3-600x503.png 600w, https:\/\/ewsistemasecursos.com.br\/ava\/wp-content\/uploads\/2019\/08\/Garantia-7-Dias-3.png 640w\" alt=\"\" width=\"300\" height=\"252\" \/><\/p>\n<p>Ew Sistemas TI.<\/p>\n","protected":false},"excerpt":{"rendered":"<p><strong>Licen\u00e7a Clipp Anual At\u00e9 05 Usu\u00e1rios:<\/strong><\/p>\n<h3>Software as a Service \u2013 Licen\u00e7a de uso anual<\/h3>\n<p>Tipo de licen\u00e7a SAAS \u2013 A propriet\u00e1ria dos sistemas Compufour trabalha com licen\u00e7a \u00a0do software como servi\u00e7o e n\u00e3o como produto. O sistema \u00e9 disponibilizado mediante pagamento e est\u00e3o inclusos todas as atualiza\u00e7\u00f5es e altera\u00e7\u00f5es no software. O cliente n\u00e3o paga pelas atualiza\u00e7\u00f5es e nem pelas altera\u00e7\u00f5es no mesmo.<\/p>\n<p>Normalmente as licen\u00e7as de qualquer solu\u00e7\u00e3o Clipp s\u00e3o de 02 (dois) usu\u00e1rios com conex\u00e3o simult\u00e2neas.<\/p>\n<p>Com este tipo de licen\u00e7a o usu\u00e1rio poder\u00e1 de 02 (dois) usu\u00e1rios adicionar em sua licen\u00e7a Clipp at\u00e9 07 (sete) usu\u00e1rios com acesso simult\u00e2neo na mesma base de dados.<\/p>\n<p>Portanto, esta licen\u00e7a \u00e9 indicada para clientes com mais de dois usu\u00e1rios em seu neg\u00f3cio.<\/p>\n<p>Valor da licen\u00e7a adicional at\u00e9 05 (cinco) usu\u00e1rios \u00e9 anual por R$ 599,00.<\/p>\n<p>Podendo ser parcelado em at\u00e9 12 vezes nos cart\u00f5es de cr\u00e9ditos.<\/p>\n<p>Ap\u00f3s a confirma\u00e7\u00e3o do pagamento pela operadora, n\u00f3s vamos entrar em contato para lhe enviar a licen\u00e7a (serial) adicional Clipp via e-mail.<\/p>\n<p><strong>Ew Sistemas TI \u2013 Parceiro Autorizado Pela Compufour.<\/strong><\/p>\n","protected":false},"featured_media":4737,"comment_status":"open","ping_status":"closed","template":"","meta":{"_et_pb_use_builder":"","_et_pb_old_content":"","_et_gb_content_width":"","_joinchat":[]},"product_brand":[],"product_cat":[114,111,18],"product_tag":[134,133,107],"class_list":{"0":"post-4735","1":"product","2":"type-product","3":"status-publish","4":"has-post-thumbnail","6":"product_cat-clipp","7":"product_cat-fiscais","8":"product_cat-sistemas","9":"product_tag-clipp-pro","10":"product_tag-compufour-sistemas","11":"product_tag-sistemas-compufour","13":"first","14":"instock","15":"sale","16":"downloadable","17":"virtual","18":"sold-individually","19":"purchasable","20":"product-type-simple"},"_links":{"self":[{"href":"https:\/\/ewsistemasti.com.br\/loja\/wp-json\/wp\/v2\/product\/4735","targetHints":{"allow":["GET"]}}],"collection":[{"href":"https:\/\/ewsistemasti.com.br\/loja\/wp-json\/wp\/v2\/product"}],"about":[{"href":"https:\/\/ewsistemasti.com.br\/loja\/wp-json\/wp\/v2\/types\/product"}],"replies":[{"embeddable":true,"href":"https:\/\/ewsistemasti.com.br\/loja\/wp-json\/wp\/v2\/comments?post=4735"}],"wp:featuredmedia":[{"embeddable":true,"href":"https:\/\/ewsistemasti.com.br\/loja\/wp-json\/wp\/v2\/media\/4737"}],"wp:attachment":[{"href":"https:\/\/ewsistemasti.com.br\/loja\/wp-json\/wp\/v2\/media?parent=4735"}],"wp:term":[{"taxonomy":"product_brand","embeddable":true,"href":"https:\/\/ewsistemasti.com.br\/loja\/wp-json\/wp\/v2\/product_brand?post=4735"},{"taxonomy":"product_cat","embeddable":true,"href":"https:\/\/ewsistemasti.com.br\/loja\/wp-json\/wp\/v2\/product_cat?post=4735"},{"taxonomy":"product_tag","embeddable":true,"href":"https:\/\/ewsistemasti.com.br\/loja\/wp-json\/wp\/v2\/product_tag?post=4735"}],"curies":[{"name":"wp","href":"https:\/\/api.w.org\/{rel}","templated":true}]}}