{"id":5452,"date":"2020-08-24T16:36:42","date_gmt":"2020-08-24T19:36:42","guid":{"rendered":"https:\/\/ewsistemasti.com.br\/loja\/?post_type=product&#038;p=5452"},"modified":"2024-03-07T17:33:55","modified_gmt":"2024-03-07T20:33:55","slug":"portal-da-odontologia","status":"publish","type":"product","link":"https:\/\/ewsistemasti.com.br\/loja\/produto\/portal-da-odontologia\/","title":{"rendered":"Portal da Odontologia"},"content":{"rendered":"<p>O Portal da Odontologia foi criado para atender \u00e0s cl\u00ednicas odontol\u00f3gicas de todo o Brasil. Consiste em um Portal completo, contendo:<\/p>\n<ol>\n<li>Site como este exemplo <a href=\"https:\/\/odontologia.ewsistemasecursos.com.br\" target=\"_blank\" rel=\"noopener noreferrer\">link<\/a>. O cliente poder\u00e1 alterar os textos e fotos de todo o site. Conforme este exemplo de Portal da Odontologia, foi inteiramente desenvolvido por n\u00f3s da Ew Sistemas TI;<\/li>\n<li>Sistema Web SysOdonto \u2013 Sistemas de Odontologia v1.0, veja o exemplo aqui no <a href=\"https:\/\/odontologia.ewsistemasecursos.com.br\/\" target=\"_blank\" rel=\"noopener noreferrer\" data-cke-saved-href=\"https:\/\/odontologia.ewsistemasecursos.com.br\/\">link<\/a>. Para acessar e degustar o Sistema Web SysOdonto basta pedir uma demonstra\u00e7\u00e3o do site + sistema web;<\/li>\n<li>Hospedagem inclusa no valor do Site e Sistema Web;<\/li>\n<li>Contratar um dom\u00ednio internacional com a Ew Sistemas TI, no caso \u00e9 um dom\u00ednio conforme nomedaempresa.com. O valor deste dom\u00ednio n\u00e3o est\u00e1 incluso no valor do Portal da Odontologia. E o dom\u00ednio \u00e9 pago anualmente, assim como o Portal da Odontologia.<\/li>\n<\/ol>\n<p>A cl\u00ednica ou consult\u00f3rio receber\u00e1 o site todo customizado conforme as fotos e os textos enviados previamente para altera\u00e7\u00e3o e desenvolvimento do Site.<\/p>\n<p>O Sistema Web poder\u00e1 ser customizado os formul\u00e1rios (entrada de dados) e as consultas (sa\u00edda de dados).<\/p>\n<p><strong>Todos os nossos servi\u00e7os, sistemas e cursos podem ser parcelados em at\u00e9 12 vezes, aceitamos todos os cart\u00f5es de cr\u00e9dito ou \u00e0 vista no d\u00e9bito. Tamb\u00e9m aceitamos transfer\u00eancia banc\u00e1ria online, somente para quem possui conta nos bancos do Brasil e Bradesco. O parcelamento pode ser realizado para todo o site. Inclusive para os itens que estiverem em promo\u00e7\u00e3o.<\/strong><\/p>\n<p><strong><span class=\"titulo cor-secundaria\">Formas de Pagamento:<\/span><\/strong><\/p>\n<p><img fetchpriority=\"high\" fetchpriority=\"high\" decoding=\"async\" class=\"n3VNCb alignnone\" src=\"https:\/\/1.bp.blogspot.com\/-OgfYbeqVrrs\/T9YJPOvu5uI\/AAAAAAAACno\/jg-6zRGn7Zs\/s1600\/pagamento.png\" alt=\"\" width=\"366\" height=\"137\" data-noaft=\"1\" \/><\/p>\n<p><strong>Todos os pagamentos realizados na Ew Sistemas TI s\u00e3o redirecionados e processados pelo PayPal ou PagSeguro, em ambiente de autentica\u00e7\u00e3o destas empresas. O n\u00famero de cart\u00e3o n\u00e3o \u00e9 armazenado em nossos servidores. Somente \u00e9 armazenado nome e e-mail para efeito de login e os dados: Endere\u00e7o e CPF\/CNPJ para emiss\u00e3o de NF-s. Sem estes dados n\u00e3o t\u00eam como logar e emitir documenta\u00e7\u00e3o fiscal. N\u00e3o repassamos para terceiros nenhum dados de nossos alunos e\/ou clientes.<\/strong><\/p>\n<p>N\u00e3o se preocupe esta compra \u00e9\u00a0<strong>100% garantida!<\/strong><\/p>\n<p><strong><span class=\"titulo cor-secundaria\">Selos de Seguran\u00e7a<\/span><\/strong><\/p>\n<p><img decoding=\"async\" class=\"alignnone size-full wp-image-6246\" src=\"https:\/\/ewsistemasti.com.br\/loja\/wp-content\/uploads\/2024\/03\/siteseguro.jpeg\" alt=\"\" width=\"287\" height=\"176\" \/><\/p>\n<p>Se por qualquer motivo voc\u00ea n\u00e3o gostar do nosso Sistema* e quiser seu dinheiro de volta, n\u00f3s faremos o reembolso sem questionar nada e sem ressentimentos.<\/p>\n<p>Essa garantia\u00a0<strong>\u00e9 v\u00e1lida por 7 (sete) dias<\/strong>\u00a0a contar da libera\u00e7\u00e3o do pagamento pela operadora do cart\u00e3o de cr\u00e9dito.<\/p>\n<p><img decoding=\"async\" class=\"alignnone size-medium wp-image-1020 aligncenter\" src=\"https:\/\/ewsistemasecursos.com.br\/ava\/wp-content\/uploads\/2019\/08\/Garantia-7-Dias-3-300x252.png\" sizes=\"(max-width: 300px) 100vw, 300px\" srcset=\"https:\/\/ewsistemasecursos.com.br\/ava\/wp-content\/uploads\/2019\/08\/Garantia-7-Dias-3-300x252.png 300w, https:\/\/ewsistemasecursos.com.br\/ava\/wp-content\/uploads\/2019\/08\/Garantia-7-Dias-3-600x503.png 600w, https:\/\/ewsistemasecursos.com.br\/ava\/wp-content\/uploads\/2019\/08\/Garantia-7-Dias-3.png 640w\" alt=\"\" width=\"300\" height=\"252\" \/><\/p>\n<p>D\u00favidas:<\/p>\n<p>comercial@ewsistemasti.com.br<\/p>\n<p>Whatsap Comercial: (61) 4042-0701<\/p>\n<p>comercial@ewsistemasti.com.br<\/p>\n<p>Ew Sistemas TI.<\/p>\n","protected":false},"excerpt":{"rendered":"<p>A Ew Sistemas TI, propriet\u00e1ria do Portal da Odontologia e do Sistema Web SysOdonto, disponibiliza o mesmo pela licen\u00e7a do tipo SAAS \u2013 Software as a Service \u2013 Licen\u00e7a de uso anual. A licen\u00e7a \u00e9 do tipo de servi\u00e7o e n\u00e3o como produto. O Sistema \u00e9 disponibilizado mediante pagamento e est\u00e3o inclusos todas as atualiza\u00e7\u00f5es e altera\u00e7\u00f5es no software. O cliente n\u00e3o paga pelas atualiza\u00e7\u00f5es e nem pelas altera\u00e7\u00f5es no site ou Sistema Web SysOdonto v.1.0, durante a vig\u00eancia do contrato anual. Neste sentido o contrato \u00e9 anual renovado sempre pelo mesmo per\u00edodo de um ano.<\/p>\n<p>O Portal da Odontologia e o Sistema Web SysOdonto v1.0, est\u00e3o dispon\u00edveis para compra imediata, sendo que a instala\u00e7\u00e3o ser\u00e1 somente em nossos servidores. Devido \u00e0 tecnologia na qual o SYSODONTO v1.0 foi desenvolvido n\u00e3o damos acesso ao servidor web. O acesso ser\u00e1 unicamente via sistema com usu\u00e1rio e senha para acessar e administrar os dados do SysOdonto v1.0 referente ao consult\u00f3rio e cl\u00ednica.<\/p>\n<p>Saiba mais na descri\u00e7\u00e3o:<\/p>\n","protected":false},"featured_media":5454,"comment_status":"open","ping_status":"closed","template":"","meta":{"_et_pb_use_builder":"","_et_pb_old_content":"","_et_gb_content_width":"","_joinchat":[]},"product_brand":[],"product_cat":[185,152,18],"product_tag":[157,158,160,159],"class_list":{"0":"post-5452","1":"product","2":"type-product","3":"status-publish","4":"has-post-thumbnail","6":"product_cat-ew-sistemas-ti","7":"product_cat-portal","8":"product_cat-sistemas","9":"product_tag-portal-da-odontologia","10":"product_tag-sistema-dentista","11":"product_tag-sistema-odontologo","12":"product_tag-sistema-para-dentista","14":"first","15":"instock","16":"sale","17":"virtual","18":"sold-individually","19":"purchasable","20":"product-type-simple"},"_links":{"self":[{"href":"https:\/\/ewsistemasti.com.br\/loja\/wp-json\/wp\/v2\/product\/5452","targetHints":{"allow":["GET"]}}],"collection":[{"href":"https:\/\/ewsistemasti.com.br\/loja\/wp-json\/wp\/v2\/product"}],"about":[{"href":"https:\/\/ewsistemasti.com.br\/loja\/wp-json\/wp\/v2\/types\/product"}],"replies":[{"embeddable":true,"href":"https:\/\/ewsistemasti.com.br\/loja\/wp-json\/wp\/v2\/comments?post=5452"}],"wp:featuredmedia":[{"embeddable":true,"href":"https:\/\/ewsistemasti.com.br\/loja\/wp-json\/wp\/v2\/media\/5454"}],"wp:attachment":[{"href":"https:\/\/ewsistemasti.com.br\/loja\/wp-json\/wp\/v2\/media?parent=5452"}],"wp:term":[{"taxonomy":"product_brand","embeddable":true,"href":"https:\/\/ewsistemasti.com.br\/loja\/wp-json\/wp\/v2\/product_brand?post=5452"},{"taxonomy":"product_cat","embeddable":true,"href":"https:\/\/ewsistemasti.com.br\/loja\/wp-json\/wp\/v2\/product_cat?post=5452"},{"taxonomy":"product_tag","embeddable":true,"href":"https:\/\/ewsistemasti.com.br\/loja\/wp-json\/wp\/v2\/product_tag?post=5452"}],"curies":[{"name":"wp","href":"https:\/\/api.w.org\/{rel}","templated":true}]}}