{"id":6187,"date":"2023-04-27T15:15:39","date_gmt":"2023-04-27T18:15:39","guid":{"rendered":"https:\/\/ewsistemasti.com.br\/loja\/?post_type=product&#038;p=6187"},"modified":"2023-10-30T10:42:15","modified_gmt":"2023-10-30T13:42:15","slug":"certificado-digital-a1-pj-01-ano","status":"publish","type":"product","link":"https:\/\/ewsistemasti.com.br\/loja\/produto\/certificado-digital-a1-pj-01-ano\/","title":{"rendered":"Certificado Digital A1 PJ \u2013 01 Ano"},"content":{"rendered":"<p>Certificado Digital A1 Pessoa Jur\u00eddica \u2013 01 Ano<\/p>\n<p>\u00c9 um arquivo eletr\u00f4nico que funciona como se fosse uma assinatura digital, com validade jur\u00eddica, e que garante prote\u00e7\u00e3o \u00e0s transa\u00e7\u00f5es eletr\u00f4nicas e outros servi\u00e7os via internet, de maneira que pessoas (f\u00edsicas e jur\u00eddicas) se identifiquem e assinem digitalmente, de qualquer lugar do mundo, com mais seguran\u00e7a e agilidade.<\/p>\n<p>A Certifica\u00e7\u00e3o Digital, nos dias de hoje, traduz o que h\u00e1 de mais moderno em termos de seguran\u00e7a para proteger informa\u00e7\u00f5es trocadas no ambiente virtual. Sua tecnologia foi desenvolvida especificamente para oferecer seguran\u00e7a, autenticidade, confidencialidade e integridade \u00e0s informa\u00e7\u00f5es eletr\u00f4nicas. \u00c9 como se fosse uma carteira de identidade eletr\u00f4nica que garante a identidade das partes envolvidas.<\/p>\n<p><b>Cart\u00e3o do CNPJ emitido atrav\u00e9s do site da RFB \u2013 Receita Federal do Brasil;<\/b><\/p>\n<p><b>Ato constitutivo do CNPJ que pode ser um dos documentos abaixo:<\/b><\/p>\n<ul>\n<li>Requerimento de Empres\u00e1rio para empresa individual ou;<\/li>\n<li>Certificado de microempreendedor ou;<\/li>\n<li>Contrato Social da empresa ou;<\/li>\n<li>Estatuto Social e ata de elei\u00e7\u00e3o dos atuais administradores ou;<\/li>\n<li>\u00d3rg\u00e3o P\u00fablico \u2013 Ato legal de Constitui\u00e7\u00e3o de cria\u00e7\u00e3o do \u00f3rg\u00e3o p\u00fablico (decreto, lei) e ato de\u00a0nomea\u00e7\u00e3o\/termo de posse do representante legal publicado oficialmente;<\/li>\n<li>A c\u00f3pia de documento disponibilizado pelo site da JUNTA COMERCIAL dever\u00e1 conter os\u00a0c\u00f3digos\/protocolos para valida\u00e7\u00e3o do mesmo.<\/li>\n<\/ul>\n<p><b>Condom\u00ednios: Conforme determinado na IN\u00ba 02 de 09 de agosto de 2011, publicado pelo ITI.<\/b><\/p>\n<ul>\n<li>Ata da Assembl\u00e9ia Condominial que escolheu o s\u00edndico, acompanhado da lista dos participantes da elei\u00e7\u00e3o, sendo obrigat\u00f3rio a participa\u00e7\u00e3o de ao menos um propriet\u00e1rio de im\u00f3vel localizado no condom\u00ednio, como a comprova\u00e7\u00e3o de sua propriedade e firma reconhecida na referida ata<\/li>\n<li>Conven\u00e7\u00e3o emitida\u00a0e registrada ap\u00f3s a vig\u00eancia do novo C\u00f3digo Civil (art. 1332 e ss)<\/li>\n<li>Documentos de testamento ou a escritura p\u00fablica \/ particular de institui\u00e7\u00e3o, ou\u00a0certid\u00e3o do instrumento de individualiza\u00e7\u00e3o do condom\u00ednio emitida pelo Cart\u00f3rio de\u00a0Registro de Im\u00f3veis de sua localiza\u00e7\u00e3o<\/li>\n<li>Documenta\u00e7\u00e3o original do(s) representantes legais da pessoa jur\u00eddica<\/li>\n<\/ul>\n<p>Obs: Caso no estatuto, contrato social ou documento equivalente do CNPJ, conste que o\u00a0representante legal do CNPJ n\u00e3o possa assinar isoladamente, ser\u00e1 necess\u00e1rio que as pessoas\u00a0citadas neste documento como representantes legais compare\u00e7am para valida\u00e7\u00e3o presencial de\u00a0posse de seus documentos.<\/p>\n<p><b>CPF e C\u00e9dula de Identidade v\u00e1lida em todo Territ\u00f3rio Nacional que podem ser:<\/b><\/p>\n<ul>\n<li>Preferencialmente a Carteira Nacional de Habilita\u00e7\u00e3o \u2013 CNH n\u00e3o vencida, ou\u00a0Passaporte Brasileiro.<\/li>\n<li>Na falta destes apresentar RG (em caso de RG infantil, deve ser apresentado outro documento de\u00a0identifica\u00e7\u00e3o emitido a menos de cinco anos), ou<\/li>\n<li>Carteira Profissional.<\/li>\n<li>Estrangeiros domiciliados no Brasil dever\u00e3o apresentar tamb\u00e9m a Carteira Nacional de Estrangeiro \u2013 CNE<\/li>\n<\/ul>\n<p><b>Comprovante de resid\u00eancia recente (at\u00e9 3 meses) em nome do titular do certificado.<\/b><\/p>\n<ul>\n<li><b><\/b><b>Ser\u00e3o aceitas contas de concession\u00e1rias de servi\u00e7o p\u00fablico (Luz, \u00c1gua, Telefonia fixa e m\u00f3vel).<\/b><\/li>\n<\/ul>\n<p><b>Procurador<\/b><\/p>\n<p>A emiss\u00e3o de certificado em nome de procurador \u00e9 admitida apenas se o ato constitutivo da pessoa jur\u00eddica\u00a0(contrato\/ estatuto) prever expressamente tal possibilidade, (exceto empresas individuais e MEI) devendo-se, para\u00a0tanto, revestir-se da forma p\u00fablica com poderes espec\u00edficos para atuar perante ICP-Brasil e com data de emiss\u00e3o de\u00a0at\u00e9 90 dias (item 3.1.1.1, al\u00ednea \u201ca\u201d, item i do DOC-ICP-05).<\/p>\n<p><strong><span class=\"titulo cor-secundaria\">Formas de Pagamento:<\/span><\/strong><\/p>\n<p><img decoding=\"async\" class=\"n3VNCb\" src=\"https:\/\/1.bp.blogspot.com\/-OgfYbeqVrrs\/T9YJPOvu5uI\/AAAAAAAACno\/jg-6zRGn7Zs\/s1600\/pagamento.png\" alt=\"BASTIDORES DO TURISMO: FORMAS DE PAGAMENTO APLICADAS NO TURISMO\" data-noaft=\"1\" \/><\/p>\n<p><strong>Todos os pagamentos realizados na Ew Sistemas TI s\u00e3o redirecionados e processados pelo PayPal ou PagSeguro, em ambiente de autentica\u00e7\u00e3o destas empresas. O n\u00famero de cart\u00e3o n\u00e3o \u00e9 armazenado em nossos servidores. Somente \u00e9 armazenado nome e e-mail para efeito de login e os dados: Endere\u00e7o e CPF\/CNPJ para emiss\u00e3o de NF-s. Sem estes dados n\u00e3o t\u00eam como logar e emitir documenta\u00e7\u00e3o fiscal. N\u00e3o repassamos para terceiros nenhum dados de nossos alunos e\/ou clientes.<\/strong><\/p>\n<p>N\u00e3o se preocupe esta compra \u00e9\u00a0<strong>100% garantida!<\/strong><\/p>\n<p><strong><span class=\"titulo cor-secundaria\">Selos de Seguran\u00e7a<\/span><\/strong><\/p>\n<p><img decoding=\"async\" class=\"n3VNCb\" src=\"https:\/\/www.dentalpaulista.com.br\/wp-content\/uploads\/2019\/04\/site-seguro-1024x248.png\" alt=\"Odontoflex \u2013 Dental Paulista\" width=\"383\" height=\"93\" data-noaft=\"1\" \/><\/p>\n<p>Se por qualquer motivo voc\u00ea n\u00e3o gostar do nosso Sistema* e quiser seu dinheiro de volta, n\u00f3s faremos o reembolso sem questionar nada e sem ressentimentos.<\/p>\n<p>Essa garantia\u00a0<strong>\u00e9 v\u00e1lida por 7 (sete) dias<\/strong>\u00a0a contar da libera\u00e7\u00e3o do pagamento pela operadora do cart\u00e3o de cr\u00e9dito.<\/p>\n<p><img fetchpriority=\"high\" fetchpriority=\"high\" decoding=\"async\" class=\"alignnone size-medium wp-image-1020 aligncenter\" src=\"https:\/\/ewsistemasecursos.com.br\/ava\/wp-content\/uploads\/2019\/08\/Garantia-7-Dias-3-300x252.png\" sizes=\"(max-width: 300px) 100vw, 300px\" srcset=\"https:\/\/ewsistemasecursos.com.br\/ava\/wp-content\/uploads\/2019\/08\/Garantia-7-Dias-3-300x252.png 300w, https:\/\/ewsistemasecursos.com.br\/ava\/wp-content\/uploads\/2019\/08\/Garantia-7-Dias-3-600x503.png 600w, https:\/\/ewsistemasecursos.com.br\/ava\/wp-content\/uploads\/2019\/08\/Garantia-7-Dias-3.png 640w\" alt=\"\" width=\"300\" height=\"252\" \/><\/p>\n<p>Ew Sistemas TI.<\/p>\n","protected":false},"excerpt":{"rendered":"<p>Benef\u00edcios Certificado e-CNPJ<\/p>\n<ul>\n<li>Por 01 (um) ano;<\/li>\n<li>Assinatura digital de documentos;<\/li>\n<li>Declara\u00e7\u00e3o facilitada do IR;<\/li>\n<li>Acesso aos leil\u00f5es eletr\u00f4nicos;<\/li>\n<li>Acessar ambientes virtuais de forma segura;<\/li>\n<li>Substitui a assinatura f\u00edsica com papel e caneta em contratos etc;<\/li>\n<li>Acesso simplificado aos servi\u00e7os da Receita Federal do Brasil.<\/li>\n<li>Emiss\u00e3o de NF-e;<\/li>\n<li>Emiss\u00e3o de DANFE;<\/li>\n<li>Redu\u00e7\u00e3o de custos.<\/li>\n<\/ul>\n<p><strong>ATEN\u00c7\u00c3O!!!<\/strong>\u00a0\u2013 Ap\u00f3s realizar a compra, favor aguardar que iremos entrar em contato, para agendar uma data e hora visando a emiss\u00e3o do Certificado Digital.<\/p>\n","protected":false},"featured_media":6189,"comment_status":"open","ping_status":"closed","template":"","meta":{"_et_pb_use_builder":"","_et_pb_old_content":"","_et_gb_content_width":"","_joinchat":[]},"product_brand":[],"product_cat":[243,244,26],"product_tag":[217,214,218],"class_list":{"0":"post-6187","1":"product","2":"type-product","3":"status-publish","4":"has-post-thumbnail","6":"product_cat-certificado-digital","7":"product_cat-certificado-digital-2","8":"product_cat-servicos","9":"product_tag-certificado-a1-e-cnpj","10":"product_tag-certificado-digital","11":"product_tag-e-cnpj","13":"first","14":"instock","15":"sale","16":"virtual","17":"purchasable","18":"product-type-simple"},"_links":{"self":[{"href":"https:\/\/ewsistemasti.com.br\/loja\/wp-json\/wp\/v2\/product\/6187","targetHints":{"allow":["GET"]}}],"collection":[{"href":"https:\/\/ewsistemasti.com.br\/loja\/wp-json\/wp\/v2\/product"}],"about":[{"href":"https:\/\/ewsistemasti.com.br\/loja\/wp-json\/wp\/v2\/types\/product"}],"replies":[{"embeddable":true,"href":"https:\/\/ewsistemasti.com.br\/loja\/wp-json\/wp\/v2\/comments?post=6187"}],"wp:featuredmedia":[{"embeddable":true,"href":"https:\/\/ewsistemasti.com.br\/loja\/wp-json\/wp\/v2\/media\/6189"}],"wp:attachment":[{"href":"https:\/\/ewsistemasti.com.br\/loja\/wp-json\/wp\/v2\/media?parent=6187"}],"wp:term":[{"taxonomy":"product_brand","embeddable":true,"href":"https:\/\/ewsistemasti.com.br\/loja\/wp-json\/wp\/v2\/product_brand?post=6187"},{"taxonomy":"product_cat","embeddable":true,"href":"https:\/\/ewsistemasti.com.br\/loja\/wp-json\/wp\/v2\/product_cat?post=6187"},{"taxonomy":"product_tag","embeddable":true,"href":"https:\/\/ewsistemasti.com.br\/loja\/wp-json\/wp\/v2\/product_tag?post=6187"}],"curies":[{"name":"wp","href":"https:\/\/api.w.org\/{rel}","templated":true}]}}