{"id":6190,"date":"2023-04-27T15:38:13","date_gmt":"2023-04-27T18:38:13","guid":{"rendered":"https:\/\/ewsistemasti.com.br\/loja\/?post_type=product&#038;p=6190"},"modified":"2023-10-30T10:42:06","modified_gmt":"2023-10-30T13:42:06","slug":"certificado-digital-a3-pf-02-anos","status":"publish","type":"product","link":"https:\/\/ewsistemasti.com.br\/loja\/produto\/certificado-digital-a3-pf-02-anos\/","title":{"rendered":"Certificado Digital A3 PF \u2013 02 Anos"},"content":{"rendered":"<p>Certificado Digital A3 Pessoa F\u00edsica \u2013 02 Anos<\/p>\n<p>O e-CPF A3\u00a0<b>\u00e9 o certificado digital que identifica a Pessoa F\u00edsica no mundo digital<\/b>.<\/p>\n<p>\u00c9 emitido em cart\u00e3o ou token.<\/p>\n<p><b>A pessoa f\u00edsica n\u00e3o pode ser representada por procurador.<\/b><\/p>\n<p>Conforme determina a Resolu\u00e7\u00e3o CG ICP-Brasil n\u00b0 42\/2006, item 3.1.9) onde pro\u00edbe a utiliza\u00e7\u00e3o de qualquer tipo de procura\u00e7\u00e3o para representar o titular do certificado, sendo assim, o pr\u00f3prio interessado em adquirir o certificado \u00e9 quem dever\u00e1 comparecer pessoalmente perante \u00e0 Autoridade de Registro CertBR.<\/p>\n<p><b>Documentos obrigat\u00f3rios a serem apresentados<\/b><\/p>\n<p>(original sem rasuras e em perfeito estado de conserva\u00e7\u00e3o):<\/p>\n<p><b>CPF \u2013 O nome apresentado no CPF dever\u00e1 ser o mesmo do documento de identidade apresentado.<\/b><\/p>\n<ul>\n<li>CPF e C\u00e9dula de Identidade v\u00e1lida em todo Territ\u00f3rio Nacional que podem ser:<\/li>\n<li>Preferencialmente a Carteira Nacional de Habilita\u00e7\u00e3o \u2013 CNH, ou<\/li>\n<li>Passaporte Brasileiro.<\/li>\n<li>Na falta destes apresentar RG (em caso de RG infantil, deve ser apresentado outro documento de\u00a0identifica\u00e7\u00e3o emitido a menos de cinco anos), ou<\/li>\n<li>Carteira Profissional.<\/li>\n<li>Estrangeiros domiciliados no Brasil dever\u00e3o apresentar tamb\u00e9m a Carteira Nacional de Estrangeiro \u2013 CNE<\/li>\n<\/ul>\n<p><b>Comprovante de resid\u00eancia recente (at\u00e9 3 meses)<\/b><\/p>\n<ul>\n<li>Deve estar no nome do titular do certificado<\/li>\n<li>Ser\u00e3o aceitas contas de concession\u00e1rias de servi\u00e7o p\u00fablico (luz, \u00e1gua, telefonia fixa e m\u00f3vel)<\/li>\n<\/ul>\n<p><b>PIS\/PASEP (opcional)<\/b><\/p>\n<ul>\n<li>Obrigat\u00f3rio para acessar os servi\u00e7os de Conectividade Social da CAIXA por usu\u00e1rio outorgado ou substabelecido pela empresa<\/li>\n<\/ul>\n<p><b>Para consulta do PIS acesse os sites abaixo:<\/b><\/p>\n<ul>\n<li><a href=\"http:\/\/www3.dataprev.gov.br\/cws\/contexto\/captchar\/index_cipost2.html\">http:\/\/www3.dataprev.gov.br\/cws\/contexto\/captchar\/index_cipost2.html<\/a><\/li>\n<li><a href=\"http:\/\/www1.dataprev.gov.br\/cadint\/sp2cgi.exe?sp2application=cadint\">http:\/\/www1.dataprev.gov.br\/cadint\/sp2cgi.exe?sp2application=cadint<\/a><\/li>\n<\/ul>\n<p><b>CEI \u2013 Cadastro espec\u00edfico do INSS (opcional)<\/b><\/p>\n<ul>\n<li>Obrigat\u00f3rio para acessar os servi\u00e7os de Conectividade Social da CAIXA por empregador pessoa f\u00edsica<\/li>\n<\/ul>\n<p>Para consulta do CEI:<\/p>\n<p><a href=\"http:\/\/www3.dataprev.gov.br\/cws\/contexto\/captchar\/index_salEmpresa2.html\">http:\/\/www3.dataprev.gov.br\/cws\/contexto\/captchar\/index_salEmpresa2.html<\/a><\/p>\n<p><strong><span class=\"titulo cor-secundaria\">Formas de Pagamento:<\/span><\/strong><\/p>\n<p><img decoding=\"async\" class=\"n3VNCb\" src=\"https:\/\/1.bp.blogspot.com\/-OgfYbeqVrrs\/T9YJPOvu5uI\/AAAAAAAACno\/jg-6zRGn7Zs\/s1600\/pagamento.png\" alt=\"BASTIDORES DO TURISMO: FORMAS DE PAGAMENTO APLICADAS NO TURISMO\" data-noaft=\"1\" \/><\/p>\n<p><strong>Todos os pagamentos realizados na Ew Sistemas TI s\u00e3o redirecionados e processados pelo PayPal ou PagSeguro, em ambiente de autentica\u00e7\u00e3o destas empresas. O n\u00famero de cart\u00e3o n\u00e3o \u00e9 armazenado em nossos servidores. Somente \u00e9 armazenado nome e e-mail para efeito de login e os dados: Endere\u00e7o e CPF\/CNPJ para emiss\u00e3o de NF-s. Sem estes dados n\u00e3o t\u00eam como logar e emitir documenta\u00e7\u00e3o fiscal. N\u00e3o repassamos para terceiros nenhum dados de nossos alunos e\/ou clientes.<\/strong><\/p>\n<p>N\u00e3o se preocupe esta compra \u00e9\u00a0<strong>100% garantida!<\/strong><\/p>\n<p><strong><span class=\"titulo cor-secundaria\">Selos de Seguran\u00e7a<\/span><\/strong><\/p>\n<p><img decoding=\"async\" class=\"n3VNCb\" src=\"https:\/\/www.dentalpaulista.com.br\/wp-content\/uploads\/2019\/04\/site-seguro-1024x248.png\" alt=\"Odontoflex \u2013 Dental Paulista\" width=\"383\" height=\"93\" data-noaft=\"1\" \/><\/p>\n<p>Se por qualquer motivo voc\u00ea n\u00e3o gostar do nosso Sistema* e quiser seu dinheiro de volta, n\u00f3s faremos o reembolso sem questionar nada e sem ressentimentos.<\/p>\n<p>Essa garantia\u00a0<strong>\u00e9 v\u00e1lida por 7 (sete) dias<\/strong>\u00a0a contar da libera\u00e7\u00e3o do pagamento pela operadora do cart\u00e3o de cr\u00e9dito.<\/p>\n<p><img fetchpriority=\"high\" fetchpriority=\"high\" decoding=\"async\" class=\"alignnone size-medium wp-image-1020 aligncenter\" src=\"https:\/\/ewsistemasecursos.com.br\/ava\/wp-content\/uploads\/2019\/08\/Garantia-7-Dias-3-300x252.png\" sizes=\"(max-width: 300px) 100vw, 300px\" srcset=\"https:\/\/ewsistemasecursos.com.br\/ava\/wp-content\/uploads\/2019\/08\/Garantia-7-Dias-3-300x252.png 300w, https:\/\/ewsistemasecursos.com.br\/ava\/wp-content\/uploads\/2019\/08\/Garantia-7-Dias-3-600x503.png 600w, https:\/\/ewsistemasecursos.com.br\/ava\/wp-content\/uploads\/2019\/08\/Garantia-7-Dias-3.png 640w\" alt=\"\" width=\"300\" height=\"252\" \/><\/p>\n<p>Ew Sistemas TI.<\/p>\n","protected":false},"excerpt":{"rendered":"<p>Benef\u00edcios Certificado e-CPF A3<\/p>\n<ul>\n<li>Por 02 (dois) anos;<\/li>\n<li>Assinatura digital de documentos;<\/li>\n<li>Declara\u00e7\u00e3o facilitada do IR;<\/li>\n<li>Acesso aos leil\u00f5es eletr\u00f4nicos;<\/li>\n<li>Acessar ambientes virtuais de forma segura;<\/li>\n<li>Substitui a assinatura f\u00edsica com papel e caneta em contratos etc;<\/li>\n<li>Acesso simplificado aos servi\u00e7os da Receita Federal do Brasil.<\/li>\n<\/ul>\n<p><strong>ATEN\u00c7\u00c3O!!!<\/strong>\u00a0\u2013 Ap\u00f3s realizar a compra, favor aguardar que iremos entrar em contato, para agendar uma data e hora visando a emiss\u00e3o do Certificado Digital.<\/p>\n","protected":false},"featured_media":6192,"comment_status":"open","ping_status":"closed","template":"","meta":{"_et_pb_use_builder":"","_et_pb_old_content":"","_et_gb_content_width":"","_joinchat":[]},"product_brand":[],"product_cat":[243,244,26],"product_tag":[219,220],"class_list":{"0":"post-6190","1":"product","2":"type-product","3":"status-publish","4":"has-post-thumbnail","6":"product_cat-certificado-digital","7":"product_cat-certificado-digital-2","8":"product_cat-servicos","9":"product_tag-certificado-digital-a3","10":"product_tag-e-cpf","12":"first","13":"instock","14":"sale","15":"virtual","16":"purchasable","17":"product-type-simple"},"_links":{"self":[{"href":"https:\/\/ewsistemasti.com.br\/loja\/wp-json\/wp\/v2\/product\/6190","targetHints":{"allow":["GET"]}}],"collection":[{"href":"https:\/\/ewsistemasti.com.br\/loja\/wp-json\/wp\/v2\/product"}],"about":[{"href":"https:\/\/ewsistemasti.com.br\/loja\/wp-json\/wp\/v2\/types\/product"}],"replies":[{"embeddable":true,"href":"https:\/\/ewsistemasti.com.br\/loja\/wp-json\/wp\/v2\/comments?post=6190"}],"wp:featuredmedia":[{"embeddable":true,"href":"https:\/\/ewsistemasti.com.br\/loja\/wp-json\/wp\/v2\/media\/6192"}],"wp:attachment":[{"href":"https:\/\/ewsistemasti.com.br\/loja\/wp-json\/wp\/v2\/media?parent=6190"}],"wp:term":[{"taxonomy":"product_brand","embeddable":true,"href":"https:\/\/ewsistemasti.com.br\/loja\/wp-json\/wp\/v2\/product_brand?post=6190"},{"taxonomy":"product_cat","embeddable":true,"href":"https:\/\/ewsistemasti.com.br\/loja\/wp-json\/wp\/v2\/product_cat?post=6190"},{"taxonomy":"product_tag","embeddable":true,"href":"https:\/\/ewsistemasti.com.br\/loja\/wp-json\/wp\/v2\/product_tag?post=6190"}],"curies":[{"name":"wp","href":"https:\/\/api.w.org\/{rel}","templated":true}]}}