{"id":6201,"date":"2023-09-01T11:05:45","date_gmt":"2023-09-01T14:05:45","guid":{"rendered":"https:\/\/ewsistemasti.com.br\/loja\/?post_type=product&#038;p=6201"},"modified":"2024-03-07T13:09:51","modified_gmt":"2024-03-07T16:09:51","slug":"consultoria-scripcase","status":"publish","type":"product","link":"https:\/\/ewsistemasti.com.br\/loja\/produto\/consultoria-scripcase\/","title":{"rendered":"Consultoria ScripCase"},"content":{"rendered":"<h1><strong>ATEN\u00c7\u00c3O!!!<\/strong><\/h1>\n<h1>Este produto \u00e9 exclusivamente uma consultoria que ser\u00e1 cobrado por hora de 60 min (cada).<\/h1>\n<p>Caso queira outro servi\u00e7o a n\u00e3o ser consultoria, basta entrar em contato. Realizamos diversos servi\u00e7os como destacado abaixo:<\/p>\n<h1>Desenvolvimento Sob Demanda<\/h1>\n<p>Desenvolvemos seu sistema sob demanda, ou seja, desenvolvimento em ambiente ScriptCase.<\/p>\n<h1>Altera\u00e7\u00f5es e Evolu\u00e7\u00f5es<\/h1>\n<p>Se o seu sistema web j\u00e1 est\u00e1 desenvolvido em ambiente ScriptCase, n\u00f3s da Ew Sistemas TI podemos continuar o desenvolvimento e\/ou alterar conforme sua necessidade.<\/p>\n<h1>Profissionais Capacitados<\/h1>\n<p>A Ew Sistemas TI tem profissionais desenvolvedores altamente capacitados para desenvolver conforme a sua necessidade. Entre em contato por meio do telefone (rodap\u00e9) e\/ou whatsapp no link na p\u00e1gina no canto inferior esquerdo.<\/p>\n<p><strong>Todos os nossos servi\u00e7os, sistemas e cursos podem ser parcelados em at\u00e9 12 vezes, aceitamos todos os cart\u00f5es de cr\u00e9dito ou \u00e0 vista no d\u00e9bito. Tamb\u00e9m aceitamos transfer\u00eancia banc\u00e1ria online, somente para quem possui conta nos bancos do Brasil e Bradesco. O parcelamento pode ser realizado para todo o site. Inclusive para os itens que estiverem em promo\u00e7\u00e3o.<\/strong><\/p>\n<p><strong><span class=\"titulo cor-secundaria\">Formas de Pagamento:<\/span><\/strong><\/p>\n<p><img fetchpriority=\"high\" fetchpriority=\"high\" decoding=\"async\" class=\"n3VNCb alignnone\" src=\"https:\/\/1.bp.blogspot.com\/-OgfYbeqVrrs\/T9YJPOvu5uI\/AAAAAAAACno\/jg-6zRGn7Zs\/s1600\/pagamento.png\" alt=\"\" width=\"366\" height=\"137\" data-noaft=\"1\" \/><\/p>\n<p><strong>Todos os pagamentos realizados na Ew Sistemas TI s\u00e3o redirecionados e processados pelo PayPal ou PagSeguro, em ambiente de autentica\u00e7\u00e3o destas empresas. O n\u00famero de cart\u00e3o n\u00e3o \u00e9 armazenado em nossos servidores. Somente \u00e9 armazenado nome e e-mail para efeito de login e os dados: Endere\u00e7o e CPF\/CNPJ para emiss\u00e3o de NF-s. Sem estes dados n\u00e3o t\u00eam como logar e emitir documenta\u00e7\u00e3o fiscal. N\u00e3o repassamos para terceiros nenhum dados de nossos alunos e\/ou clientes.<\/strong><\/p>\n<p>N\u00e3o se preocupe esta compra \u00e9\u00a0<strong>100% garantida!<\/strong><\/p>\n<p><strong><span class=\"titulo cor-secundaria\">Selos de Seguran\u00e7a<\/span><\/strong><\/p>\n<p><img decoding=\"async\" class=\"alignnone size-full wp-image-6246\" src=\"https:\/\/ewsistemasti.com.br\/loja\/wp-content\/uploads\/2024\/03\/siteseguro.jpeg\" alt=\"\" width=\"287\" height=\"176\" \/><\/p>\n<p>Se por qualquer motivo voc\u00ea n\u00e3o gostar do nosso Sistema* e quiser seu dinheiro de volta, n\u00f3s faremos o reembolso sem questionar nada e sem ressentimentos.<\/p>\n<p>Essa garantia\u00a0<strong>\u00e9 v\u00e1lida por 7 (sete) dias<\/strong>\u00a0a contar da libera\u00e7\u00e3o do pagamento pela operadora do cart\u00e3o de cr\u00e9dito.<\/p>\n<p><img decoding=\"async\" class=\"alignnone size-medium wp-image-1020 aligncenter\" src=\"https:\/\/ewsistemasecursos.com.br\/ava\/wp-content\/uploads\/2019\/08\/Garantia-7-Dias-3-300x252.png\" sizes=\"(max-width: 300px) 100vw, 300px\" srcset=\"https:\/\/ewsistemasecursos.com.br\/ava\/wp-content\/uploads\/2019\/08\/Garantia-7-Dias-3-300x252.png 300w, https:\/\/ewsistemasecursos.com.br\/ava\/wp-content\/uploads\/2019\/08\/Garantia-7-Dias-3-600x503.png 600w, https:\/\/ewsistemasecursos.com.br\/ava\/wp-content\/uploads\/2019\/08\/Garantia-7-Dias-3.png 640w\" alt=\"\" width=\"300\" height=\"252\" \/><\/p>\n<p>Ew Sistemas TI.<\/p>\n","protected":false},"excerpt":{"rendered":"<p><strong>Este produto \u00e9 exclusivamente uma consultoria que ser\u00e1 cobrado por hora de 60 min. (cada).<\/strong><\/p>\n<p>Portanto, n\u00f3s da Ew Sistemas TI prestamos consultoria e desenvolvimento em ambiente ScriptCase.<\/p>\n<p>Para esta consultoria, ou seja, para este produto. Ser\u00e1 prestado consultoria nas hora(s) comprada(s) referente especificamente ao ScriptCase.<\/p>\n<p>Seja em um sistema web existente ou no desenvolvimento em um novo sistema.<\/p>\n<p>Desenvolvemos Sob Demanda conforme a sua necessidade.<\/p>\n<p>A consultoria \u00e9 um servi\u00e7o exclusivo da Ew Sistemas TI para nossos clientes que tenham sistemas desenvolvidos em ambiente scriptcase, mesmo que o sistema n\u00e3o tenha sido desenvolvido por n\u00f3s.<\/p>\n<p>Para desenvolvimento entrar em contato antes de comprar a consultoria.<\/p>\n<p>&nbsp;<\/p>\n","protected":false},"featured_media":6204,"comment_status":"open","ping_status":"closed","template":"","meta":{"_et_pb_use_builder":"","_et_pb_old_content":"","_et_gb_content_width":"","_joinchat":[]},"product_brand":[],"product_cat":[19,26],"product_tag":[223,224,222,189,225,226],"class_list":{"0":"post-6201","1":"product","2":"type-product","3":"status-publish","4":"has-post-thumbnail","6":"product_cat-comerciais","7":"product_cat-servicos","8":"product_tag-desenvolvimento-rad","9":"product_tag-netmaker","10":"product_tag-scriptcase","11":"product_tag-sistema","12":"product_tag-sistemas","13":"product_tag-sistemas-web","15":"first","16":"instock","17":"virtual","18":"purchasable","19":"product-type-simple"},"_links":{"self":[{"href":"https:\/\/ewsistemasti.com.br\/loja\/wp-json\/wp\/v2\/product\/6201","targetHints":{"allow":["GET"]}}],"collection":[{"href":"https:\/\/ewsistemasti.com.br\/loja\/wp-json\/wp\/v2\/product"}],"about":[{"href":"https:\/\/ewsistemasti.com.br\/loja\/wp-json\/wp\/v2\/types\/product"}],"replies":[{"embeddable":true,"href":"https:\/\/ewsistemasti.com.br\/loja\/wp-json\/wp\/v2\/comments?post=6201"}],"wp:featuredmedia":[{"embeddable":true,"href":"https:\/\/ewsistemasti.com.br\/loja\/wp-json\/wp\/v2\/media\/6204"}],"wp:attachment":[{"href":"https:\/\/ewsistemasti.com.br\/loja\/wp-json\/wp\/v2\/media?parent=6201"}],"wp:term":[{"taxonomy":"product_brand","embeddable":true,"href":"https:\/\/ewsistemasti.com.br\/loja\/wp-json\/wp\/v2\/product_brand?post=6201"},{"taxonomy":"product_cat","embeddable":true,"href":"https:\/\/ewsistemasti.com.br\/loja\/wp-json\/wp\/v2\/product_cat?post=6201"},{"taxonomy":"product_tag","embeddable":true,"href":"https:\/\/ewsistemasti.com.br\/loja\/wp-json\/wp\/v2\/product_tag?post=6201"}],"curies":[{"name":"wp","href":"https:\/\/api.w.org\/{rel}","templated":true}]}}