{"id":910,"date":"2019-11-29T11:53:27","date_gmt":"2019-11-29T14:53:27","guid":{"rendered":"https:\/\/ewsistemasti.com.br\/loja\/?post_type=product&#038;p=910"},"modified":"2024-03-07T18:04:08","modified_gmt":"2024-03-07T21:04:08","slug":"o-sistema-de-cadastro-juridico-v1-0-web","status":"publish","type":"product","link":"https:\/\/ewsistemasti.com.br\/loja\/produto\/o-sistema-de-cadastro-juridico-v1-0-web\/","title":{"rendered":"O SISTEMA DE CADASTRO JUR\u00cdDICO v1.0 Web"},"content":{"rendered":"<p><strong>O SISTEMA DE CADASTRO JUR\u00cdDICO v1.0 Web<\/strong><\/p>\n<p><strong>Solu\u00e7\u00e3o completa, hospedagem de site, cria\u00e7\u00e3o do site do cliente e o sistema de cadastro jur\u00eddico v1.0 Web.\u00a0<\/strong><\/p>\n<p>Primeiro: gostar\u00edamos de agradecer sua visita.<\/p>\n<p>Segundo: assista alguns v\u00eddeos disponibilizados para melhor entendimento e demonstra\u00e7\u00e3o do Sistema.<\/p>\n<p>Observa\u00e7\u00e3o: Os v\u00eddeos tratam-se de outros Sistemas, mas os Sistemas s\u00e3o gen\u00e9ricos no conte\u00fado de entrega (pacote), no procedimento de instala\u00e7\u00e3o e atualiza\u00e7\u00e3o. Ou seja, todos tem o mesmo procedimento, contudo, cada sistema tem a sua documenta\u00e7\u00e3o distinta e instaladores diferenciados. Neste sentido, o Sistema SICAJU v1.0 ter\u00e1 a sua documenta\u00e7\u00e3o, instalador e atualiza\u00e7\u00e3o espec\u00edficos.<\/p>\n<p>Links abaixo:<\/p>\n<ol>\n<li><a href=\"https:\/\/youtu.be\/tYpROFPf-_I\" target=\"_blank\" rel=\"noreferrer noopener\">Acompanha a Instala\u00e7\u00e3o<\/a>\u00a0(Todos Sistemas);<\/li>\n<li><a href=\"https:\/\/youtu.be\/uguggcPpHRU\" target=\"_blank\" rel=\"noreferrer noopener\">Instala\u00e7\u00e3o do Sistema<\/a>\u00a0(Todos Sistemas);<\/li>\n<li><a href=\"https:\/\/youtu.be\/PeWKfyw7a5w\" target=\"_blank\" rel=\"noreferrer noopener\">Atualiza\u00e7\u00e3o do Sistema<\/a>\u00a0(Todos Sistemas);<\/li>\n<li><a href=\"https:\/\/youtu.be\/v1Vrwpf926Q\" target=\"_blank\" rel=\"noreferrer noopener\">Instala\u00e7\u00e3o do Sistema no Windows<\/a>\u00a010 (Todos Sistemas);<\/li>\n<li><a href=\"https:\/\/advogados.ewsistemasecursos.com.br\/\" target=\"_blank\" rel=\"noopener noreferrer\">Demonstra\u00e7\u00e3o do Site pronto e Sistema SICAJU WEB em nossa hospedagem.<\/a><\/li>\n<\/ol>\n<p>Agora que voc\u00ea j\u00e1 assistiu aos v\u00eddeos vamos pontuar alguns detalhes importantes antes de voc\u00ea adquirir o Sistema de Cadastro Jur\u00eddico v1.0.<\/p>\n<p><strong>Sobre o Sistema de Cadastro Jur\u00eddico \u2013 SIJ v1.0.<\/strong><\/p>\n<p><strong>PRINCIPAIS FUN\u00c7\u00d5ES:<\/strong><\/p>\n<ul>\n<li>Cadastro de diversos advogados;<\/li>\n<li>\u00a0Controle de processos;<\/li>\n<li>\u00a0Controle financeiro dos processos;<\/li>\n<li>\u00a0Controle de datas e prazos;<\/li>\n<li>F\u00e1cil utiliza\u00e7\u00e3o com interface amig\u00e1vel;<\/li>\n<li>Atualiza\u00e7\u00e3o via internet (<em>liveUpdate<\/em>);<\/li>\n<li>Muito mais\u2026<\/li>\n<\/ul>\n<p><strong>O SISTEMA CONTEMPLA:<\/strong><\/p>\n<ul>\n<li>Instalador do sistema (liberado via\u00a0<em>download)<\/em>;<\/li>\n<li>Manual do usu\u00e1rio no formato pdf (liberado via\u00a0<em>download);<\/em><\/li>\n<li>Manual de Instala\u00e7\u00e3o e Atualiza\u00e7\u00e3o (liberado via\u00a0<em>download)<\/em>;<\/li>\n<li>Link do Formul\u00e1rio de Registro do Sistema\u00a0(liberado via\u00a0<em>download)<\/em>;<\/li>\n<li>V\u00eddeo demonstrativo de instala\u00e7\u00e3o disponibilizado aqui na plataforma;<\/li>\n<li>Uso personaliz\u00e1vel da logo marca de sua empresa;<\/li>\n<li>Relat\u00f3rios em tela e via impressora;<\/li>\n<li>Backup dentro do sistema;<\/li>\n<li>Tr\u00eas n\u00edveis de senha;\n<ul>\n<li>Opera\u00e7\u00e3o;<\/li>\n<li>Manuten\u00e7\u00e3o;<\/li>\n<li>Ger\u00eancia.<\/li>\n<\/ul>\n<\/li>\n<\/ul>\n<p><strong>LICEN\u00c7A:<\/strong><\/p>\n<p>Voc\u00ea est\u00e1 adquirindo 01 (uma) licen\u00e7a de uso do SICAJU v1.0. Essa licen\u00e7a \u00e9 de uso perp\u00e9tuo. Contudo, se quiser receber suporte e atualiza\u00e7\u00f5es, basta adquirir al\u00e9m do Sistema o suporte adicional, leia a seguir o pr\u00f3ximo t\u00f3pico e veja as modalidades existentes de suporte.<\/p>\n<p><strong>SUPORTE:<\/strong><\/p>\n<p>Temos\u00a0<a href=\"https:\/\/ewsistemasti.com.br\/wpress\/manutencao-e-ou-alteracao\/\">suporte<\/a>\u00a0nas modalidades\u00a0<a href=\"https:\/\/ewsistemasecursos.com.br\/prof.ednewton\/produto\/manutencao-mensal\/\">mensal<\/a>,<a href=\"https:\/\/ewsistemasti.com.br\/loja\/produto\/suporte-trimestral\/\">\u00a0trimestral<\/a>,\u00a0<a href=\"https:\/\/ewsistemasti.com.br\/loja\/produto\/suporte-semestral\/\">semestral<\/a>\u00a0e\u00a0<a href=\"https:\/\/ewsistemasti.com.br\/loja\/produto\/suporte-anual\/\">anual<\/a>\u00a0com direito \u00e0 atualiza\u00e7\u00f5es + suporte via e-mail.<\/p>\n<p><strong>FUNCIONAMENTO:<\/strong><\/p>\n<p>Sistema Web.<\/p>\n<p><strong>Todos os nossos servi\u00e7os, sistemas e cursos podem ser parcelados em at\u00e9 12 vezes, aceitamos todos os cart\u00f5es de cr\u00e9dito ou \u00e0 vista no d\u00e9bito. Tamb\u00e9m aceitamos transfer\u00eancia banc\u00e1ria online, somente para quem possui conta nos bancos do Brasil e Bradesco. O parcelamento pode ser realizado para todo o site. Inclusive para os itens que estiverem em promo\u00e7\u00e3o.<\/strong><\/p>\n<p><strong><span class=\"titulo cor-secundaria\">Formas de Pagamento:<\/span><\/strong><\/p>\n<p><img fetchpriority=\"high\" fetchpriority=\"high\" decoding=\"async\" class=\"n3VNCb alignnone\" src=\"https:\/\/1.bp.blogspot.com\/-OgfYbeqVrrs\/T9YJPOvu5uI\/AAAAAAAACno\/jg-6zRGn7Zs\/s1600\/pagamento.png\" alt=\"\" width=\"366\" height=\"137\" data-noaft=\"1\" \/><\/p>\n<p><strong>Todos os pagamentos realizados na Ew Sistemas TI s\u00e3o redirecionados e processados pelo PayPal ou PagSeguro, em ambiente de autentica\u00e7\u00e3o destas empresas. O n\u00famero de cart\u00e3o n\u00e3o \u00e9 armazenado em nossos servidores. Somente \u00e9 armazenado nome e e-mail para efeito de login e os dados: Endere\u00e7o e CPF\/CNPJ para emiss\u00e3o de NF-s. Sem estes dados n\u00e3o t\u00eam como logar e emitir documenta\u00e7\u00e3o fiscal. N\u00e3o repassamos para terceiros nenhum dados de nossos alunos e\/ou clientes.<\/strong><\/p>\n<p>N\u00e3o se preocupe esta compra \u00e9\u00a0<strong>100% garantida!<\/strong><\/p>\n<p><strong><span class=\"titulo cor-secundaria\">Selos de Seguran\u00e7a<\/span><\/strong><\/p>\n<p><img decoding=\"async\" class=\"alignnone size-full wp-image-6246\" src=\"https:\/\/ewsistemasti.com.br\/loja\/wp-content\/uploads\/2024\/03\/siteseguro.jpeg\" alt=\"\" width=\"287\" height=\"176\" \/><\/p>\n<p>Se por qualquer motivo voc\u00ea n\u00e3o gostar do nosso Sistema* e quiser seu dinheiro de volta, n\u00f3s faremos o reembolso sem questionar nada e sem ressentimentos.<\/p>\n<p>Essa garantia\u00a0<strong>\u00e9 v\u00e1lida por 7 (sete) dias<\/strong>\u00a0a contar da libera\u00e7\u00e3o do pagamento pela operadora do cart\u00e3o de cr\u00e9dito.<\/p>\n<p><img decoding=\"async\" class=\"alignnone size-medium wp-image-1020 aligncenter\" src=\"https:\/\/ewsistemasecursos.com.br\/ava\/wp-content\/uploads\/2019\/08\/Garantia-7-Dias-3-300x252.png\" sizes=\"(max-width: 300px) 100vw, 300px\" srcset=\"https:\/\/ewsistemasecursos.com.br\/ava\/wp-content\/uploads\/2019\/08\/Garantia-7-Dias-3-300x252.png 300w, https:\/\/ewsistemasecursos.com.br\/ava\/wp-content\/uploads\/2019\/08\/Garantia-7-Dias-3-600x503.png 600w, https:\/\/ewsistemasecursos.com.br\/ava\/wp-content\/uploads\/2019\/08\/Garantia-7-Dias-3.png 640w\" alt=\"\" width=\"300\" height=\"252\" \/><\/p>\n<p>Ew Sistemas TI.<\/p>\n","protected":false},"excerpt":{"rendered":"<p>O SICAJU v1.o Controla os processos jur\u00eddicos de um ou mais advogados objetivando \u00e0 gest\u00e3o de um escrit\u00f3rio jur\u00eddico.<\/p>\n<p>Gerencie suas tarefas, acompanhe seus atendimentos e processos\u00a0com o Sistema Jur\u00eddico Adv v1.0.<\/p>\n<p>Sistema SICAJU v1.0<\/p>\n<ol>\n<li>O SICAJU v1.0 foi desenvolvido visando atender ao usu\u00e1rio em suas necessidades b\u00e1sicas de um escrit\u00f3rio advocat\u00edcio;<\/li>\n<li>\u00c9 um Sistema bem simples e de f\u00e1cil entendimento. Utilizado para fins profissionais e visa controlar principalmente os cadastros jur\u00eddicos;<\/li>\n<li>Simplesmente \u00e9 comercializado para baixar, instalar e utilizar o mesmo ap\u00f3s a confirma\u00e7\u00e3o do pagamento;<\/li>\n<li>Assista os 4 (quatro) v\u00eddeos abaixo na descri\u00e7\u00e3o sobre o sistema;<\/li>\n<li>Leia a documenta\u00e7\u00e3o que acompanha o Sistema para instala\u00e7\u00e3o e atualiza\u00e7\u00e3o;<\/li>\n<li>Aprecie sem modera\u00e7\u00e3o.<\/li>\n<\/ol>\n","protected":false},"featured_media":55,"comment_status":"open","ping_status":"closed","template":"","meta":{"_et_pb_use_builder":"","_et_pb_old_content":"","_et_gb_content_width":"","_joinchat":[]},"product_brand":[],"product_cat":[19,185,18],"product_tag":[82],"class_list":{"0":"post-910","1":"product","2":"type-product","3":"status-publish","4":"has-post-thumbnail","6":"product_cat-comerciais","7":"product_cat-ew-sistemas-ti","8":"product_cat-sistemas","9":"product_tag-sistema-de-cadastro-juridico","11":"first","12":"instock","13":"sale","14":"virtual","15":"sold-individually","16":"purchasable","17":"product-type-simple"},"_links":{"self":[{"href":"https:\/\/ewsistemasti.com.br\/loja\/wp-json\/wp\/v2\/product\/910","targetHints":{"allow":["GET"]}}],"collection":[{"href":"https:\/\/ewsistemasti.com.br\/loja\/wp-json\/wp\/v2\/product"}],"about":[{"href":"https:\/\/ewsistemasti.com.br\/loja\/wp-json\/wp\/v2\/types\/product"}],"replies":[{"embeddable":true,"href":"https:\/\/ewsistemasti.com.br\/loja\/wp-json\/wp\/v2\/comments?post=910"}],"wp:featuredmedia":[{"embeddable":true,"href":"https:\/\/ewsistemasti.com.br\/loja\/wp-json\/wp\/v2\/media\/55"}],"wp:attachment":[{"href":"https:\/\/ewsistemasti.com.br\/loja\/wp-json\/wp\/v2\/media?parent=910"}],"wp:term":[{"taxonomy":"product_brand","embeddable":true,"href":"https:\/\/ewsistemasti.com.br\/loja\/wp-json\/wp\/v2\/product_brand?post=910"},{"taxonomy":"product_cat","embeddable":true,"href":"https:\/\/ewsistemasti.com.br\/loja\/wp-json\/wp\/v2\/product_cat?post=910"},{"taxonomy":"product_tag","embeddable":true,"href":"https:\/\/ewsistemasti.com.br\/loja\/wp-json\/wp\/v2\/product_tag?post=910"}],"curies":[{"name":"wp","href":"https:\/\/api.w.org\/{rel}","templated":true}]}}