{"id":63,"date":"2024-04-19T18:26:08","date_gmt":"2024-04-19T18:26:08","guid":{"rendered":"https:\/\/ewsistemasti.com.br\/suporte\/?page_id=63"},"modified":"2025-12-13T11:59:06","modified_gmt":"2025-12-13T11:59:06","slug":"abrir-ticket","status":"publish","type":"page","link":"https:\/\/ewsistemasti.com.br\/suporte\/abrir-ticket\/","title":{"rendered":"Agendar"},"content":{"rendered":"\n<p><strong>Voc\u00ea pode agendar seu hor\u00e1rio no painel.<\/strong><\/p>\n\n\n\n<p>Lembramos que \u00e9 necess\u00e1rio ter contrato anual de suporte ativo. Para quem n\u00e3o tem contrato, o valor ser\u00e1 cobrado a parte antes de realizar o atendimento.<\/p>\n\n\n\n<!-- Cal inline embed code begins -->\n<div style=\"width:100%;height:100%;overflow:scroll\" id=\"my-cal-inline\"><\/div>\n<script type=\"text\/javascript\">\n  (function (C, A, L) { let p = function (a, ar) { a.q.push(ar); }; let d = C.document; C.Cal = C.Cal || function () { let cal = C.Cal; let ar = arguments; if (!cal.loaded) { cal.ns = {}; cal.q = cal.q || []; d.head.appendChild(d.createElement(\"script\")).src = A; cal.loaded = true; } if (ar[0] === L) { const api = function () { p(api, arguments); }; const namespace = ar[1]; api.q = api.q || []; typeof namespace === \"string\" ? (cal.ns[namespace] = api) && p(api, ar) : p(cal, ar); return; } p(cal, ar); }; })(window, \"https:\/\/app.cal.com\/embed\/embed.js\", \"init\");\nCal(\"init\",  {origin:\"https:\/\/cal.com\"});\n\n  Cal(\"inline\", {\n\telementOrSelector:\"#my-cal-inline\",\n\tcalLink: \"ewsistemasti\/60min\",\n\tlayout: \"month_view\"\n  });\n\n  Cal(\"ui\", {\"styles\":{\"branding\":{\"brandColor\":\"#000000\"}},\"hideEventTypeDetails\":false,\"layout\":\"month_view\"});\n  <\/script>\n  <!-- Cal inline embed code ends -->\n","protected":false},"excerpt":{"rendered":"<p>Voc\u00ea pode agendar seu hor\u00e1rio no painel. Lembramos que \u00e9 necess\u00e1rio ter contrato anual de suporte ativo. Para quem n\u00e3o tem contrato, o valor ser\u00e1 cobrado a parte antes de realizar o atendimento.<\/p>\n","protected":false},"author":1,"featured_media":0,"parent":0,"menu_order":0,"comment_status":"closed","ping_status":"closed","template":"","meta":{"_et_pb_use_builder":"off","_et_pb_old_content":"<!-- wp:paragraph -->\n<p><strong>Voc\u00ea pode agendar seu hor\u00e1rio no painel.<\/strong><\/p>\n<!-- \/wp:paragraph -->\n\n<!-- wp:paragraph -->\n<p>Lembramos que \u00e9 necess\u00e1rio ter contrato anual de suporte ativo. Para quem n\u00e3o tem contrato, o valor ser\u00e1 cobrado a parte antes de realizar o atendimento.<\/p>\n<!-- \/wp:paragraph -->\n\n<!-- wp:html -->\n<!-- Cal inline embed code begins -->\n<div style=\"width:100%;height:100%;overflow:scroll\" id=\"my-cal-inline\"><\/div>\n<script type=\"text\/javascript\">\n  (function (C, A, L) { let p = function (a, ar) { a.q.push(ar); }; let d = C.document; C.Cal = C.Cal || function () { let cal = C.Cal; let ar = arguments; if (!cal.loaded) { cal.ns = {}; cal.q = cal.q || []; d.head.appendChild(d.createElement(\"script\")).src = A; cal.loaded = true; } if (ar[0] === L) { const api = function () { p(api, arguments); }; const namespace = ar[1]; api.q = api.q || []; typeof namespace === \"string\" ? (cal.ns[namespace] = api) && p(api, ar) : p(cal, ar); return; } p(cal, ar); }; })(window, \"https:\/\/app.cal.com\/embed\/embed.js\", \"init\");\nCal(\"init\",  {origin:\"https:\/\/cal.com\"});\n\n  Cal(\"inline\", {\n\telementOrSelector:\"#my-cal-inline\",\n\tcalLink: \"ewsistemasti\/60min\",\n\tlayout: \"month_view\"\n  });\n\n  Cal(\"ui\", {\"styles\":{\"branding\":{\"brandColor\":\"#000000\"}},\"hideEventTypeDetails\":false,\"layout\":\"month_view\"});\n  <\/script>\n  <!-- Cal inline embed code ends -->\n<!-- \/wp:html -->","_et_gb_content_width":"","_joinchat":[],"footnotes":""},"class_list":["post-63","page","type-page","status-publish","hentry"],"_links":{"self":[{"href":"https:\/\/ewsistemasti.com.br\/suporte\/wp-json\/wp\/v2\/pages\/63","targetHints":{"allow":["GET"]}}],"collection":[{"href":"https:\/\/ewsistemasti.com.br\/suporte\/wp-json\/wp\/v2\/pages"}],"about":[{"href":"https:\/\/ewsistemasti.com.br\/suporte\/wp-json\/wp\/v2\/types\/page"}],"author":[{"embeddable":true,"href":"https:\/\/ewsistemasti.com.br\/suporte\/wp-json\/wp\/v2\/users\/1"}],"replies":[{"embeddable":true,"href":"https:\/\/ewsistemasti.com.br\/suporte\/wp-json\/wp\/v2\/comments?post=63"}],"version-history":[{"count":4,"href":"https:\/\/ewsistemasti.com.br\/suporte\/wp-json\/wp\/v2\/pages\/63\/revisions"}],"predecessor-version":[{"id":87,"href":"https:\/\/ewsistemasti.com.br\/suporte\/wp-json\/wp\/v2\/pages\/63\/revisions\/87"}],"wp:attachment":[{"href":"https:\/\/ewsistemasti.com.br\/suporte\/wp-json\/wp\/v2\/media?parent=63"}],"curies":[{"name":"wp","href":"https:\/\/api.w.org\/{rel}","templated":true}]}}