{"id":1683,"date":"2024-03-27T20:39:24","date_gmt":"2024-03-27T17:39:24","guid":{"rendered":"https:\/\/ewsistemasti.com.br\/wpress\/?page_id=1683"},"modified":"2024-03-27T21:00:36","modified_gmt":"2024-03-27T18:00:36","slug":"ewcrm","status":"publish","type":"page","link":"https:\/\/ewsistemasti.com.br\/wpress\/ewcrm\/","title":{"rendered":"EwCrm"},"content":{"rendered":"<p>[et_pb_section fb_built=&#8221;1&#8243; custom_padding_last_edited=&#8221;off|desktop&#8221; admin_label=&#8221;Hero&#8221; _builder_version=&#8221;4.16&#8243; use_background_color_gradient=&#8221;on&#8221; background_color_gradient_direction=&#8221;60deg&#8221; background_color_gradient_stops=&#8221;#8834fd 0%|#c756ec 100%&#8221; background_color_gradient_start=&#8221;#8834fd&#8221; background_color_gradient_end=&#8221;#c756ec&#8221; custom_padding=&#8221;100px|0px|0px|0px&#8221; box_shadow_style=&#8221;preset7&#8243; box_shadow_horizontal=&#8221;0px&#8221; box_shadow_vertical=&#8221;-100px&#8221; box_shadow_color=&#8221;#ffffff&#8221; global_colors_info=&#8221;{}&#8221;][et_pb_row column_structure=&#8221;1_2,1_2&#8243; _builder_version=&#8221;4.16&#8243; custom_padding=&#8221;|||&#8221; global_colors_info=&#8221;{}&#8221;][et_pb_column type=&#8221;1_2&#8243; _builder_version=&#8221;4.16&#8243; custom_padding=&#8221;||60px|&#8221; global_colors_info=&#8221;{}&#8221; custom_padding__hover=&#8221;|||&#8221;][et_pb_text _builder_version=&#8221;4.24.2&#8243; text_font=&#8221;||||||||&#8221; header_font=&#8221;|600||on|||||&#8221; header_font_size=&#8221;14px&#8221; background_layout=&#8221;dark&#8221; max_width=&#8221;550px&#8221; module_alignment=&#8221;center&#8221; custom_margin=&#8221;|||&#8221; custom_padding=&#8221;|||&#8221; hover_enabled=&#8221;0&#8243; global_colors_info=&#8221;{}&#8221; sticky_enabled=&#8221;0&#8243;]<\/p>\n<h1>Ew Sistemas TI<\/h1>\n<p>[\/et_pb_text][et_pb_text _builder_version=&#8221;4.24.2&#8243; text_font=&#8221;Open Sans|600|||||||&#8221; text_font_size=&#8221;16px&#8221; text_line_height=&#8221;1.8em&#8221; header_font=&#8221;||||||||&#8221; header_2_font=&#8221;Poppins||||||||&#8221; header_2_font_size=&#8221;36px&#8221; header_2_line_height=&#8221;1.4em&#8221; background_layout=&#8221;dark&#8221; max_width=&#8221;550px&#8221; module_alignment=&#8221;center&#8221; global_colors_info=&#8221;{}&#8221;]<\/p>\n<h2>EwCrm<\/h2>\n<p><span>Bem-vindo ao EWCRM: Elevando sua Gest\u00e3o de Relacionamento com o Cliente para Novos Patamares.<\/span><\/p>\n<p>[\/et_pb_text][\/et_pb_column][et_pb_column type=&#8221;1_2&#8243; _builder_version=&#8221;4.16&#8243; custom_padding=&#8221;|||&#8221; global_colors_info=&#8221;{}&#8221; custom_padding__hover=&#8221;|||&#8221;][et_pb_cta title=&#8221;Detalhes&#8221; button_url=&#8221;https:\/\/www.ewsistemas.com.br\/wordp\/&#8221; url_new_window=&#8221;on&#8221; button_text=&#8221;Saiba Mais&#8221; _builder_version=&#8221;4.24.2&#8243; header_font=&#8221;Poppins|600||on|||||&#8221; header_font_size=&#8221;14px&#8221; header_line_height=&#8221;1.8em&#8221; body_font=&#8221;Open Sans||||||||&#8221; body_font_size=&#8221;16px&#8221; body_line_height=&#8221;1.8em&#8221; background_color=&#8221;#ffffff&#8221; custom_button=&#8221;on&#8221; button_text_size=&#8221;14px&#8221; button_text_color=&#8221;#ffffff&#8221; button_bg_color=&#8221;#6a5aff&#8221; button_border_width=&#8221;8px&#8221; button_border_color=&#8221;#6a5aff&#8221; button_border_radius=&#8221;100px&#8221; button_letter_spacing=&#8221;1px&#8221; button_font=&#8221;Poppins|600||on|||||&#8221; button_use_icon=&#8221;off&#8221; button_alignment=&#8221;left&#8221; text_orientation=&#8221;left&#8221; background_layout=&#8221;light&#8221; max_width=&#8221;87%&#8221; max_width_tablet=&#8221;&#8221; max_width_phone=&#8221;&#8221; max_width_last_edited=&#8221;on|desktop&#8221; custom_padding=&#8221;|||&#8221; animation_style=&#8221;slide&#8221; animation_direction=&#8221;top&#8221; animation_intensity_slide=&#8221;10%&#8221; animation_starting_opacity=&#8221;80%&#8221; border_radii=&#8221;on|10px|10px|10px|10px&#8221; box_shadow_style=&#8221;preset3&#8243; box_shadow_vertical=&#8221;31px&#8221; box_shadow_blur=&#8221;40px&#8221; box_shadow_color=&#8221;rgba(11,9,26,0.1)&#8221; locked=&#8221;off&#8221; global_colors_info=&#8221;{}&#8221; button_text_size__hover_enabled=&#8221;off&#8221; button_one_text_size__hover_enabled=&#8221;off&#8221; button_two_text_size__hover_enabled=&#8221;off&#8221; button_text_color__hover_enabled=&#8221;off&#8221; button_one_text_color__hover_enabled=&#8221;off&#8221; button_two_text_color__hover_enabled=&#8221;off&#8221; button_border_width__hover_enabled=&#8221;off&#8221; button_one_border_width__hover_enabled=&#8221;off&#8221; button_two_border_width__hover_enabled=&#8221;off&#8221; button_border_color__hover_enabled=&#8221;off&#8221; button_one_border_color__hover_enabled=&#8221;off&#8221; button_two_border_color__hover_enabled=&#8221;off&#8221; button_border_radius__hover_enabled=&#8221;off&#8221; button_one_border_radius__hover_enabled=&#8221;off&#8221; button_two_border_radius__hover_enabled=&#8221;off&#8221; button_letter_spacing__hover_enabled=&#8221;off&#8221; button_one_letter_spacing__hover_enabled=&#8221;off&#8221; button_two_letter_spacing__hover_enabled=&#8221;off&#8221; button_bg_color__hover_enabled=&#8221;off&#8221; button_one_bg_color__hover_enabled=&#8221;off&#8221; button_two_bg_color__hover_enabled=&#8221;off&#8221;]<\/p>\n<p><strong>Produto:<\/strong> EwCrm.<br \/><strong>Modalidade:<\/strong> Saas<\/p>\n<p><span>No cora\u00e7\u00e3o de cada neg\u00f3cio bem-sucedido est\u00e1 a habilidade de cultivar relacionamentos s\u00f3lidos com os clientes. Com o EwCrm, damos vida a essa vis\u00e3o, oferecendo uma plataforma inovadora e intuitiva que revoluciona a forma como voc\u00ea interage, compreende e nutre seus clientes.<\/span><\/p>\n<p>[\/et_pb_cta][\/et_pb_column][\/et_pb_row][\/et_pb_section][et_pb_section fb_built=&#8221;1&#8243; admin_label=&#8221;Overview&#8221; _builder_version=&#8221;4.16&#8243; custom_padding=&#8221;100px|0px|100px|0px&#8221; global_colors_info=&#8221;{}&#8221;][et_pb_row column_structure=&#8221;1_2,1_2&#8243; _builder_version=&#8221;4.16&#8243; global_colors_info=&#8221;{}&#8221;][et_pb_column type=&#8221;1_2&#8243; _builder_version=&#8221;4.16&#8243; custom_padding=&#8221;|||&#8221; global_colors_info=&#8221;{}&#8221; custom_padding__hover=&#8221;|||&#8221;][et_pb_text _builder_version=&#8221;4.24.2&#8243; text_font=&#8221;||||||||&#8221; text_font_size=&#8221;16px&#8221; text_line_height=&#8221;1.8em&#8221; header_font=&#8221;||||||||&#8221; header_2_font=&#8221;Poppins||||||||&#8221; header_2_text_color=&#8221;#2c3238&#8243; header_2_font_size=&#8221;28px&#8221; header_2_line_height=&#8221;1.4em&#8221; header_3_font=&#8221;||||||||&#8221; max_width=&#8221;700px&#8221; module_alignment=&#8221;center&#8221; global_colors_info=&#8221;{}&#8221;]<\/p>\n<h2>Personalize sua produtividade<\/h2>\n<p><span>O EWCRM foi projetado para simplificar e otimizar suas opera\u00e7\u00f5es de CRM. Com recursos inteligentes e uma interface amig\u00e1vel, voc\u00ea pode gerenciar contatos, acompanhar intera\u00e7\u00f5es e identificar oportunidades de crescimento com facilidade.<\/span><\/p>\n<p>[\/et_pb_text][et_pb_text _builder_version=&#8221;4.24.2&#8243; text_font=&#8221;||||||||&#8221; text_font_size=&#8221;16px&#8221; text_line_height=&#8221;1.8em&#8221; header_font=&#8221;||||||||&#8221; header_2_font=&#8221;||||||||&#8221; header_3_font=&#8221;Poppins||||||||&#8221; header_3_font_size=&#8221;24px&#8221; header_3_line_height=&#8221;1.4em&#8221; max_width=&#8221;700px&#8221; module_alignment=&#8221;center&#8221; global_colors_info=&#8221;{}&#8221;]<\/p>\n<h3>Analise os dados do cliente<\/h3>\n<p>Analisar os dados do cliente envolve a interpreta\u00e7\u00e3o e compreens\u00e3o dos dados coletados sobre os clientes, a fim de extrair insights valiosos que possam orientar estrat\u00e9gias de neg\u00f3cios. Aqui est\u00e3o algumas etapas-chave envolvidas na an\u00e1lise de dados do cliente:<\/p>\n<p><strong>Coleta de Dados<\/strong>: Re\u00fana dados relevantes sobre os clientes de v\u00e1rias fontes, como intera\u00e7\u00f5es passadas, transa\u00e7\u00f5es, feedbacks e comportamento online.<\/p>\n<p><strong>Limpeza e Prepara\u00e7\u00e3o de Dados<\/strong>: Elimine dados duplicados, incorretos ou irrelevantes e organize os dados de maneira estruturada para an\u00e1lise.<\/p>\n<p><strong>Segmenta\u00e7\u00e3o de Clientes<\/strong>: Divida os clientes em grupos com base em caracter\u00edsticas semelhantes, como demografia, comportamento de compra ou prefer\u00eancias.<\/p>\n<p><strong>An\u00e1lise Descritiva<\/strong>: Descreva os dados do cliente usando estat\u00edsticas b\u00e1sicas para entender tend\u00eancias, padr\u00f5es e caracter\u00edsticas gerais.<\/p>\n<p><strong>An\u00e1lise Preditiva<\/strong>: Use t\u00e9cnicas estat\u00edsticas e algoritmos de aprendizado de m\u00e1quina para prever comportamentos futuros dos clientes, como probabilidade de compra ou churn (taxa de cancelamento).<\/p>\n<p><strong>An\u00e1lise de Sentimento<\/strong>: Analise o feedback dos clientes em m\u00eddias sociais, avalia\u00e7\u00f5es e pesquisas para entender o sentimento geral em rela\u00e7\u00e3o \u00e0 marca e identificar \u00e1reas de melhoria.<\/p>\n<p><strong>Identifica\u00e7\u00e3o de Oportunidades<\/strong>: Identifique oportunidades de cross-selling, up-selling e personaliza\u00e7\u00e3o com base nos padr\u00f5es de compra e nas prefer\u00eancias dos clientes.<\/p>\n<p><strong>Avalia\u00e7\u00e3o de Reten\u00e7\u00e3o de Clientes<\/strong>: Analise a taxa de reten\u00e7\u00e3o de clientes e os motivos para o churn, para implementar estrat\u00e9gias de reten\u00e7\u00e3o eficazes.<\/p>\n<p>[\/et_pb_text][\/et_pb_column][et_pb_column type=&#8221;1_2&#8243; _builder_version=&#8221;4.16&#8243; custom_padding=&#8221;|||&#8221; global_colors_info=&#8221;{}&#8221; custom_padding__hover=&#8221;|||&#8221;][et_pb_image src=&#8221;https:\/\/ewsistemasti.com.br\/wpress\/wp-content\/uploads\/2019\/11\/app-marketing-illustration-03.png&#8221; align_tablet=&#8221;center&#8221; align_phone=&#8221;center&#8221; align_last_edited=&#8221;on|desktop&#8221; _builder_version=&#8221;4.16&#8243; animation_style=&#8221;slide&#8221; animation_direction=&#8221;left&#8221; animation_intensity_slide=&#8221;10%&#8221; global_colors_info=&#8221;{}&#8221;][\/et_pb_image][\/et_pb_column][\/et_pb_row][\/et_pb_section][et_pb_section fb_built=&#8221;1&#8243; admin_label=&#8221;Testimonial&#8221; _builder_version=&#8221;4.16&#8243; use_background_color_gradient=&#8221;on&#8221; background_color_gradient_direction=&#8221;60deg&#8221; background_color_gradient_stops=&#8221;#8834fd 0%|#c756ec 100%&#8221; background_color_gradient_start=&#8221;#8834fd&#8221; background_color_gradient_end=&#8221;#c756ec&#8221; custom_padding=&#8221;100px|0px|100px|0px&#8221; global_colors_info=&#8221;{}&#8221;][\/et_pb_section][et_pb_section fb_built=&#8221;1&#8243; disabled_on=&#8221;off|off|off&#8221; admin_label=&#8221;Problem and Solution&#8221; _builder_version=&#8221;4.16&#8243; background_color=&#8221;#fafafc&#8221; custom_padding=&#8221;100px|0px|100px|0px&#8221; global_colors_info=&#8221;{}&#8221;][et_pb_row column_structure=&#8221;1_2,1_2&#8243; _builder_version=&#8221;4.16&#8243; custom_margin=&#8221;2%|||&#8221; global_colors_info=&#8221;{}&#8221;][et_pb_column type=&#8221;1_2&#8243; _builder_version=&#8221;4.16&#8243; custom_padding=&#8221;|||&#8221; global_colors_info=&#8221;{}&#8221; custom_padding__hover=&#8221;|||&#8221;][et_pb_text _builder_version=&#8221;4.24.2&#8243; text_font=&#8221;||||||||&#8221; text_text_color=&#8221;#&#8221; text_font_size=&#8221;16px&#8221; text_line_height=&#8221;1.8em&#8221; header_font=&#8221;||||||||&#8221; header_2_font=&#8221;Poppins||||||||&#8221; header_2_font_size=&#8221;28px&#8221; header_2_line_height=&#8221;1.4em&#8221; header_3_font=&#8221;||||||||&#8221; max_width=&#8221;700px&#8221; module_alignment=&#8221;center&#8221; global_colors_info=&#8221;{}&#8221;]<\/p>\n<h2>Ger\u00eancia de Projetos<\/h2>\n<p><span>A ger\u00eancia de projetos \u00e9 a arte de coordenar pessoas, processos e recursos para alcan\u00e7ar metas espec\u00edficas dentro de prazos e or\u00e7amentos definidos. Com habilidades de lideran\u00e7a, planejamento meticuloso e comunica\u00e7\u00e3o eficaz, os gerentes de projetos s\u00e3o fundamentais para o sucesso e a entrega pontual de iniciativas complexas em diversos setores.<\/span><\/p>\n<p>[\/et_pb_text][\/et_pb_column][et_pb_column type=&#8221;1_2&#8243; _builder_version=&#8221;4.16&#8243; custom_padding=&#8221;|||&#8221; global_colors_info=&#8221;{}&#8221; custom_padding__hover=&#8221;|||&#8221;][et_pb_text _builder_version=&#8221;4.24.2&#8243; text_font=&#8221;||||||||&#8221; text_text_color=&#8221;#&#8221; text_font_size=&#8221;16px&#8221; text_line_height=&#8221;1.8em&#8221; header_font=&#8221;||||||||&#8221; header_2_font=&#8221;Poppins||||||||&#8221; header_2_font_size=&#8221;28px&#8221; header_2_line_height=&#8221;1.4em&#8221; header_3_font=&#8221;||||||||&#8221; max_width=&#8221;700px&#8221; module_alignment=&#8221;center&#8221; global_colors_info=&#8221;{}&#8221;]<\/p>\n<h2>Gerenciamento do Cliente<\/h2>\n<p><span>O gerenciamento de clientes \u00e9 essencial para construir relacionamentos duradouros e impulsionar o sucesso dos neg\u00f3cios. Com uma abordagem focada no entendimento das necessidades e na entrega de valor cont\u00ednuo, \u00e9 poss\u00edvel cultivar lealdade e maximizar o potencial de cada intera\u00e7\u00e3o<\/span><\/p>\n<p>[\/et_pb_text][\/et_pb_column][\/et_pb_row][\/et_pb_section][et_pb_section fb_built=&#8221;1&#8243; admin_label=&#8221;Results&#8221; _builder_version=&#8221;4.16&#8243; custom_padding=&#8221;100px|0px|100px|0px&#8221; global_colors_info=&#8221;{}&#8221;][et_pb_row _builder_version=&#8221;4.16&#8243; custom_padding=&#8221;27px|0px|27px|0px&#8221; locked=&#8221;off&#8221; global_colors_info=&#8221;{}&#8221;][et_pb_column type=&#8221;4_4&#8243; _builder_version=&#8221;4.16&#8243; custom_padding=&#8221;|||&#8221; global_colors_info=&#8221;{}&#8221; custom_padding__hover=&#8221;|||&#8221;][et_pb_text _builder_version=&#8221;4.24.2&#8243; _module_preset=&#8221;default&#8221; global_colors_info=&#8221;{}&#8221;]<\/p>\n<h1 style=\"text-align: center;\">Gere Resultados<\/h1>\n<p>[\/et_pb_text][et_pb_text _builder_version=&#8221;4.24.2&#8243; text_font=&#8221;||||||||&#8221; text_font_size=&#8221;16px&#8221; text_line_height=&#8221;1.8em&#8221; header_font=&#8221;||||||||&#8221; header_2_font=&#8221;Poppins||||||||&#8221; header_2_font_size=&#8221;28px&#8221; header_2_line_height=&#8221;1.4em&#8221; header_3_font=&#8221;||||||||&#8221; text_orientation=&#8221;center&#8221; max_width=&#8221;700px&#8221; module_alignment=&#8221;center&#8221; global_colors_info=&#8221;{}&#8221;]<\/p>\n<p style=\"text-align: justify;\">Conhe\u00e7a o EwCrm: a solu\u00e7\u00e3o completa para elevar a sua gest\u00e3o de relacionamento com o cliente a novos patamares. Com recursos inovadores e uma interface intuitiva, o EwCrm simplifica e otimiza suas opera\u00e7\u00f5es de CRM, permitindo que voc\u00ea gerencie contatos, acompanhe intera\u00e7\u00f5es e identifique oportunidades de crescimento com facilidade. Analise os dados do cliente e extraia insights valiosos para orientar suas estrat\u00e9gias de neg\u00f3cio. Personalize sua produtividade e eleve seus resultados. Baixe o aplicativo e comece hoje mesmo. Assine agora para um teste gratuito! Prometemos que n\u00e3o enviamos spam.<\/p>\n<p>[\/et_pb_text][\/et_pb_column][\/et_pb_row][et_pb_row column_structure=&#8221;1_4,1_4,1_4,1_4&#8243; _builder_version=&#8221;4.16&#8243; custom_margin=&#8221;|||&#8221; global_colors_info=&#8221;{}&#8221;][et_pb_column type=&#8221;1_4&#8243; _builder_version=&#8221;4.16&#8243; custom_padding=&#8221;|||&#8221; global_colors_info=&#8221;{}&#8221; custom_padding__hover=&#8221;|||&#8221;][et_pb_circle_counter title=&#8221;Aumento da produtividade&#8221; number=&#8221;50&#8243; bar_bg_color=&#8221;#8935fd&#8221; _builder_version=&#8221;4.24.2&#8243; title_font=&#8221;Poppins|600||on|||||&#8221; title_font_size=&#8221;14px&#8221; title_line_height=&#8221;1.4em&#8221; number_font=&#8221;Poppins|500|||||||&#8221; number_text_color=&#8221;#6a5aff&#8221; number_font_size=&#8221;20px&#8221; max_width=&#8221;120px&#8221; animation_style=&#8221;zoom&#8221; animation_delay=&#8221;200ms&#8221; global_colors_info=&#8221;{}&#8221;][\/et_pb_circle_counter][\/et_pb_column][et_pb_column type=&#8221;1_4&#8243; _builder_version=&#8221;4.16&#8243; custom_padding=&#8221;|||&#8221; global_colors_info=&#8221;{}&#8221; custom_padding__hover=&#8221;|||&#8221;][et_pb_circle_counter title=&#8221;Aumento nas vendas&#8221; number=&#8221;32&#8243; bar_bg_color=&#8221;#8935fd&#8221; _builder_version=&#8221;4.24.2&#8243; title_font=&#8221;Poppins|600||on|||||&#8221; title_font_size=&#8221;14px&#8221; title_line_height=&#8221;1.4em&#8221; number_font=&#8221;Poppins|500|||||||&#8221; number_text_color=&#8221;#6a5aff&#8221; number_font_size=&#8221;20px&#8221; max_width=&#8221;120px&#8221; animation_style=&#8221;zoom&#8221; global_colors_info=&#8221;{}&#8221;][\/et_pb_circle_counter][\/et_pb_column][et_pb_column type=&#8221;1_4&#8243; _builder_version=&#8221;4.16&#8243; custom_padding=&#8221;|||&#8221; global_colors_info=&#8221;{}&#8221; custom_padding__hover=&#8221;|||&#8221;][et_pb_circle_counter title=&#8221;Diminui\u00e7\u00e3o nas reuni\u00f5es&#8221; number=&#8221;60&#8243; bar_bg_color=&#8221;#8935fd&#8221; _builder_version=&#8221;4.24.2&#8243; title_font=&#8221;Poppins|600||on|||||&#8221; title_font_size=&#8221;14px&#8221; title_line_height=&#8221;1.4em&#8221; number_font=&#8221;Poppins|500|||||||&#8221; number_text_color=&#8221;#6a5aff&#8221; number_font_size=&#8221;20px&#8221; max_width=&#8221;120px&#8221; animation_style=&#8221;zoom&#8221; global_colors_info=&#8221;{}&#8221;][\/et_pb_circle_counter][\/et_pb_column][et_pb_column type=&#8221;1_4&#8243; _builder_version=&#8221;4.16&#8243; custom_padding=&#8221;|||&#8221; global_colors_info=&#8221;{}&#8221; custom_padding__hover=&#8221;|||&#8221;][et_pb_circle_counter title=&#8221;Diminui\u00e7\u00e3o nos E-mails&#8221; number=&#8221;90&#8243; bar_bg_color=&#8221;#8935fd&#8221; _builder_version=&#8221;4.24.2&#8243; title_font=&#8221;Poppins|600||on|||||&#8221; title_font_size=&#8221;14px&#8221; title_line_height=&#8221;1.4em&#8221; number_font=&#8221;Poppins|500|||||||&#8221; number_text_color=&#8221;#6a5aff&#8221; number_font_size=&#8221;20px&#8221; max_width=&#8221;120px&#8221; animation_style=&#8221;zoom&#8221; animation_delay=&#8221;200ms&#8221; global_colors_info=&#8221;{}&#8221;][\/et_pb_circle_counter][\/et_pb_column][\/et_pb_row][\/et_pb_section][et_pb_section fb_built=&#8221;1&#8243; admin_label=&#8221;Get Started&#8221; _builder_version=&#8221;4.16&#8243; use_background_color_gradient=&#8221;on&#8221; background_color_gradient_direction=&#8221;60deg&#8221; background_color_gradient_stops=&#8221;#8834fd 0%|#c756ec 100%&#8221; background_color_gradient_start=&#8221;#8834fd&#8221; background_color_gradient_end=&#8221;#c756ec&#8221; custom_padding=&#8221;100px|0px|100px|0px&#8221; global_colors_info=&#8221;{}&#8221;][et_pb_row _builder_version=&#8221;4.16&#8243; custom_padding=&#8221;|||&#8221; locked=&#8221;off&#8221; global_colors_info=&#8221;{}&#8221;][et_pb_column type=&#8221;4_4&#8243; _builder_version=&#8221;4.16&#8243; custom_padding=&#8221;|||&#8221; global_colors_info=&#8221;{}&#8221; custom_padding__hover=&#8221;|||&#8221;][et_pb_text _builder_version=&#8221;4.24.2&#8243; text_font=&#8221;|600|||||||&#8221; text_font_size=&#8221;16px&#8221; text_line_height=&#8221;1.8em&#8221; header_font=&#8221;||||||||&#8221; header_2_font=&#8221;Poppins||||||||&#8221; header_2_font_size=&#8221;28px&#8221; header_2_line_height=&#8221;1.4em&#8221; header_3_font=&#8221;||||||||&#8221; text_orientation=&#8221;center&#8221; background_layout=&#8221;dark&#8221; max_width=&#8221;700px&#8221; module_alignment=&#8221;center&#8221; global_colors_info=&#8221;{}&#8221;]<\/p>\n<h2>Ficou interessado?<\/h2>\n<p>Voc\u00ea entrar em contato agora mesmo via telefone (61) 4042-0701, <a href=\"mailto:comercial@ewsistemasti.com.br\">comercial@ewsistemasti.com.br<\/a> ou WhatsApp no canto inferior esquerdo do seu monitor.<\/p>\n<p>[\/et_pb_text][et_pb_button button_url=&#8221;https:\/\/www.ewsistemas.com.br\/wordp\/&#8221; url_new_window=&#8221;on&#8221; button_text=&#8221;Saiba Mais&#8221; button_alignment=&#8221;center&#8221; _builder_version=&#8221;4.24.2&#8243; custom_button=&#8221;on&#8221; button_text_size=&#8221;14px&#8221; button_border_width=&#8221;2px&#8221; button_border_radius=&#8221;6px&#8221; button_letter_spacing=&#8221;1px&#8221; button_font=&#8221;Poppins|600||on|||||&#8221; button_use_icon=&#8221;off&#8221; background_layout=&#8221;dark&#8221; custom_margin=&#8221;|||&#8221; custom_padding=&#8221;20px|30px|20px|30px&#8221; animation_style=&#8221;fade&#8221; box_shadow_style=&#8221;preset4&#8243; button_letter_spacing_hover=&#8221;1px&#8221; global_colors_info=&#8221;{}&#8221; button_text_size__hover_enabled=&#8221;off&#8221; button_one_text_size__hover_enabled=&#8221;off&#8221; button_two_text_size__hover_enabled=&#8221;off&#8221; button_text_color__hover_enabled=&#8221;off&#8221; button_one_text_color__hover_enabled=&#8221;off&#8221; button_two_text_color__hover_enabled=&#8221;off&#8221; button_border_width__hover_enabled=&#8221;off&#8221; button_one_border_width__hover_enabled=&#8221;off&#8221; button_two_border_width__hover_enabled=&#8221;off&#8221; button_border_color__hover_enabled=&#8221;off&#8221; button_one_border_color__hover_enabled=&#8221;off&#8221; button_two_border_color__hover_enabled=&#8221;off&#8221; button_border_radius__hover_enabled=&#8221;off&#8221; button_one_border_radius__hover_enabled=&#8221;off&#8221; button_two_border_radius__hover_enabled=&#8221;off&#8221; button_letter_spacing__hover_enabled=&#8221;on&#8221; button_letter_spacing__hover=&#8221;1px&#8221; button_one_letter_spacing__hover_enabled=&#8221;off&#8221; button_two_letter_spacing__hover_enabled=&#8221;off&#8221; button_bg_color__hover_enabled=&#8221;off&#8221; button_one_bg_color__hover_enabled=&#8221;off&#8221; button_two_bg_color__hover_enabled=&#8221;off&#8221;][\/et_pb_button][\/et_pb_column][\/et_pb_row][\/et_pb_section][et_pb_section fb_built=&#8221;1&#8243; theme_builder_area=&#8221;post_content&#8221; _builder_version=&#8221;4.24.2&#8243; _module_preset=&#8221;default&#8221;][et_pb_row _builder_version=&#8221;4.24.2&#8243; _module_preset=&#8221;default&#8221; column_structure=&#8221;1_2,1_2&#8243; theme_builder_area=&#8221;post_content&#8221;][et_pb_column _builder_version=&#8221;4.24.2&#8243; _module_preset=&#8221;default&#8221; type=&#8221;1_2&#8243; theme_builder_area=&#8221;post_content&#8221;][et_pb_text _builder_version=&#8221;4.24.2&#8243; _module_preset=&#8221;default&#8221; theme_builder_area=&#8221;post_content&#8221; hover_enabled=&#8221;0&#8243; sticky_enabled=&#8221;0&#8243;]<\/p>\n<h1>Um Produto Ew Sistemas TI<\/h1>\n<p>[\/et_pb_text][\/et_pb_column][et_pb_column _builder_version=&#8221;4.24.2&#8243; _module_preset=&#8221;default&#8221; type=&#8221;1_2&#8243; theme_builder_area=&#8221;post_content&#8221;][et_pb_image src=&#8221;https:\/\/ewsistemasti.com.br\/wpress\/wp-content\/uploads\/2019\/06\/logo-ewsistemas-ti-new-1.png&#8221; _builder_version=&#8221;4.24.2&#8243; _module_preset=&#8221;default&#8221; theme_builder_area=&#8221;post_content&#8221; title_text=&#8221;logo ewsistemas ti new&#8221; hover_enabled=&#8221;0&#8243; sticky_enabled=&#8221;0&#8243;][\/et_pb_image][\/et_pb_column][\/et_pb_row][\/et_pb_section]<\/p>\n","protected":false},"excerpt":{"rendered":"<p>Ew Sistemas TIEwCrm Bem-vindo ao EWCRM: Elevando sua Gest\u00e3o de Relacionamento com o Cliente para Novos Patamares.Produto: EwCrm.Modalidade: Saas No cora\u00e7\u00e3o de cada neg\u00f3cio bem-sucedido est\u00e1 a habilidade de cultivar relacionamentos s\u00f3lidos com os clientes. Com o EwCrm, damos vida a essa vis\u00e3o, oferecendo uma plataforma inovadora e intuitiva que revoluciona a forma como voc\u00ea [&hellip;]<\/p>\n","protected":false},"author":1,"featured_media":0,"parent":0,"menu_order":0,"comment_status":"closed","ping_status":"closed","template":"","meta":{"_et_pb_use_builder":"on","_et_pb_old_content":"","_et_gb_content_width":"","_joinchat":[],"footnotes":""},"class_list":["post-1683","page","type-page","status-publish","hentry"],"_links":{"self":[{"href":"https:\/\/ewsistemasti.com.br\/wpress\/wp-json\/wp\/v2\/pages\/1683","targetHints":{"allow":["GET"]}}],"collection":[{"href":"https:\/\/ewsistemasti.com.br\/wpress\/wp-json\/wp\/v2\/pages"}],"about":[{"href":"https:\/\/ewsistemasti.com.br\/wpress\/wp-json\/wp\/v2\/types\/page"}],"author":[{"embeddable":true,"href":"https:\/\/ewsistemasti.com.br\/wpress\/wp-json\/wp\/v2\/users\/1"}],"replies":[{"embeddable":true,"href":"https:\/\/ewsistemasti.com.br\/wpress\/wp-json\/wp\/v2\/comments?post=1683"}],"version-history":[{"count":12,"href":"https:\/\/ewsistemasti.com.br\/wpress\/wp-json\/wp\/v2\/pages\/1683\/revisions"}],"predecessor-version":[{"id":1705,"href":"https:\/\/ewsistemasti.com.br\/wpress\/wp-json\/wp\/v2\/pages\/1683\/revisions\/1705"}],"wp:attachment":[{"href":"https:\/\/ewsistemasti.com.br\/wpress\/wp-json\/wp\/v2\/media?parent=1683"}],"curies":[{"name":"wp","href":"https:\/\/api.w.org\/{rel}","templated":true}]}}