{"id":1724,"date":"2024-03-29T17:06:19","date_gmt":"2024-03-29T14:06:19","guid":{"rendered":"https:\/\/ewsistemasti.com.br\/wpress\/?page_id=1724"},"modified":"2024-03-29T17:14:30","modified_gmt":"2024-03-29T14:14:30","slug":"vps","status":"publish","type":"page","link":"https:\/\/ewsistemasti.com.br\/wpress\/vps\/","title":{"rendered":"vps"},"content":{"rendered":"<p>[et_pb_section fb_built=&#8221;1&#8243; custom_padding_last_edited=&#8221;off|desktop&#8221; admin_label=&#8221;Hero&#8221; _builder_version=&#8221;4.16&#8243; use_background_color_gradient=&#8221;on&#8221; background_color_gradient_direction=&#8221;60deg&#8221; background_color_gradient_stops=&#8221;#8834fd 0%|#c756ec 100%&#8221; background_color_gradient_start=&#8221;#8834fd&#8221; background_color_gradient_end=&#8221;#c756ec&#8221; custom_padding=&#8221;100px|0px|0px|0px&#8221; box_shadow_style=&#8221;preset7&#8243; box_shadow_horizontal=&#8221;0px&#8221; box_shadow_vertical=&#8221;-100px&#8221; box_shadow_color=&#8221;#ffffff&#8221; global_colors_info=&#8221;{}&#8221;][et_pb_row column_structure=&#8221;1_2,1_2&#8243; _builder_version=&#8221;4.16&#8243; custom_padding=&#8221;|||&#8221; global_colors_info=&#8221;{}&#8221;][et_pb_column type=&#8221;1_2&#8243; _builder_version=&#8221;4.16&#8243; custom_padding=&#8221;||60px|&#8221; global_colors_info=&#8221;{}&#8221; custom_padding__hover=&#8221;|||&#8221;][et_pb_text _builder_version=&#8221;4.24.2&#8243; text_font=&#8221;||||||||&#8221; header_font=&#8221;|600||on|||||&#8221; header_font_size=&#8221;14px&#8221; background_layout=&#8221;dark&#8221; max_width=&#8221;550px&#8221; module_alignment=&#8221;center&#8221; custom_margin=&#8221;|||&#8221; custom_padding=&#8221;|||&#8221; global_colors_info=&#8221;{}&#8221;]<\/p>\n<h1>Ew Sistemas TI<\/h1>\n<p>[\/et_pb_text][et_pb_text _builder_version=&#8221;4.24.2&#8243; text_font=&#8221;Open Sans|600|||||||&#8221; text_font_size=&#8221;16px&#8221; text_line_height=&#8221;1.8em&#8221; header_font=&#8221;||||||||&#8221; header_2_font=&#8221;Poppins||||||||&#8221; header_2_font_size=&#8221;36px&#8221; header_2_line_height=&#8221;1.4em&#8221; background_layout=&#8221;dark&#8221; max_width=&#8221;550px&#8221; module_alignment=&#8221;center&#8221; hover_enabled=&#8221;0&#8243; global_colors_info=&#8221;{}&#8221; sticky_enabled=&#8221;0&#8243;]<\/p>\n<h2>Servi\u00e7o de Configura\u00e7\u00e3o<\/h2>\n<p style=\"text-align: justify;\"><span>Virtual Private Server ou Servidor Virtual Privado. Um VPS \u00e9 uma forma de hospedagem na qual um servidor f\u00edsico \u00e9 dividido em v\u00e1rias inst\u00e2ncias virtuais, cada uma funcionando como um servidor independente. <\/span><\/p>\n<p>[\/et_pb_text][\/et_pb_column][et_pb_column type=&#8221;1_2&#8243; _builder_version=&#8221;4.16&#8243; custom_padding=&#8221;|||&#8221; global_colors_info=&#8221;{}&#8221; custom_padding__hover=&#8221;|||&#8221;][et_pb_cta title=&#8221;Detalhes&#8221; button_url=&#8221;https:\/\/ewsistemasti.com.br\/loja\/produto\/servico-de-instalacao-implantacao-e-configuracao-de-vps-virtual-private-server\/&#8221; url_new_window=&#8221;on&#8221; button_text=&#8221;Contratar&#8221; _builder_version=&#8221;4.24.2&#8243; header_font=&#8221;Poppins|600||on|||||&#8221; header_font_size=&#8221;14px&#8221; header_line_height=&#8221;1.8em&#8221; body_font=&#8221;Open Sans||||||||&#8221; body_font_size=&#8221;16px&#8221; body_line_height=&#8221;1.8em&#8221; background_color=&#8221;#ffffff&#8221; custom_button=&#8221;on&#8221; button_text_size=&#8221;14px&#8221; button_text_color=&#8221;#ffffff&#8221; button_bg_color=&#8221;#6a5aff&#8221; button_border_width=&#8221;8px&#8221; button_border_color=&#8221;#6a5aff&#8221; button_border_radius=&#8221;100px&#8221; button_letter_spacing=&#8221;1px&#8221; button_font=&#8221;Poppins|600||on|||||&#8221; button_use_icon=&#8221;off&#8221; button_alignment=&#8221;left&#8221; text_orientation=&#8221;left&#8221; background_layout=&#8221;light&#8221; max_width=&#8221;87%&#8221; max_width_tablet=&#8221;&#8221; max_width_phone=&#8221;&#8221; max_width_last_edited=&#8221;on|desktop&#8221; custom_padding=&#8221;|||&#8221; animation_style=&#8221;slide&#8221; animation_direction=&#8221;top&#8221; animation_intensity_slide=&#8221;10%&#8221; animation_starting_opacity=&#8221;80%&#8221; hover_enabled=&#8221;0&#8243; border_radii=&#8221;on|10px|10px|10px|10px&#8221; box_shadow_style=&#8221;preset3&#8243; box_shadow_vertical=&#8221;31px&#8221; box_shadow_blur=&#8221;40px&#8221; box_shadow_color=&#8221;rgba(11,9,26,0.1)&#8221; locked=&#8221;off&#8221; global_colors_info=&#8221;{}&#8221; button_text_size__hover_enabled=&#8221;off&#8221; button_one_text_size__hover_enabled=&#8221;off&#8221; button_two_text_size__hover_enabled=&#8221;off&#8221; button_text_color__hover_enabled=&#8221;off&#8221; button_one_text_color__hover_enabled=&#8221;off&#8221; button_two_text_color__hover_enabled=&#8221;off&#8221; button_border_width__hover_enabled=&#8221;off&#8221; button_one_border_width__hover_enabled=&#8221;off&#8221; button_two_border_width__hover_enabled=&#8221;off&#8221; button_border_color__hover_enabled=&#8221;off&#8221; button_one_border_color__hover_enabled=&#8221;off&#8221; button_two_border_color__hover_enabled=&#8221;off&#8221; button_border_radius__hover_enabled=&#8221;off&#8221; button_one_border_radius__hover_enabled=&#8221;off&#8221; button_two_border_radius__hover_enabled=&#8221;off&#8221; button_letter_spacing__hover_enabled=&#8221;off&#8221; button_one_letter_spacing__hover_enabled=&#8221;off&#8221; button_two_letter_spacing__hover_enabled=&#8221;off&#8221; button_bg_color__hover_enabled=&#8221;off&#8221; button_one_bg_color__hover_enabled=&#8221;off&#8221; button_two_bg_color__hover_enabled=&#8221;off&#8221; sticky_enabled=&#8221;0&#8243;]<\/p>\n<p><strong>Produto:<\/strong> Servi\u00e7o Configura\u00e7\u00e3o<br \/><strong>Modalidade:<\/strong> VPS<\/p>\n<p style=\"text-align: justify;\"><span>Na busca por solu\u00e7\u00f5es tecnol\u00f3gicas robustas e eficientes, oferecemos nosso servi\u00e7o especializado de instala\u00e7\u00e3o, implanta\u00e7\u00e3o e configura\u00e7\u00e3o de VPS (Servidor Virtual Privado). Reconhecemos a import\u00e2ncia de uma infraestrutura s\u00f3lida para suportar suas opera\u00e7\u00f5es digitais e estamos aqui para simplificar esse processo para voc\u00ea.<\/span><\/p>\n<p>[\/et_pb_cta][\/et_pb_column][\/et_pb_row][\/et_pb_section][et_pb_section fb_built=&#8221;1&#8243; admin_label=&#8221;Overview&#8221; _builder_version=&#8221;4.16&#8243; custom_padding=&#8221;100px|0px|100px|0px&#8221; global_colors_info=&#8221;{}&#8221;][et_pb_row column_structure=&#8221;1_2,1_2&#8243; _builder_version=&#8221;4.16&#8243; global_colors_info=&#8221;{}&#8221;][et_pb_column type=&#8221;1_2&#8243; _builder_version=&#8221;4.16&#8243; custom_padding=&#8221;|||&#8221; global_colors_info=&#8221;{}&#8221; custom_padding__hover=&#8221;|||&#8221;][et_pb_text _builder_version=&#8221;4.24.2&#8243; text_font=&#8221;||||||||&#8221; text_font_size=&#8221;16px&#8221; text_line_height=&#8221;1.8em&#8221; header_font=&#8221;||||||||&#8221; header_2_font=&#8221;Poppins||||||||&#8221; header_2_text_color=&#8221;#2c3238&#8243; header_2_font_size=&#8221;28px&#8221; header_2_line_height=&#8221;1.4em&#8221; header_3_font=&#8221;||||||||&#8221; max_width=&#8221;700px&#8221; module_alignment=&#8221;center&#8221; hover_enabled=&#8221;0&#8243; global_colors_info=&#8221;{}&#8221; sticky_enabled=&#8221;0&#8243;]<\/p>\n<h2>Servi\u00e7o<\/h2>\n<p style=\"text-align: justify;\"><span>Oferecemos um servi\u00e7o especializado para facilitar a instala\u00e7\u00e3o, implanta\u00e7\u00e3o e configura\u00e7\u00e3o de VPS (Servidor Virtual Privado), uma solu\u00e7\u00e3o tecnol\u00f3gica fundamental para empresas que buscam uma infraestrutura s\u00f3lida e flex\u00edvel. Nossa equipe altamente qualificada cuidar\u00e1 de todos os aspectos t\u00e9cnicos, personalizando a implanta\u00e7\u00e3o de acordo com as necessidades espec\u00edficas de cada cliente. Com expertise e aten\u00e7\u00e3o aos detalhes, garantimos uma transi\u00e7\u00e3o suave para um ambiente digital confi\u00e1vel e seguro.<\/span><\/p>\n<p>[\/et_pb_text][\/et_pb_column][et_pb_column type=&#8221;1_2&#8243; _builder_version=&#8221;4.16&#8243; custom_padding=&#8221;|||&#8221; global_colors_info=&#8221;{}&#8221; custom_padding__hover=&#8221;|||&#8221;][et_pb_image src=&#8221;https:\/\/ewsistemasti.com.br\/wpress\/wp-content\/uploads\/2019\/11\/app-marketing-illustration-03.png&#8221; align_tablet=&#8221;center&#8221; align_phone=&#8221;center&#8221; align_last_edited=&#8221;on|desktop&#8221; _builder_version=&#8221;4.16&#8243; animation_style=&#8221;slide&#8221; animation_direction=&#8221;left&#8221; animation_intensity_slide=&#8221;10%&#8221; global_colors_info=&#8221;{}&#8221;][\/et_pb_image][\/et_pb_column][\/et_pb_row][\/et_pb_section][et_pb_section fb_built=&#8221;1&#8243; admin_label=&#8221;Testimonial&#8221; _builder_version=&#8221;4.16&#8243; use_background_color_gradient=&#8221;on&#8221; background_color_gradient_direction=&#8221;60deg&#8221; background_color_gradient_stops=&#8221;#8834fd 0%|#c756ec 100%&#8221; background_color_gradient_start=&#8221;#8834fd&#8221; background_color_gradient_end=&#8221;#c756ec&#8221; custom_padding=&#8221;100px|0px|100px|0px&#8221; global_colors_info=&#8221;{}&#8221;][\/et_pb_section][et_pb_section fb_built=&#8221;1&#8243; disabled_on=&#8221;off|off|off&#8221; admin_label=&#8221;Problem and Solution&#8221; _builder_version=&#8221;4.16&#8243; background_color=&#8221;#fafafc&#8221; custom_padding=&#8221;100px|0px|100px|0px&#8221; global_colors_info=&#8221;{}&#8221;][et_pb_row column_structure=&#8221;1_2,1_2&#8243; _builder_version=&#8221;4.16&#8243; custom_margin=&#8221;2%|||&#8221; global_colors_info=&#8221;{}&#8221;][et_pb_column type=&#8221;1_2&#8243; _builder_version=&#8221;4.16&#8243; custom_padding=&#8221;|||&#8221; global_colors_info=&#8221;{}&#8221; custom_padding__hover=&#8221;|||&#8221;][et_pb_text _builder_version=&#8221;4.24.2&#8243; text_font=&#8221;||||||||&#8221; text_text_color=&#8221;#&#8221; text_font_size=&#8221;16px&#8221; text_line_height=&#8221;1.8em&#8221; header_font=&#8221;||||||||&#8221; header_2_font=&#8221;Poppins||||||||&#8221; header_2_font_size=&#8221;28px&#8221; header_2_line_height=&#8221;1.4em&#8221; header_3_font=&#8221;||||||||&#8221; max_width=&#8221;700px&#8221; module_alignment=&#8221;center&#8221; hover_enabled=&#8221;0&#8243; global_colors_info=&#8221;{}&#8221; sticky_enabled=&#8221;0&#8243;]<\/p>\n<h2>Conhecendo Mais Sobre VPS<\/h2>\n<p style=\"text-align: justify;\"><span>A VPS \u00e9 uma solu\u00e7\u00e3o de hospedagem que oferece recursos dedicados em um ambiente virtualizado. Isso proporciona maior flexibilidade, controle e desempenho em compara\u00e7\u00e3o com hospedagem compartilhada, sendo uma escolha ideal para empresas que buscam escalabilidade e seguran\u00e7a para seus aplicativos e servi\u00e7os online.<\/span><\/p>\n<p>[\/et_pb_text][\/et_pb_column][et_pb_column type=&#8221;1_2&#8243; _builder_version=&#8221;4.16&#8243; custom_padding=&#8221;|||&#8221; global_colors_info=&#8221;{}&#8221; custom_padding__hover=&#8221;|||&#8221;][et_pb_text _builder_version=&#8221;4.24.2&#8243; text_font=&#8221;||||||||&#8221; text_text_color=&#8221;#&#8221; text_font_size=&#8221;16px&#8221; text_line_height=&#8221;1.8em&#8221; header_font=&#8221;||||||||&#8221; header_2_font=&#8221;Poppins||||||||&#8221; header_2_font_size=&#8221;28px&#8221; header_2_line_height=&#8221;1.4em&#8221; header_3_font=&#8221;||||||||&#8221; max_width=&#8221;700px&#8221; module_alignment=&#8221;center&#8221; hover_enabled=&#8221;0&#8243; global_colors_info=&#8221;{}&#8221; sticky_enabled=&#8221;0&#8243;]<\/p>\n<h2>Servi\u00e7o Personalizado<\/h2>\n<p style=\"text-align: justify;\"><span>Nosso servi\u00e7o \u00e9 adaptado \u00e0s suas necessidades espec\u00edficas. Trabalharemos em estreita colabora\u00e7\u00e3o com sua equipe para entender suas metas e requisitos, e personalizaremos a instala\u00e7\u00e3o, implanta\u00e7\u00e3o e configura\u00e7\u00e3o da VPS para garantir um ambiente est\u00e1vel e seguro para suas opera\u00e7\u00f5es digitais.<\/span><\/p>\n<p>[\/et_pb_text][\/et_pb_column][\/et_pb_row][\/et_pb_section][et_pb_section fb_built=&#8221;1&#8243; admin_label=&#8221;Results&#8221; _builder_version=&#8221;4.16&#8243; custom_padding=&#8221;100px|0px|100px|0px&#8221; global_colors_info=&#8221;{}&#8221;][et_pb_row _builder_version=&#8221;4.16&#8243; custom_padding=&#8221;27px|0px|27px|0px&#8221; locked=&#8221;off&#8221; global_colors_info=&#8221;{}&#8221;][et_pb_column type=&#8221;4_4&#8243; _builder_version=&#8221;4.16&#8243; custom_padding=&#8221;|||&#8221; global_colors_info=&#8221;{}&#8221; custom_padding__hover=&#8221;|||&#8221;][et_pb_text _builder_version=&#8221;4.24.2&#8243; _module_preset=&#8221;default&#8221; global_colors_info=&#8221;{}&#8221;]<\/p>\n<h1 style=\"text-align: center;\">Gere Resultados<\/h1>\n<p>[\/et_pb_text][et_pb_text _builder_version=&#8221;4.24.2&#8243; text_font=&#8221;||||||||&#8221; text_font_size=&#8221;16px&#8221; text_line_height=&#8221;1.8em&#8221; header_font=&#8221;||||||||&#8221; header_2_font=&#8221;Poppins||||||||&#8221; header_2_font_size=&#8221;28px&#8221; header_2_line_height=&#8221;1.4em&#8221; header_3_font=&#8221;||||||||&#8221; text_orientation=&#8221;center&#8221; max_width=&#8221;700px&#8221; module_alignment=&#8221;center&#8221; hover_enabled=&#8221;0&#8243; global_colors_info=&#8221;{}&#8221; sticky_enabled=&#8221;0&#8243;]<\/p>\n<p style=\"text-align: justify;\"><span>Ter um VPS (Servidor Virtual Privado) em vez de hospedagem compartilhada oferece diversas vantagens significativas para empresas e projetos online. Enquanto a hospedagem compartilhada divide recursos entre v\u00e1rios usu\u00e1rios, um VPS oferece recursos dedicados, proporcionando maior estabilidade, desempenho e seguran\u00e7a. Com um VPS, voc\u00ea tem controle total sobre seu ambiente de hospedagem, podendo personaliz\u00e1-lo conforme suas necessidades espec\u00edficas, al\u00e9m de oferecer escalabilidade para acompanhar o crescimento do seu projeto.<\/span><\/p>\n<p>[\/et_pb_text][\/et_pb_column][\/et_pb_row][et_pb_row column_structure=&#8221;1_4,1_4,1_4,1_4&#8243; _builder_version=&#8221;4.16&#8243; custom_margin=&#8221;|||&#8221; global_colors_info=&#8221;{}&#8221;][et_pb_column type=&#8221;1_4&#8243; _builder_version=&#8221;4.16&#8243; custom_padding=&#8221;|||&#8221; global_colors_info=&#8221;{}&#8221; custom_padding__hover=&#8221;|||&#8221;][et_pb_circle_counter title=&#8221;Efici\u00eancia&#8221; number=&#8221;90&#8243; bar_bg_color=&#8221;#8935fd&#8221; _builder_version=&#8221;4.24.2&#8243; title_font=&#8221;Poppins|600||on|||||&#8221; title_font_size=&#8221;14px&#8221; title_line_height=&#8221;1.4em&#8221; number_font=&#8221;Poppins|500|||||||&#8221; number_text_color=&#8221;#6a5aff&#8221; number_font_size=&#8221;20px&#8221; max_width=&#8221;120px&#8221; animation_style=&#8221;zoom&#8221; animation_delay=&#8221;200ms&#8221; hover_enabled=&#8221;0&#8243; global_colors_info=&#8221;{}&#8221; sticky_enabled=&#8221;0&#8243;][\/et_pb_circle_counter][\/et_pb_column][et_pb_column type=&#8221;1_4&#8243; _builder_version=&#8221;4.16&#8243; custom_padding=&#8221;|||&#8221; global_colors_info=&#8221;{}&#8221; custom_padding__hover=&#8221;|||&#8221;][et_pb_circle_counter title=&#8221;Velocidade&#8221; number=&#8221;88&#8243; bar_bg_color=&#8221;#8935fd&#8221; _builder_version=&#8221;4.24.2&#8243; title_font=&#8221;Poppins|600||on|||||&#8221; title_font_size=&#8221;14px&#8221; title_line_height=&#8221;1.4em&#8221; number_font=&#8221;Poppins|500|||||||&#8221; number_text_color=&#8221;#6a5aff&#8221; number_font_size=&#8221;20px&#8221; max_width=&#8221;120px&#8221; animation_style=&#8221;zoom&#8221; hover_enabled=&#8221;0&#8243; global_colors_info=&#8221;{}&#8221; sticky_enabled=&#8221;0&#8243;][\/et_pb_circle_counter][\/et_pb_column][et_pb_column type=&#8221;1_4&#8243; _builder_version=&#8221;4.16&#8243; custom_padding=&#8221;|||&#8221; global_colors_info=&#8221;{}&#8221; custom_padding__hover=&#8221;|||&#8221;][et_pb_circle_counter title=&#8221;Performance&#8221; number=&#8221;78&#8243; bar_bg_color=&#8221;#8935fd&#8221; _builder_version=&#8221;4.24.2&#8243; title_font=&#8221;Poppins|600||on|||||&#8221; title_font_size=&#8221;14px&#8221; title_line_height=&#8221;1.4em&#8221; number_font=&#8221;Poppins|500|||||||&#8221; number_text_color=&#8221;#6a5aff&#8221; number_font_size=&#8221;20px&#8221; max_width=&#8221;120px&#8221; animation_style=&#8221;zoom&#8221; hover_enabled=&#8221;0&#8243; global_colors_info=&#8221;{}&#8221; sticky_enabled=&#8221;0&#8243;][\/et_pb_circle_counter][\/et_pb_column][et_pb_column type=&#8221;1_4&#8243; _builder_version=&#8221;4.16&#8243; custom_padding=&#8221;|||&#8221; global_colors_info=&#8221;{}&#8221; custom_padding__hover=&#8221;|||&#8221;][et_pb_circle_counter title=&#8221;Agilidade&#8221; number=&#8221;93&#8243; bar_bg_color=&#8221;#8935fd&#8221; _builder_version=&#8221;4.24.2&#8243; title_font=&#8221;Poppins|600||on|||||&#8221; title_font_size=&#8221;14px&#8221; title_line_height=&#8221;1.4em&#8221; number_font=&#8221;Poppins|500|||||||&#8221; number_text_color=&#8221;#6a5aff&#8221; number_font_size=&#8221;20px&#8221; max_width=&#8221;120px&#8221; animation_style=&#8221;zoom&#8221; animation_delay=&#8221;200ms&#8221; hover_enabled=&#8221;0&#8243; global_colors_info=&#8221;{}&#8221; sticky_enabled=&#8221;0&#8243;][\/et_pb_circle_counter][\/et_pb_column][\/et_pb_row][\/et_pb_section][et_pb_section fb_built=&#8221;1&#8243; admin_label=&#8221;Get Started&#8221; _builder_version=&#8221;4.16&#8243; use_background_color_gradient=&#8221;on&#8221; background_color_gradient_direction=&#8221;60deg&#8221; background_color_gradient_stops=&#8221;#8834fd 0%|#c756ec 100%&#8221; background_color_gradient_start=&#8221;#8834fd&#8221; background_color_gradient_end=&#8221;#c756ec&#8221; custom_padding=&#8221;100px|0px|100px|0px&#8221; global_colors_info=&#8221;{}&#8221;][et_pb_row _builder_version=&#8221;4.16&#8243; custom_padding=&#8221;|||&#8221; locked=&#8221;off&#8221; global_colors_info=&#8221;{}&#8221;][et_pb_column type=&#8221;4_4&#8243; _builder_version=&#8221;4.16&#8243; custom_padding=&#8221;|||&#8221; global_colors_info=&#8221;{}&#8221; custom_padding__hover=&#8221;|||&#8221;][et_pb_text _builder_version=&#8221;4.24.2&#8243; text_font=&#8221;|600|||||||&#8221; text_font_size=&#8221;16px&#8221; text_line_height=&#8221;1.8em&#8221; header_font=&#8221;||||||||&#8221; header_2_font=&#8221;Poppins||||||||&#8221; header_2_font_size=&#8221;28px&#8221; header_2_line_height=&#8221;1.4em&#8221; header_3_font=&#8221;||||||||&#8221; text_orientation=&#8221;center&#8221; background_layout=&#8221;dark&#8221; max_width=&#8221;700px&#8221; module_alignment=&#8221;center&#8221; global_colors_info=&#8221;{}&#8221;]<\/p>\n<h2>Ficou interessado?<\/h2>\n<p>Voc\u00ea entrar em contato agora mesmo via telefone (61) 4042-0701, <a href=\"mailto:comercial@ewsistemasti.com.br\">comercial@ewsistemasti.com.br<\/a> ou WhatsApp no canto inferior esquerdo do seu monitor.<\/p>\n<p>[\/et_pb_text][et_pb_button button_url=&#8221;https:\/\/ewsistemasti.com.br\/loja\/produto\/servico-de-instalacao-implantacao-e-configuracao-de-vps-virtual-private-server\/&#8221; url_new_window=&#8221;on&#8221; button_text=&#8221;Contratar Agora&#8221; button_alignment=&#8221;center&#8221; _builder_version=&#8221;4.24.2&#8243; custom_button=&#8221;on&#8221; button_text_size=&#8221;14px&#8221; button_border_width=&#8221;2px&#8221; button_border_radius=&#8221;6px&#8221; button_letter_spacing=&#8221;1px&#8221; button_font=&#8221;Poppins|600||on|||||&#8221; button_use_icon=&#8221;off&#8221; background_layout=&#8221;dark&#8221; custom_margin=&#8221;|||&#8221; custom_padding=&#8221;20px|30px|20px|30px&#8221; animation_style=&#8221;fade&#8221; hover_enabled=&#8221;0&#8243; box_shadow_style=&#8221;preset4&#8243; button_letter_spacing_hover=&#8221;1px&#8221; global_colors_info=&#8221;{}&#8221; button_text_size__hover_enabled=&#8221;off&#8221; button_one_text_size__hover_enabled=&#8221;off&#8221; button_two_text_size__hover_enabled=&#8221;off&#8221; button_text_color__hover_enabled=&#8221;off&#8221; button_one_text_color__hover_enabled=&#8221;off&#8221; button_two_text_color__hover_enabled=&#8221;off&#8221; button_border_width__hover_enabled=&#8221;off&#8221; button_one_border_width__hover_enabled=&#8221;off&#8221; button_two_border_width__hover_enabled=&#8221;off&#8221; button_border_color__hover_enabled=&#8221;off&#8221; button_one_border_color__hover_enabled=&#8221;off&#8221; button_two_border_color__hover_enabled=&#8221;off&#8221; button_border_radius__hover_enabled=&#8221;off&#8221; button_one_border_radius__hover_enabled=&#8221;off&#8221; button_two_border_radius__hover_enabled=&#8221;off&#8221; button_letter_spacing__hover_enabled=&#8221;on&#8221; button_letter_spacing__hover=&#8221;1px&#8221; button_one_letter_spacing__hover_enabled=&#8221;off&#8221; button_two_letter_spacing__hover_enabled=&#8221;off&#8221; button_bg_color__hover_enabled=&#8221;off&#8221; button_one_bg_color__hover_enabled=&#8221;off&#8221; button_two_bg_color__hover_enabled=&#8221;off&#8221; sticky_enabled=&#8221;0&#8243;][\/et_pb_button][\/et_pb_column][\/et_pb_row][\/et_pb_section][et_pb_section fb_built=&#8221;1&#8243; _builder_version=&#8221;4.24.2&#8243; _module_preset=&#8221;default&#8221; global_colors_info=&#8221;{}&#8221;][et_pb_row column_structure=&#8221;1_2,1_2&#8243; _builder_version=&#8221;4.24.2&#8243; _module_preset=&#8221;default&#8221; global_colors_info=&#8221;{}&#8221;][et_pb_column type=&#8221;1_2&#8243; _builder_version=&#8221;4.24.2&#8243; _module_preset=&#8221;default&#8221; global_colors_info=&#8221;{}&#8221;][et_pb_text _builder_version=&#8221;4.24.2&#8243; _module_preset=&#8221;default&#8221; global_colors_info=&#8221;{}&#8221;]<\/p>\n<h1>Um Produto Ew Sistemas TI<\/h1>\n<p>[\/et_pb_text][\/et_pb_column][et_pb_column type=&#8221;1_2&#8243; _builder_version=&#8221;4.24.2&#8243; _module_preset=&#8221;default&#8221; global_colors_info=&#8221;{}&#8221;][et_pb_image src=&#8221;https:\/\/ewsistemasti.com.br\/wpress\/wp-content\/uploads\/2019\/06\/logo-ewsistemas-ti-new-1.png&#8221; title_text=&#8221;logo ewsistemas ti new&#8221; _builder_version=&#8221;4.24.2&#8243; _module_preset=&#8221;default&#8221; global_colors_info=&#8221;{}&#8221;][\/et_pb_image][\/et_pb_column][\/et_pb_row][\/et_pb_section]<\/p>\n","protected":false},"excerpt":{"rendered":"<p>Ew Sistemas TIServi\u00e7o de Configura\u00e7\u00e3o Virtual Private Server ou Servidor Virtual Privado. Um VPS \u00e9 uma forma de hospedagem na qual um servidor f\u00edsico \u00e9 dividido em v\u00e1rias inst\u00e2ncias virtuais, cada uma funcionando como um servidor independente. Produto: Servi\u00e7o Configura\u00e7\u00e3oModalidade: VPS Na busca por solu\u00e7\u00f5es tecnol\u00f3gicas robustas e eficientes, oferecemos nosso servi\u00e7o especializado de instala\u00e7\u00e3o, [&hellip;]<\/p>\n","protected":false},"author":1,"featured_media":0,"parent":0,"menu_order":0,"comment_status":"closed","ping_status":"closed","template":"","meta":{"_et_pb_use_builder":"on","_et_pb_old_content":"","_et_gb_content_width":"","_joinchat":[],"footnotes":""},"class_list":["post-1724","page","type-page","status-publish","hentry"],"_links":{"self":[{"href":"https:\/\/ewsistemasti.com.br\/wpress\/wp-json\/wp\/v2\/pages\/1724","targetHints":{"allow":["GET"]}}],"collection":[{"href":"https:\/\/ewsistemasti.com.br\/wpress\/wp-json\/wp\/v2\/pages"}],"about":[{"href":"https:\/\/ewsistemasti.com.br\/wpress\/wp-json\/wp\/v2\/types\/page"}],"author":[{"embeddable":true,"href":"https:\/\/ewsistemasti.com.br\/wpress\/wp-json\/wp\/v2\/users\/1"}],"replies":[{"embeddable":true,"href":"https:\/\/ewsistemasti.com.br\/wpress\/wp-json\/wp\/v2\/comments?post=1724"}],"version-history":[{"count":6,"href":"https:\/\/ewsistemasti.com.br\/wpress\/wp-json\/wp\/v2\/pages\/1724\/revisions"}],"predecessor-version":[{"id":1734,"href":"https:\/\/ewsistemasti.com.br\/wpress\/wp-json\/wp\/v2\/pages\/1724\/revisions\/1734"}],"wp:attachment":[{"href":"https:\/\/ewsistemasti.com.br\/wpress\/wp-json\/wp\/v2\/media?parent=1724"}],"curies":[{"name":"wp","href":"https:\/\/api.w.org\/{rel}","templated":true}]}}