{"id":1897,"date":"2025-12-12T05:39:57","date_gmt":"2025-12-12T02:39:57","guid":{"rendered":"https:\/\/ewsistemasti.com.br\/wpress\/?page_id=1897"},"modified":"2025-12-12T12:00:04","modified_gmt":"2025-12-12T09:00:04","slug":"inteligencia-artificial","status":"publish","type":"page","link":"https:\/\/ewsistemasti.com.br\/wpress\/inteligencia-artificial\/","title":{"rendered":"Intelig\u00ebncia Artificial"},"content":{"rendered":"<p>[et_pb_section fb_built=&#8221;1&#8243; custom_padding_last_edited=&#8221;off|desktop&#8221; admin_label=&#8221;Hero&#8221; _builder_version=&#8221;4.16&#8243; use_background_color_gradient=&#8221;on&#8221; background_color_gradient_direction=&#8221;60deg&#8221; background_color_gradient_stops=&#8221;#8834fd 0%|#c756ec 100%&#8221; background_color_gradient_start=&#8221;#8834fd&#8221; background_color_gradient_end=&#8221;#c756ec&#8221; custom_padding=&#8221;100px|0px|0px|0px&#8221; box_shadow_style=&#8221;preset7&#8243; box_shadow_horizontal=&#8221;0px&#8221; box_shadow_vertical=&#8221;-100px&#8221; box_shadow_color=&#8221;#ffffff&#8221; global_colors_info=&#8221;{}&#8221;][et_pb_row column_structure=&#8221;1_2,1_2&#8243; _builder_version=&#8221;4.16&#8243; custom_padding=&#8221;|||&#8221; global_colors_info=&#8221;{}&#8221;][et_pb_column type=&#8221;1_2&#8243; _builder_version=&#8221;4.16&#8243; custom_padding=&#8221;||60px|&#8221; global_colors_info=&#8221;{}&#8221; custom_padding__hover=&#8221;|||&#8221;][et_pb_text _builder_version=&#8221;4.20.4&#8243; text_font=&#8221;||||||||&#8221; header_font=&#8221;|600||on|||||&#8221; header_font_size=&#8221;14px&#8221; background_layout=&#8221;dark&#8221; max_width=&#8221;550px&#8221; module_alignment=&#8221;center&#8221; custom_margin=&#8221;|||&#8221; custom_padding=&#8221;|||&#8221; global_colors_info=&#8221;{}&#8221;]<\/p>\n<h1>Ew Sistemas TI<\/h1>\n<p>[\/et_pb_text][et_pb_text _builder_version=&#8221;4.24.2&#8243; text_font=&#8221;Open Sans|600|||||||&#8221; text_font_size=&#8221;16px&#8221; text_line_height=&#8221;1.8em&#8221; header_font=&#8221;||||||||&#8221; header_2_font=&#8221;Poppins||||||||&#8221; header_2_font_size=&#8221;36px&#8221; header_2_line_height=&#8221;1.4em&#8221; background_layout=&#8221;dark&#8221; max_width=&#8221;550px&#8221; module_alignment=&#8221;center&#8221; global_colors_info=&#8221;{}&#8221;]<\/p>\n<h2>INTELIG\u00caNCIA ARTIFICIAL<\/h2>\n<p>A Ew Sistemas TI conta com profissionais altamente capacitados para aplicar <strong data-start=\"522\" data-end=\"575\">Intelig\u00eancia Artificial de forma pr\u00e1tica e segura<\/strong>, ajudando sua empresa a automatizar rotinas, acelerar atendimento, organizar conhecimento e tomar decis\u00f5es melhores com base em dados \u2014 sem complica\u00e7\u00e3o e sem \u201cpromessa m\u00e1gica\u201d.<\/p>\n<p>[\/et_pb_text][\/et_pb_column][et_pb_column type=&#8221;1_2&#8243; _builder_version=&#8221;4.16&#8243; custom_padding=&#8221;|||&#8221; global_colors_info=&#8221;{}&#8221; custom_padding__hover=&#8221;|||&#8221;][et_pb_cta title=&#8221;Solu\u00e7\u00f5es de IA para Neg\u00f3cios&#8221; url_new_window=&#8221;on&#8221; button_text=&#8221;Saiba Mais&#8230;&#8221; _builder_version=&#8221;4.24.2&#8243; header_font=&#8221;Poppins|600||on|||||&#8221; header_font_size=&#8221;14px&#8221; header_line_height=&#8221;1.8em&#8221; body_font=&#8221;Open Sans||||||||&#8221; body_font_size=&#8221;16px&#8221; body_line_height=&#8221;1.8em&#8221; background_color=&#8221;#ffffff&#8221; custom_button=&#8221;on&#8221; button_text_size=&#8221;14px&#8221; button_text_color=&#8221;#ffffff&#8221; button_bg_color=&#8221;#6a5aff&#8221; button_border_width=&#8221;8px&#8221; button_border_color=&#8221;#6a5aff&#8221; button_border_radius=&#8221;100px&#8221; button_letter_spacing=&#8221;1px&#8221; button_font=&#8221;Poppins|600||on|||||&#8221; button_use_icon=&#8221;off&#8221; button_alignment=&#8221;left&#8221; text_orientation=&#8221;left&#8221; background_layout=&#8221;light&#8221; max_width=&#8221;87%&#8221; max_width_tablet=&#8221;&#8221; max_width_phone=&#8221;&#8221; max_width_last_edited=&#8221;on|desktop&#8221; custom_padding=&#8221;|||&#8221; animation_style=&#8221;slide&#8221; animation_direction=&#8221;top&#8221; animation_intensity_slide=&#8221;10%&#8221; animation_starting_opacity=&#8221;80%&#8221; border_radii=&#8221;on|10px|10px|10px|10px&#8221; box_shadow_style=&#8221;preset3&#8243; box_shadow_vertical=&#8221;31px&#8221; box_shadow_blur=&#8221;40px&#8221; box_shadow_color=&#8221;rgba(11,9,26,0.1)&#8221; locked=&#8221;off&#8221; global_colors_info=&#8221;{}&#8221; button_text_size__hover_enabled=&#8221;off&#8221; button_one_text_size__hover_enabled=&#8221;off&#8221; button_two_text_size__hover_enabled=&#8221;off&#8221; button_text_color__hover_enabled=&#8221;off&#8221; button_one_text_color__hover_enabled=&#8221;off&#8221; button_two_text_color__hover_enabled=&#8221;off&#8221; button_border_width__hover_enabled=&#8221;off&#8221; button_one_border_width__hover_enabled=&#8221;off&#8221; button_two_border_width__hover_enabled=&#8221;off&#8221; button_border_color__hover_enabled=&#8221;off&#8221; button_one_border_color__hover_enabled=&#8221;off&#8221; button_two_border_color__hover_enabled=&#8221;off&#8221; button_border_radius__hover_enabled=&#8221;off&#8221; button_one_border_radius__hover_enabled=&#8221;off&#8221; button_two_border_radius__hover_enabled=&#8221;off&#8221; button_letter_spacing__hover_enabled=&#8221;off&#8221; button_one_letter_spacing__hover_enabled=&#8221;off&#8221; button_two_letter_spacing__hover_enabled=&#8221;off&#8221; button_bg_color__hover_enabled=&#8221;off&#8221; button_one_bg_color__hover_enabled=&#8221;off&#8221; button_two_bg_color__hover_enabled=&#8221;off&#8221;]<\/p>\n<p><strong>Tecnologias:<\/strong> Modelos de Linguagem (LLMs), Chatbots, Automa\u00e7\u00e3o, An\u00e1lise de Documentos, Base de Conhecimento.<br \/><strong>Servi\u00e7os:<\/strong> IA aplicada, Integra\u00e7\u00f5es, Treinamento e Sustenta\u00e7\u00e3o.<br \/><strong>Modalidade::<\/strong> Projeto + evolu\u00e7\u00e3o cont\u00ednua.<\/p>\n<p>Visando \u00e0 comodidade de nossos clientes, estamos disponibilizando servi\u00e7os de <strong data-start=\"1094\" data-end=\"1160\">diagn\u00f3stico, implanta\u00e7\u00e3o e melhoria cont\u00ednua de solu\u00e7\u00f5es de IA<\/strong>. Basta nos chamar no WhatsApp no canto inferior esquerdo deste site. N\u00f3s vamos lhe atender.<\/p>\n<p>[\/et_pb_cta][\/et_pb_column][\/et_pb_row][\/et_pb_section][et_pb_section fb_built=&#8221;1&#8243; admin_label=&#8221;Overview&#8221; _builder_version=&#8221;4.16&#8243; custom_padding=&#8221;100px|0px|100px|0px&#8221; global_colors_info=&#8221;{}&#8221;][et_pb_row column_structure=&#8221;1_2,1_2&#8243; _builder_version=&#8221;4.16&#8243; global_colors_info=&#8221;{}&#8221;][et_pb_column type=&#8221;1_2&#8243; _builder_version=&#8221;4.16&#8243; custom_padding=&#8221;|||&#8221; global_colors_info=&#8221;{}&#8221; custom_padding__hover=&#8221;|||&#8221;][et_pb_text _builder_version=&#8221;4.24.2&#8243; text_font=&#8221;||||||||&#8221; text_font_size=&#8221;16px&#8221; text_line_height=&#8221;1.8em&#8221; header_font=&#8221;||||||||&#8221; header_2_font=&#8221;Poppins||||||||&#8221; header_2_text_color=&#8221;#2c3238&#8243; header_2_font_size=&#8221;28px&#8221; header_2_line_height=&#8221;1.4em&#8221; header_3_font=&#8221;||||||||&#8221; max_width=&#8221;700px&#8221; module_alignment=&#8221;center&#8221; global_colors_info=&#8221;{}&#8221;]<\/p>\n<h2>O que a IA pode fazer na sua empresa (na pr\u00e1tica)<\/h2>\n<h3 data-start=\"1346\" data-end=\"1398\">Atendimento mais r\u00e1pido (e sem perder qualidade)<\/h3>\n<p data-start=\"1399\" data-end=\"1583\">Implanta\u00e7\u00e3o de <strong data-start=\"1414\" data-end=\"1438\">assistentes virtuais<\/strong> para responder d\u00favidas frequentes, orientar clientes, registrar solicita\u00e7\u00f5es e encaminhar para o time certo \u2014 mantendo hist\u00f3rico e padroniza\u00e7\u00e3o.<\/p>\n<p>[\/et_pb_text][\/et_pb_column][et_pb_column type=&#8221;1_2&#8243; _builder_version=&#8221;4.16&#8243; custom_padding=&#8221;|||&#8221; global_colors_info=&#8221;{}&#8221; custom_padding__hover=&#8221;|||&#8221;][et_pb_image src=&#8221;https:\/\/ewsistemasti.com.br\/wpress\/wp-content\/uploads\/2019\/11\/app-marketing-illustration-03.png&#8221; align_tablet=&#8221;center&#8221; align_phone=&#8221;center&#8221; align_last_edited=&#8221;on|desktop&#8221; _builder_version=&#8221;4.16&#8243; animation_style=&#8221;slide&#8221; animation_direction=&#8221;left&#8221; animation_intensity_slide=&#8221;10%&#8221; global_colors_info=&#8221;{}&#8221;][\/et_pb_image][\/et_pb_column][\/et_pb_row][\/et_pb_section][et_pb_section fb_built=&#8221;1&#8243; _builder_version=&#8221;4.20.4&#8243; _module_preset=&#8221;default&#8221; background_color=&#8221;#8300E9&#8243; global_colors_info=&#8221;{}&#8221;][et_pb_row column_structure=&#8221;1_2,1_2&#8243; _builder_version=&#8221;4.20.4&#8243; _module_preset=&#8221;default&#8221; global_colors_info=&#8221;{}&#8221;][et_pb_column type=&#8221;1_2&#8243; _builder_version=&#8221;4.20.4&#8243; _module_preset=&#8221;default&#8221; global_colors_info=&#8221;{}&#8221;][et_pb_image src=&#8221;https:\/\/ewsistemasti.com.br\/wpress\/wp-content\/uploads\/2025\/07\/puzzle-1020426_1280.jpg&#8221; title_text=&#8221;puzzle-1020426_1280&#8243; _builder_version=&#8221;4.24.2&#8243; _module_preset=&#8221;default&#8221; global_colors_info=&#8221;{}&#8221;][\/et_pb_image][\/et_pb_column][et_pb_column type=&#8221;1_2&#8243; _builder_version=&#8221;4.20.4&#8243; _module_preset=&#8221;default&#8221; global_colors_info=&#8221;{}&#8221;][et_pb_text _builder_version=&#8221;4.24.2&#8243; _module_preset=&#8221;default&#8221; text_font_size=&#8221;16px&#8221; background_layout=&#8221;dark&#8221; global_colors_info=&#8221;{}&#8221;]<\/p>\n<p>Automa\u00e7\u00e3o de processos (menos trabalho repetitivo)<\/p>\n<p data-start=\"1640\" data-end=\"1667\">Automatizamos tarefas como:<\/p>\n<ul data-start=\"1668\" data-end=\"1877\">\n<li data-start=\"1668\" data-end=\"1702\">\n<p data-start=\"1670\" data-end=\"1702\">triagem de mensagens e e-mails<\/p>\n<\/li>\n<li data-start=\"1703\" data-end=\"1753\">\n<p data-start=\"1705\" data-end=\"1753\">gera\u00e7\u00e3o de respostas padr\u00e3o com revis\u00e3o humana<\/p>\n<\/li>\n<li data-start=\"1754\" data-end=\"1789\">\n<p data-start=\"1756\" data-end=\"1789\">cria\u00e7\u00e3o de resumos e relat\u00f3rios<\/p>\n<\/li>\n<li data-start=\"1790\" data-end=\"1832\">\n<p data-start=\"1792\" data-end=\"1832\">extra\u00e7\u00e3o de dados de PDFs e documentos<\/p>\n<\/li>\n<li data-start=\"1833\" data-end=\"1877\">\n<p data-start=\"1835\" data-end=\"1877\">classifica\u00e7\u00e3o e roteamento de solicita\u00e7\u00f5es<\/p>\n<\/li>\n<\/ul>\n<p>[\/et_pb_text][\/et_pb_column][\/et_pb_row][\/et_pb_section][et_pb_section fb_built=&#8221;1&#8243; _builder_version=&#8221;4.20.4&#8243; _module_preset=&#8221;default&#8221; global_colors_info=&#8221;{}&#8221;][et_pb_row column_structure=&#8221;1_2,1_2&#8243; _builder_version=&#8221;4.20.4&#8243; _module_preset=&#8221;default&#8221; global_colors_info=&#8221;{}&#8221;][et_pb_column type=&#8221;1_2&#8243; _builder_version=&#8221;4.20.4&#8243; _module_preset=&#8221;default&#8221; global_colors_info=&#8221;{}&#8221;][et_pb_text _builder_version=&#8221;4.24.2&#8243; _module_preset=&#8221;default&#8221; text_font_size=&#8221;16px&#8221; global_colors_info=&#8221;{}&#8221;]<\/p>\n<p>IA com base de conhecimento (RAG)<\/p>\n<p>Entendemos que a infraestrutura tecnol\u00f3gica \u00e9 a espinha dorsal de qualquer organiza\u00e7\u00e3o. Desde a conectividade confi\u00e1vel at\u00e9 a seguran\u00e7a dos dados, cada componente desempenha um papel vital no desempenho di\u00e1rio das opera\u00e7\u00f5es. Na EW Sistemas TI, dedicamos nossos esfor\u00e7os para oferecer solu\u00e7\u00f5es completas que impulsionam a efici\u00eancia, a seguran\u00e7a e a adaptabilidade de sua infraestrutura.<\/p>\n<p data-start=\"1917\" data-end=\"2100\">Sua empresa passa a ter um \u201cc\u00e9rebro\u201d com seus pr\u00f3prios conte\u00fados: pol\u00edticas, manuais, contratos, FAQs e procedimentos \u2014 reduzindo retrabalho e aumentando a consist\u00eancia das respostas.<\/p>\n<h3 data-start=\"2102\" data-end=\"2133\">An\u00e1lise de dados e insights<\/h3>\n<p data-start=\"2134\" data-end=\"2271\">Dashboards e an\u00e1lises com apoio de IA para identificar gargalos, padr\u00f5es de atendimento, motivos de chamados e oportunidades de melhoria.<\/p>\n<p data-start=\"2298\" data-end=\"2559\">[\/et_pb_text][\/et_pb_column][et_pb_column type=&#8221;1_2&#8243; _builder_version=&#8221;4.20.4&#8243; _module_preset=&#8221;default&#8221; global_colors_info=&#8221;{}&#8221;][et_pb_image src=&#8221;https:\/\/ewsistemasti.com.br\/wpress\/wp-content\/uploads\/2023\/01\/book-club_pattern-2.png&#8221; title_text=&#8221;book-club_pattern-2&#8243; _builder_version=&#8221;4.20.4&#8243; _module_preset=&#8221;default&#8221; global_colors_info=&#8221;{}&#8221;][\/et_pb_image][\/et_pb_column][\/et_pb_row][\/et_pb_section][et_pb_section fb_built=&#8221;1&#8243; _builder_version=&#8221;4.20.4&#8243; _module_preset=&#8221;default&#8221; background_color=&#8221;#8300E9&#8243; global_colors_info=&#8221;{}&#8221;][et_pb_row column_structure=&#8221;1_2,1_2&#8243; _builder_version=&#8221;4.20.4&#8243; _module_preset=&#8221;default&#8221; global_colors_info=&#8221;{}&#8221;][et_pb_column type=&#8221;1_2&#8243; _builder_version=&#8221;4.20.4&#8243; _module_preset=&#8221;default&#8221; global_colors_info=&#8221;{}&#8221;][et_pb_image src=&#8221;https:\/\/ewsistemasti.com.br\/wpress\/wp-content\/uploads\/2025\/10\/Metodologias-Ageis-com-Profissionais-Certificados.png&#8221; title_text=&#8221;Metodologias \u00c1geis com Profissionais Certificados&#8221; force_fullwidth=&#8221;on&#8221; _builder_version=&#8221;4.24.2&#8243; _module_preset=&#8221;default&#8221; min_height=&#8221;362px&#8221; height=&#8221;275px&#8221; max_height=&#8221;266px&#8221; border_radii=&#8221;on|20px|20px|20px|20px&#8221; global_colors_info=&#8221;{}&#8221;][\/et_pb_image][\/et_pb_column][et_pb_column type=&#8221;1_2&#8243; _builder_version=&#8221;4.20.4&#8243; _module_preset=&#8221;default&#8221; global_colors_info=&#8221;{}&#8221;][et_pb_text _builder_version=&#8221;4.24.2&#8243; _module_preset=&#8221;default&#8221; text_font_size=&#8221;16px&#8221; background_layout=&#8221;dark&#8221; hover_enabled=&#8221;0&#8243; global_colors_info=&#8221;{}&#8221; sticky_enabled=&#8221;0&#8243;]<\/p>\n<h2 data-start=\"2273\" data-end=\"2296\">Equipe Especializada<\/h2>\n<p data-start=\"2298\" data-end=\"2559\">Temos um time de sucesso! Equipe altamente especializada com as melhores pr\u00e1ticas do mercado, foco em <strong data-start=\"2400\" data-end=\"2452\">qualidade, seguran\u00e7a da informa\u00e7\u00e3o e privacidade<\/strong>, al\u00e9m de integra\u00e7\u00e3o com os sistemas e canais que sua empresa j\u00e1 usa.<span class=\"\" data-state=\"closed\"><span class=\"ms-1 inline-flex max-w-full items-center relative top-[-0.094rem] animate-[show_150ms_ease-in]\" data-testid=\"webpage-citation-pill\"><\/span><\/span><\/p>\n<p>[\/et_pb_text][\/et_pb_column][\/et_pb_row][\/et_pb_section][et_pb_section fb_built=&#8221;1&#8243; _builder_version=&#8221;4.20.4&#8243; _module_preset=&#8221;default&#8221; global_colors_info=&#8221;{}&#8221;][et_pb_row column_structure=&#8221;1_2,1_2&#8243; _builder_version=&#8221;4.20.4&#8243; _module_preset=&#8221;default&#8221; global_colors_info=&#8221;{}&#8221;][et_pb_column type=&#8221;1_2&#8243; _builder_version=&#8221;4.20.4&#8243; _module_preset=&#8221;default&#8221; global_colors_info=&#8221;{}&#8221;][et_pb_text _builder_version=&#8221;4.24.2&#8243; _module_preset=&#8221;default&#8221; text_font_size=&#8221;16px&#8221; hover_enabled=&#8221;0&#8243; global_colors_info=&#8221;{}&#8221; sticky_enabled=&#8221;0&#8243;]<\/p>\n<h2 data-start=\"2561\" data-end=\"2596\">Como trabalhamos (sem enrola\u00e7\u00e3o)<\/h2>\n<p data-start=\"2601\" data-end=\"2700\"><strong data-start=\"2601\" data-end=\"2642\">Diagn\u00f3stico r\u00e1pido (com metas claras)<\/strong>: entender objetivo, volume, canais e dados dispon\u00edveis.<\/p>\n<p data-start=\"2704\" data-end=\"2805\"><strong data-start=\"2704\" data-end=\"2731\">Piloto controlado (MVP)<\/strong>: colocar no ar uma primeira vers\u00e3o em poucos dias\/semana, com m\u00e9tricas.<\/p>\n<p data-start=\"2809\" data-end=\"2917\"><strong data-start=\"2809\" data-end=\"2839\">Escala e melhoria cont\u00ednua<\/strong>: evoluir com base em resultados reais (tempo de resposta, custo, satisfa\u00e7\u00e3o).<\/p>\n<p>[\/et_pb_text][\/et_pb_column][et_pb_column type=&#8221;1_2&#8243; _builder_version=&#8221;4.20.4&#8243; _module_preset=&#8221;default&#8221; global_colors_info=&#8221;{}&#8221;][et_pb_image src=&#8221;https:\/\/ewsistemasti.com.br\/wpress\/wp-content\/uploads\/2020\/08\/air-3807394_1280.png&#8221; title_text=&#8221;air-3807394_1280&#8243; _builder_version=&#8221;4.20.4&#8243; _module_preset=&#8221;default&#8221; global_colors_info=&#8221;{}&#8221;][\/et_pb_image][\/et_pb_column][\/et_pb_row][\/et_pb_section][et_pb_section fb_built=&#8221;1&#8243; _builder_version=&#8221;4.20.4&#8243; _module_preset=&#8221;default&#8221; background_color=&#8221;#8300E9&#8243; global_colors_info=&#8221;{}&#8221;][et_pb_row column_structure=&#8221;1_2,1_2&#8243; _builder_version=&#8221;4.20.4&#8243; _module_preset=&#8221;default&#8221; global_colors_info=&#8221;{}&#8221;][et_pb_column type=&#8221;1_2&#8243; _builder_version=&#8221;4.20.4&#8243; _module_preset=&#8221;default&#8221; global_colors_info=&#8221;{}&#8221;][et_pb_image src=&#8221;https:\/\/ewsistemasti.com.br\/wpress\/wp-content\/uploads\/2025\/09\/imagem.png&#8221; title_text=&#8221;imagem&#8221; _builder_version=&#8221;4.24.2&#8243; _module_preset=&#8221;default&#8221; global_colors_info=&#8221;{}&#8221;][\/et_pb_image][\/et_pb_column][et_pb_column type=&#8221;1_2&#8243; _builder_version=&#8221;4.20.4&#8243; _module_preset=&#8221;default&#8221; global_colors_info=&#8221;{}&#8221;][et_pb_text _builder_version=&#8221;4.24.2&#8243; _module_preset=&#8221;default&#8221; text_font_size=&#8221;16px&#8221; background_layout=&#8221;dark&#8221; hover_enabled=&#8221;0&#8243; global_colors_info=&#8221;{}&#8221; sticky_enabled=&#8221;0&#8243;]<\/p>\n<h2 data-start=\"2919\" data-end=\"2956\">Por que escolher a EW Sistemas TI?<\/h2>\n<p data-start=\"2961\" data-end=\"3058\"><strong data-start=\"2961\" data-end=\"2983\">Foco em resultado:<\/strong> IA aplicada para reduzir tempo, custo e erros \u2014 n\u00e3o \u201cprojeto acad\u00eamico\u201d.<\/p>\n<p data-start=\"3062\" data-end=\"3176\"><strong data-start=\"3062\" data-end=\"3090\">Solu\u00e7\u00f5es personalizadas:<\/strong> cada empresa \u00e9 \u00fanica; implantamos sob medida.<\/p>\n<p data-start=\"3180\" data-end=\"3324\"><strong data-start=\"3180\" data-end=\"3209\">Seguran\u00e7a e conformidade:<\/strong> boas pr\u00e1ticas para proteger dados sens\u00edveis e operar com responsabilidade.<span class=\"\" data-state=\"closed\"><span class=\"ms-1 inline-flex max-w-full items-center relative top-[-0.094rem] animate-[show_150ms_ease-in]\" data-testid=\"webpage-citation-pill\"><\/span><\/span><\/p>\n<p data-start=\"3328\" data-end=\"3453\"><strong data-start=\"3328\" data-end=\"3356\">Atendimento excepcional:<\/strong> relacionamento pr\u00f3ximo e transpar\u00eancia em todas as etapas. <span class=\"\" data-state=\"closed\"><span class=\"ms-1 inline-flex max-w-full items-center relative top-[-0.094rem] animate-[show_150ms_ease-in]\" data-testid=\"webpage-citation-pill\"><\/span><\/span><\/p>\n<p data-start=\"3455\" data-end=\"3620\">Na EW Sistemas TI, acreditamos que <strong data-start=\"3490\" data-end=\"3513\">IA bem implementada<\/strong> vira vantagem competitiva: melhora atendimento, acelera processos e d\u00e1 escala ao time sem perder controle.<\/p>\n<p>[\/et_pb_text][\/et_pb_column][\/et_pb_row][\/et_pb_section][et_pb_section fb_built=&#8221;1&#8243; admin_label=&#8221;Get Started&#8221; _builder_version=&#8221;4.16&#8243; use_background_color_gradient=&#8221;on&#8221; background_color_gradient_direction=&#8221;60deg&#8221; background_color_gradient_stops=&#8221;#8834fd 0%|#c756ec 100%&#8221; background_color_gradient_start=&#8221;#8834fd&#8221; background_color_gradient_end=&#8221;#c756ec&#8221; custom_padding=&#8221;100px|0px|100px|0px&#8221; global_colors_info=&#8221;{}&#8221;][et_pb_row _builder_version=&#8221;4.16&#8243; custom_padding=&#8221;|||&#8221; locked=&#8221;off&#8221; global_colors_info=&#8221;{}&#8221;][et_pb_column type=&#8221;4_4&#8243; _builder_version=&#8221;4.16&#8243; custom_padding=&#8221;|||&#8221; global_colors_info=&#8221;{}&#8221; custom_padding__hover=&#8221;|||&#8221;][et_pb_text _builder_version=&#8221;4.16&#8243; text_font=&#8221;|600|||||||&#8221; text_font_size=&#8221;16px&#8221; text_line_height=&#8221;1.8em&#8221; header_font=&#8221;||||||||&#8221; header_2_font=&#8221;Poppins||||||||&#8221; header_2_font_size=&#8221;28px&#8221; header_2_line_height=&#8221;1.4em&#8221; header_3_font=&#8221;||||||||&#8221; text_orientation=&#8221;center&#8221; background_layout=&#8221;dark&#8221; max_width=&#8221;700px&#8221; module_alignment=&#8221;center&#8221; global_colors_info=&#8221;{}&#8221;]<\/p>\n<h2>Fale Conoso<\/h2>\n<h2><span style=\"font-size: 18px; font-family: 'Open Sans', Arial, sans-serif;\">Entrar em contato com um de nossos especialistas para receber informa\u00e7\u00f5es adicionais sobre Projetos de Redes, Infraestrutura e Cabeamento Estruturado.<\/span><\/h2>\n<p>&nbsp;<\/p>\n<p>[\/et_pb_text][et_pb_button button_url=&#8221;https:\/\/wa.me\/556140420701&#8243; button_text=&#8221;Chamar WhatsApp&#8221; button_alignment=&#8221;center&#8221; _builder_version=&#8221;4.20.4&#8243; custom_button=&#8221;on&#8221; button_text_size=&#8221;14px&#8221; button_border_width=&#8221;2px&#8221; button_border_radius=&#8221;6px&#8221; button_letter_spacing=&#8221;1px&#8221; button_font=&#8221;Poppins|600||on|||||&#8221; button_use_icon=&#8221;off&#8221; background_layout=&#8221;dark&#8221; custom_margin=&#8221;|||&#8221; custom_padding=&#8221;20px|30px|20px|30px&#8221; animation_style=&#8221;fade&#8221; button_letter_spacing_hover=&#8221;1px&#8221; global_colors_info=&#8221;{}&#8221; button_text_size__hover_enabled=&#8221;off&#8221; button_one_text_size__hover_enabled=&#8221;off&#8221; button_two_text_size__hover_enabled=&#8221;off&#8221; button_text_color__hover_enabled=&#8221;off&#8221; button_one_text_color__hover_enabled=&#8221;off&#8221; button_two_text_color__hover_enabled=&#8221;off&#8221; button_border_width__hover_enabled=&#8221;off&#8221; button_one_border_width__hover_enabled=&#8221;off&#8221; button_two_border_width__hover_enabled=&#8221;off&#8221; button_border_color__hover_enabled=&#8221;off&#8221; button_one_border_color__hover_enabled=&#8221;off&#8221; button_two_border_color__hover_enabled=&#8221;off&#8221; button_border_radius__hover_enabled=&#8221;off&#8221; button_one_border_radius__hover_enabled=&#8221;off&#8221; button_two_border_radius__hover_enabled=&#8221;off&#8221; button_letter_spacing__hover_enabled=&#8221;on&#8221; button_letter_spacing__hover=&#8221;1px&#8221; button_one_letter_spacing__hover_enabled=&#8221;off&#8221; button_two_letter_spacing__hover_enabled=&#8221;off&#8221; button_bg_color__hover_enabled=&#8221;off&#8221; button_one_bg_color__hover_enabled=&#8221;off&#8221; button_two_bg_color__hover_enabled=&#8221;off&#8221;][\/et_pb_button][\/et_pb_column][\/et_pb_row][et_pb_row _builder_version=&#8221;4.20.4&#8243; _module_preset=&#8221;default&#8221; global_colors_info=&#8221;{}&#8221;][et_pb_column type=&#8221;4_4&#8243; _builder_version=&#8221;4.20.4&#8243; _module_preset=&#8221;default&#8221; global_colors_info=&#8221;{}&#8221;][\/et_pb_column][\/et_pb_row][\/et_pb_section][et_pb_section fb_built=&#8221;1&#8243; admin_label=&#8221;Try it Free&#8221; _builder_version=&#8221;4.16&#8243; background_color=&#8221;#000000&#8243; custom_padding=&#8221;100px|0px|100px|0px&#8221; global_colors_info=&#8221;{}&#8221;][et_pb_row column_structure=&#8221;1_3,1_3,1_3&#8243; _builder_version=&#8221;4.20.4&#8243; _module_preset=&#8221;default&#8221; global_colors_info=&#8221;{}&#8221;][et_pb_column type=&#8221;1_3&#8243; _builder_version=&#8221;4.20.4&#8243; _module_preset=&#8221;default&#8221; global_colors_info=&#8221;{}&#8221;][\/et_pb_column][et_pb_column type=&#8221;1_3&#8243; _builder_version=&#8221;4.20.4&#8243; _module_preset=&#8221;default&#8221; global_colors_info=&#8221;{}&#8221;][et_pb_image src=&#8221;https:\/\/ewsistemasti.com.br\/wpress\/wp-content\/uploads\/2019\/06\/logo-ewsistemas-ti-new-1.png&#8221; title_text=&#8221;logo ewsistemas ti new&#8221; _builder_version=&#8221;4.20.4&#8243; _module_preset=&#8221;default&#8221; global_colors_info=&#8221;{}&#8221;][\/et_pb_image][\/et_pb_column][et_pb_column type=&#8221;1_3&#8243; _builder_version=&#8221;4.20.4&#8243; _module_preset=&#8221;default&#8221; global_colors_info=&#8221;{}&#8221;][\/et_pb_column][\/et_pb_row][et_pb_row _builder_version=&#8221;4.20.4&#8243; _module_preset=&#8221;default&#8221; global_colors_info=&#8221;{}&#8221;][et_pb_column type=&#8221;4_4&#8243; _builder_version=&#8221;4.20.4&#8243; _module_preset=&#8221;default&#8221; global_colors_info=&#8221;{}&#8221;][et_pb_text _builder_version=&#8221;4.20.4&#8243; _module_preset=&#8221;default&#8221; background_layout=&#8221;dark&#8221; global_colors_info=&#8221;{}&#8221;]<\/p>\n<h1 style=\"text-align: center;\">Telefone: (61) 4042-0701<\/h1>\n<h1 style=\"text-align: center;\">comercial@ewsistemasti.com.br<\/h1>\n<p>[\/et_pb_text][\/et_pb_column][\/et_pb_row][\/et_pb_section]<\/p>\n","protected":false},"excerpt":{"rendered":"<p>Ew Sistemas TIINTELIG\u00caNCIA ARTIFICIAL A Ew Sistemas TI conta com profissionais altamente capacitados para aplicar Intelig\u00eancia Artificial de forma pr\u00e1tica e segura, ajudando sua empresa a automatizar rotinas, acelerar atendimento, organizar conhecimento e tomar decis\u00f5es melhores com base em dados \u2014 sem complica\u00e7\u00e3o e sem \u201cpromessa m\u00e1gica\u201d.Tecnologias: Modelos de Linguagem (LLMs), Chatbots, Automa\u00e7\u00e3o, An\u00e1lise de [&hellip;]<\/p>\n","protected":false},"author":1,"featured_media":0,"parent":0,"menu_order":0,"comment_status":"closed","ping_status":"closed","template":"","meta":{"_et_pb_use_builder":"on","_et_pb_old_content":"","_et_gb_content_width":"","_joinchat":[],"footnotes":""},"class_list":["post-1897","page","type-page","status-publish","hentry"],"_links":{"self":[{"href":"https:\/\/ewsistemasti.com.br\/wpress\/wp-json\/wp\/v2\/pages\/1897","targetHints":{"allow":["GET"]}}],"collection":[{"href":"https:\/\/ewsistemasti.com.br\/wpress\/wp-json\/wp\/v2\/pages"}],"about":[{"href":"https:\/\/ewsistemasti.com.br\/wpress\/wp-json\/wp\/v2\/types\/page"}],"author":[{"embeddable":true,"href":"https:\/\/ewsistemasti.com.br\/wpress\/wp-json\/wp\/v2\/users\/1"}],"replies":[{"embeddable":true,"href":"https:\/\/ewsistemasti.com.br\/wpress\/wp-json\/wp\/v2\/comments?post=1897"}],"version-history":[{"count":8,"href":"https:\/\/ewsistemasti.com.br\/wpress\/wp-json\/wp\/v2\/pages\/1897\/revisions"}],"predecessor-version":[{"id":1910,"href":"https:\/\/ewsistemasti.com.br\/wpress\/wp-json\/wp\/v2\/pages\/1897\/revisions\/1910"}],"wp:attachment":[{"href":"https:\/\/ewsistemasti.com.br\/wpress\/wp-json\/wp\/v2\/media?parent=1897"}],"curies":[{"name":"wp","href":"https:\/\/api.w.org\/{rel}","templated":true}]}}