{"id":199,"date":"2019-07-13T18:21:51","date_gmt":"2019-07-13T15:21:51","guid":{"rendered":"https:\/\/ewsistemasti.com.br\/wpress\/?page_id=199"},"modified":"2019-10-15T23:51:06","modified_gmt":"2019-10-15T20:51:06","slug":"manutencao-e-ou-alteracao","status":"publish","type":"page","link":"https:\/\/ewsistemasti.com.br\/wpress\/manutencao-e-ou-alteracao\/","title":{"rendered":"Manuten\u00e7\u00e3o e\/ou Altera\u00e7\u00e3o"},"content":{"rendered":"<p><br>\n<br>\n<!--StartFragment--><\/p>\n\n\n<p class=\"has-drop-cap\">A Ew Sistemas e Cursos disponibiliza suporte via Manuten\u00e7\u00e3o e\/ou Atualiza\u00e7\u00f5es nos sistemas desenvolvidos e comercializados por n\u00f3s .<\/p>\n\n\n\n<div class=\"wp-block-image\"><figure class=\"alignright is-resized\"><img loading=\"lazy\" decoding=\"async\" src=\"https:\/\/ewsistemasti.com.br\/wpress\/wp-content\/uploads\/2019\/07\/m\u00e9dica.jpg\" alt=\"\" class=\"wp-image-200\" width=\"246\" height=\"246\" srcset=\"https:\/\/ewsistemasti.com.br\/wpress\/wp-content\/uploads\/2019\/07\/m\u00e9dica.jpg 626w, https:\/\/ewsistemasti.com.br\/wpress\/wp-content\/uploads\/2019\/07\/m\u00e9dica-150x150.jpg 150w, https:\/\/ewsistemasti.com.br\/wpress\/wp-content\/uploads\/2019\/07\/m\u00e9dica-300x300.jpg 300w\" sizes=\"auto, (max-width: 246px) 100vw, 246px\" \/><\/figure><\/div>\n\n\n\n<p>Sobre o suporte:<\/p>\n\n\n\n<ol class=\"wp-block-list\"><li>O suporte estende-se somente \u00e0 um dos sistemas adquirido pelo cliente e desenvolvidos por n\u00f3s, mesmo que comprado em outras plataformas de vendas que n\u00e3o seja a nossa loja virtual;<\/li><li>O cliente ter\u00e1 direito \u00e0 atualiza\u00e7\u00f5es via bot\u00e3o update (internet) sempre que houver;<\/li><li>O cliente pode solicitar altera\u00e7\u00f5es nas funcionalidades do sistema, como incluir ou retirar campos, formul\u00e1rios, relat\u00f3rios etc. Este pedido dever\u00e1 ser feito via e-mail para o suporte e somente para suporte na modalidade anual;<\/li><li>Suporte via e-mail: <a href=\"mailto:suporte@ewsistemasecursos.com.br\" target=\"_blank\" rel=\"noreferrer noopener\">suporte@ewsistemasecursos.com.br<\/a> ou via helpdesk no endere\u00e7o <a href=\"https:\/\/ewsistemasecursos.com.br\/suporte\" target=\"_blank\" rel=\"noreferrer noopener\">https:\/\/ewsistemasecursos.com.br\/suporte<\/a>.&nbsp;<\/li><\/ol>\n\n\n\n<p>O cliente pode optar por uma das modalidades de suporte a seguir:<\/p>\n\n\n\n<ul class=\"wp-block-list\"><li> <a rel=\"noreferrer noopener\" href=\"https:\/\/ewsistemasti.com.br\/loja\/produto\/suporte-mensal\/\" target=\"_blank\">Mensal<\/a>:&nbsp;Se o cliente quer uma r\u00e1pida customiza\u00e7\u00e3o no sistema, como exemplo: incluir ou retirar alguns campos, formul\u00e1rio e\/ou relat\u00f3rios (no m\u00e1ximo tr\u00eas processos em todo o sistema. Exemplo: tr\u00eas relat\u00f3rios, ou criar tr\u00eas campos, ou criar um campo, retirar outro campo e criar um relat\u00f3rio);<br>O cliente precisa de um aux\u00edlio na instala\u00e7\u00e3o e configura\u00e7\u00e3o do sistema em seu ambiente de trabalho, ou ainda, para configurar o sistema em rede por exemplo. A consultoria ser\u00e1 feita via Skype ou outro app que a Ew Sistema e Cursos indicar, com dia e hora marcada durante o m\u00eas de validade do suporte;<br>Se o usu\u00e1rio estiver em Bras\u00edlia-DF ou entorno, o usu\u00e1rio poder\u00e1 solicitar uma visita para manuten\u00e7\u00e3o presencial no sistema ou instala\u00e7\u00e3o e configura\u00e7\u00e3o.<br><a rel=\"noreferrer noopener\" href=\"https:\/\/ewsistemasti.com.br\/loja\/produto\/suporte-trimestral\/\" target=\"_blank\">Trimestral<\/a>:&nbsp;Se o cliente quer uma maior customiza\u00e7\u00e3o no sistema, como exemplo: incluir ou retirar alguns campos, formul\u00e1rio e\/ou relat\u00f3rios (no m\u00e1ximo dez processos em todo o sistema. Exemplo: dez relat\u00f3rios, ou criar dez campos, ou criar cinco campos, retirar outro dois campos e criar tr\u00eas relat\u00f3rios);<br>O cliente precisa de um aux\u00edlio na instala\u00e7\u00e3o e configura\u00e7\u00e3o do sistema em seu ambiente de trabalho, ou ainda, para configurar o sistema em rede por exemplo. A consultoria ser\u00e1 feita via Skype ou outro app que a Ew Sistema e Cursos indicar, com dia e hora marcada durante o per\u00edodo de validade do suporte;<br>Se o usu\u00e1rio estiver em Bras\u00edlia-DF ou entorno, o usu\u00e1rio ter\u00e1 direito a uma visita por m\u00eas para manuten\u00e7\u00e3o presencial no sistema.<br>&nbsp;<a rel=\"noreferrer noopener\" href=\"https:\/\/ewsistemasti.com.br\/loja\/produto\/suporte-semestral\/\" target=\"_blank\">Semestral<\/a>:Se o cliente quer uma customiza\u00e7\u00e3o completa no sistema, como exemplo: alterar algumas funcionalidades do sistema, desde que tenha l\u00f3gica para tal altera\u00e7\u00e3o. Como exemplo: O cliente quer um m\u00f3dulo que o sistema dele n\u00e3o tem ou n\u00e3o atende. Vamos dizer que o cliente quer um m\u00f3dulo de contas a receber. O sistema tem um m\u00f3dulo de contas a pagar, mas o cliente quer um novo m\u00f3dulo. Neste caso \u00e9 poss\u00edvel desenvolver o novo m\u00f3dulo de contas a receber sem preju\u00edzo para o sistema e suas funcionalidades. Tamb\u00e9m chamamos de manuten\u00e7\u00e3o evolutiva;<br>O cliente precisa de um aux\u00edlio na instala\u00e7\u00e3o e configura\u00e7\u00e3o do sistema em seu ambiente de trabalho, ou ainda, para configurar o sistema em rede por exemplo. A consultoria ser\u00e1 feita via Skype ou outro app que a Ew Sistema e Cursos indicar, com dia e hora marcada durante o m\u00eas de validade do suporte.<br>Se o usu\u00e1rio estiver em Bras\u00edlia-DF ou entorno o usu\u00e1rio ter\u00e1 direito a uma visita por m\u00eas para manuten\u00e7\u00e3o presencial no sistema.<br>&nbsp;<a rel=\"noreferrer noopener\" href=\"https:\/\/ewsistemasti.com.br\/loja\/produto\/suporte-anual\/\" target=\"_blank\">Anual<\/a>:&nbsp;Se o cliente quer uma customiza\u00e7\u00e3o completa no sistema, como exemplo: alterar algumas funcionalidades do sistema, desde que tenha l\u00f3gica para tal altera\u00e7\u00e3o. Como exemplo: O cliente quer um m\u00f3dulo que o sistema dele n\u00e3o tem ou n\u00e3o atende. Vamos dizer que o cliente quer um m\u00f3dulo de contas a receber. O sistema tem um m\u00f3dulo de contas a pagar, mas o cliente quer um novo m\u00f3dulo. Neste caso \u00e9 poss\u00edvel desenvolver o novo m\u00f3dulo de contas a receber sem preju\u00edzo para o sistema e suas funcionalidades. Tamb\u00e9m chamamos de manuten\u00e7\u00e3o evolutiva;<br>O cliente precisa de um aux\u00edlio na instala\u00e7\u00e3o e configura\u00e7\u00e3o do sistema em seu ambiente de trabalho, ou ainda, para configurar o sistema em rede por exemplo. A consultoria ser\u00e1 feita via Skype ou outro app que a Ew Sistema e Cursos indicar, com dia e hora marcada durante o m\u00eas de validade do suporte.<br>Se o usu\u00e1rio estiver em Bras\u00edlia-DF ou entorno o usu\u00e1rio ter\u00e1 direito a uma visita por m\u00eas para manuten\u00e7\u00e3o presencial no sistema.<br>&nbsp;Sem Nenhuma Manuten\u00e7\u00e3o:&nbsp;O usu\u00e1rio tamb\u00e9m pode contratar sempre que achar necess\u00e1rio, conforme sua necessidade. Para contratar veja os links abaixo:&nbsp;<a href=\"https:\/\/ewsistemasti.com.br\/loja\/produto\/visita-tecnica\/\">Taxa de Visitas<\/a>&nbsp;(somente para Bras\u00edlia-DF e entorno);<br>&nbsp;Customiza\u00e7\u00e3o (este servi\u00e7o, somente nos sistemas desenvolvidos por n\u00f3s);<br>&nbsp;Videoconfer\u00eancia 1 hora para auxiliar na Instala\u00e7\u00e3o e configura\u00e7\u00e3o do sistema (sugest\u00e3o). <\/li><li>&nbsp;Sem Manuten\u00e7\u00e3o: <ul><li>&nbsp;O usu\u00e1rio tamb\u00e9m pode contratar sempre que achar necess\u00e1rio, conforme sua necessidade. Para contratar veja os links abaixo: <ul><li>&nbsp;<a rel=\"noreferrer noopener\" aria-label=\" (abre numa nova aba)\" href=\"https:\/\/ewsistemasti.com.br\/loja\/produto\/visita-tecnica\/\" target=\"_blank\">Taxa de Visitas<\/a> (somente para Bras\u00edlia-DF e entorno);<\/li><li>&nbsp;<a rel=\"noreferrer noopener\" aria-label=\" (abre numa nova aba)\" href=\"https:\/\/ewsistemasti.com.br\/loja\/produto\/sistemas-web\/\" target=\"_blank\">Customiza\u00e7\u00e3o<\/a> (somente nos sistemas desenvolvidos por n\u00f3s);<\/li><li>&nbsp;<a rel=\"noreferrer noopener\" aria-label=\" (abre numa nova aba)\" href=\"https:\/\/ewsistemasti.com.br\/loja\/produto\/videoconferencia-1-hora\/\" target=\"_blank\">Consultoria<\/a> para auxiliar na Instala\u00e7\u00e3o e configura\u00e7\u00e3o do sistema (sugest\u00e3o).  <\/li><\/ul><\/li><\/ul><\/li><\/ul>\n\n\n\n<p>Visite nossa <a href=\"https:\/\/ewsistemasecursos.com.br\/prof.ednewton\">loja virtual<\/a>.<\/p>\n\n\n\n<p>Ew Sistemas e Cursos<\/p>\n\n\n<p><!--EndFragment--><br>\n<br>\n<\/p>","protected":false},"excerpt":{"rendered":"<p>A Ew Sistemas e Cursos disponibiliza suporte via Manuten\u00e7\u00e3o e\/ou Atualiza\u00e7\u00f5es nos sistemas desenvolvidos e comercializados por n\u00f3s . Sobre o suporte: O suporte estende-se somente \u00e0 um dos sistemas adquirido pelo cliente e desenvolvidos por n\u00f3s, mesmo que comprado em outras plataformas de vendas que n\u00e3o seja a nossa loja virtual; O cliente ter\u00e1 [&hellip;]<\/p>\n","protected":false},"author":1,"featured_media":0,"parent":0,"menu_order":0,"comment_status":"closed","ping_status":"closed","template":"","meta":{"_et_pb_use_builder":"","_et_pb_old_content":"","_et_gb_content_width":"","_joinchat":[],"footnotes":""},"class_list":["post-199","page","type-page","status-publish","hentry"],"_links":{"self":[{"href":"https:\/\/ewsistemasti.com.br\/wpress\/wp-json\/wp\/v2\/pages\/199","targetHints":{"allow":["GET"]}}],"collection":[{"href":"https:\/\/ewsistemasti.com.br\/wpress\/wp-json\/wp\/v2\/pages"}],"about":[{"href":"https:\/\/ewsistemasti.com.br\/wpress\/wp-json\/wp\/v2\/types\/page"}],"author":[{"embeddable":true,"href":"https:\/\/ewsistemasti.com.br\/wpress\/wp-json\/wp\/v2\/users\/1"}],"replies":[{"embeddable":true,"href":"https:\/\/ewsistemasti.com.br\/wpress\/wp-json\/wp\/v2\/comments?post=199"}],"version-history":[{"count":4,"href":"https:\/\/ewsistemasti.com.br\/wpress\/wp-json\/wp\/v2\/pages\/199\/revisions"}],"predecessor-version":[{"id":329,"href":"https:\/\/ewsistemasti.com.br\/wpress\/wp-json\/wp\/v2\/pages\/199\/revisions\/329"}],"wp:attachment":[{"href":"https:\/\/ewsistemasti.com.br\/wpress\/wp-json\/wp\/v2\/media?parent=199"}],"curies":[{"name":"wp","href":"https:\/\/api.w.org\/{rel}","templated":true}]}}