{"id":679,"date":"2020-02-02T16:52:58","date_gmt":"2020-02-02T13:52:58","guid":{"rendered":"https:\/\/ewsistemasti.com.br\/wpress\/?page_id=679"},"modified":"2024-04-08T17:07:36","modified_gmt":"2024-04-08T14:07:36","slug":"maintenance","status":"publish","type":"page","link":"https:\/\/ewsistemasti.com.br\/wpress\/maintenance\/","title":{"rendered":"maintenance"},"content":{"rendered":"<p>[et_pb_section fb_built=&#8221;1&#8243; custom_padding_last_edited=&#8221;off|desktop&#8221; admin_label=&#8221;Hero&#8221; _builder_version=&#8221;4.16&#8243; use_background_color_gradient=&#8221;on&#8221; background_color_gradient_direction=&#8221;60deg&#8221; background_color_gradient_stops=&#8221;#8834fd 0%|#c756ec 100%&#8221; background_color_gradient_start=&#8221;#8834fd&#8221; background_color_gradient_end=&#8221;#c756ec&#8221; custom_padding=&#8221;100px|0px|0px|0px&#8221; box_shadow_style=&#8221;preset7&#8243; box_shadow_horizontal=&#8221;0px&#8221; box_shadow_vertical=&#8221;-100px&#8221; box_shadow_color=&#8221;#ffffff&#8221; global_colors_info=&#8221;{}&#8221;][et_pb_row column_structure=&#8221;1_2,1_2&#8243; _builder_version=&#8221;4.16&#8243; custom_padding=&#8221;|||&#8221; global_colors_info=&#8221;{}&#8221;][et_pb_column type=&#8221;1_2&#8243; _builder_version=&#8221;4.16&#8243; custom_padding=&#8221;||60px|&#8221; global_colors_info=&#8221;{}&#8221; custom_padding__hover=&#8221;|||&#8221;][et_pb_text _builder_version=&#8221;4.16&#8243; text_font=&#8221;||||||||&#8221; header_font=&#8221;|600||on|||||&#8221; header_font_size=&#8221;14px&#8221; background_layout=&#8221;dark&#8221; max_width=&#8221;550px&#8221; module_alignment=&#8221;center&#8221; custom_margin=&#8221;|||&#8221; custom_padding=&#8221;|||&#8221; global_colors_info=&#8221;{}&#8221;]<\/p>\n<h1>Ew Sistemas TI<\/h1>\n<p>[\/et_pb_text][et_pb_text _builder_version=&#8221;4.16&#8243; text_font=&#8221;Open Sans|600|||||||&#8221; text_font_size=&#8221;16px&#8221; text_line_height=&#8221;1.8em&#8221; header_font=&#8221;||||||||&#8221; header_2_font=&#8221;Poppins||||||||&#8221; header_2_font_size=&#8221;36px&#8221; header_2_line_height=&#8221;1.4em&#8221; background_layout=&#8221;dark&#8221; max_width=&#8221;550px&#8221; module_alignment=&#8221;center&#8221; global_colors_info=&#8221;{}&#8221;]<\/p>\n<h2>Contrato de Manuten\u00e7\u00e3o<\/h2>\n<p>Realizamos contrato de manuten\u00e7\u00e3o em microcomputador com usu\u00e1rio PF e\/ou PJ.<\/p>\n<p style=\"text-align: justify;\">Contrato para manuten\u00e7\u00e3o em um microcomputador ou mais. Assist\u00eancia no local do cliente, caso precise, retiramos o equipamento para ser consertado em nossas instala\u00e7\u00f5es. Ap\u00f3s o conserto levamos o equipamento de volta.\u00a0<\/p>\n<p style=\"text-align: justify;\">Este tipo de contrato, est\u00e1 dispon\u00edvel apenas para a pra\u00e7a de Bras\u00edlia-DF.<\/p>\n<p>&nbsp;<\/p>\n<p>[\/et_pb_text][\/et_pb_column][et_pb_column type=&#8221;1_2&#8243; _builder_version=&#8221;4.16&#8243; custom_padding=&#8221;|||&#8221; global_colors_info=&#8221;{}&#8221; custom_padding__hover=&#8221;|||&#8221;][et_pb_cta title=&#8221;Detalhes&#8221; button_url=&#8221;https:\/\/wa.me\/556140420701&#8243; url_new_window=&#8221;on&#8221; button_text=&#8221;Contato Via Whatsapp&#8221; _builder_version=&#8221;4.16&#8243; header_font=&#8221;Poppins|600||on|||||&#8221; header_font_size=&#8221;14px&#8221; header_line_height=&#8221;1.8em&#8221; body_font=&#8221;Open Sans||||||||&#8221; body_font_size=&#8221;16px&#8221; body_line_height=&#8221;1.8em&#8221; background_color=&#8221;#ffffff&#8221; custom_button=&#8221;on&#8221; button_text_size=&#8221;14px&#8221; button_text_color=&#8221;#ffffff&#8221; button_bg_color=&#8221;#6a5aff&#8221; button_border_width=&#8221;8px&#8221; button_border_color=&#8221;#6a5aff&#8221; button_border_radius=&#8221;100px&#8221; button_letter_spacing=&#8221;1px&#8221; button_font=&#8221;Poppins|600||on|||||&#8221; button_use_icon=&#8221;off&#8221; button_alignment=&#8221;left&#8221; text_orientation=&#8221;left&#8221; background_layout=&#8221;light&#8221; max_width=&#8221;87%&#8221; max_width_tablet=&#8221;&#8221; max_width_phone=&#8221;&#8221; max_width_last_edited=&#8221;on|desktop&#8221; custom_padding=&#8221;|||&#8221; animation_style=&#8221;slide&#8221; animation_direction=&#8221;top&#8221; animation_intensity_slide=&#8221;10%&#8221; animation_starting_opacity=&#8221;80%&#8221; border_radii=&#8221;on|10px|10px|10px|10px&#8221; box_shadow_style=&#8221;preset3&#8243; box_shadow_vertical=&#8221;31px&#8221; box_shadow_blur=&#8221;40px&#8221; box_shadow_color=&#8221;rgba(11,9,26,0.1)&#8221; locked=&#8221;off&#8221; global_colors_info=&#8221;{}&#8221; button_text_size__hover_enabled=&#8221;off&#8221; button_one_text_size__hover_enabled=&#8221;off&#8221; button_two_text_size__hover_enabled=&#8221;off&#8221; button_text_color__hover_enabled=&#8221;off&#8221; button_one_text_color__hover_enabled=&#8221;off&#8221; button_two_text_color__hover_enabled=&#8221;off&#8221; button_border_width__hover_enabled=&#8221;off&#8221; button_one_border_width__hover_enabled=&#8221;off&#8221; button_two_border_width__hover_enabled=&#8221;off&#8221; button_border_color__hover_enabled=&#8221;off&#8221; button_one_border_color__hover_enabled=&#8221;off&#8221; button_two_border_color__hover_enabled=&#8221;off&#8221; button_border_radius__hover_enabled=&#8221;off&#8221; button_one_border_radius__hover_enabled=&#8221;off&#8221; button_two_border_radius__hover_enabled=&#8221;off&#8221; button_letter_spacing__hover_enabled=&#8221;off&#8221; button_one_letter_spacing__hover_enabled=&#8221;off&#8221; button_two_letter_spacing__hover_enabled=&#8221;off&#8221; button_bg_color__hover_enabled=&#8221;off&#8221; button_one_bg_color__hover_enabled=&#8221;off&#8221; button_two_bg_color__hover_enabled=&#8221;off&#8221;]<\/p>\n<p><strong>Empresa:<\/strong> Ew Sistemas TI.<br \/> <strong>Local:<\/strong> Bras\u00edlia-DF<br \/> <strong>Website:<\/strong>\u00a0<a href=\"https:\/\/ewsistemasti.com.br\">https:\/\/ewsistemasti.com.br<\/a><\/p>\n<p style=\"text-align: justify;\">Realizamos contrato de manuten\u00e7\u00e3o em microcomputadores com usu\u00e1rios PF e\/ PJ. Contrato com valores fixo mensal corrigidos anualmente pelo IGP-M. Servi\u00e7o de visitas no cliente para prestar manuten\u00e7\u00e3o preventiva e corretiva. Atendimento t\u00e9cnico tamb\u00e9m por acesso remoto. No m\u00ednimo uma visita por m\u00eas \u00e9 realizada no cliente.<\/p>\n<p>[\/et_pb_cta][\/et_pb_column][\/et_pb_row][\/et_pb_section][et_pb_section fb_built=&#8221;1&#8243; admin_label=&#8221;Overview&#8221; _builder_version=&#8221;4.16&#8243; custom_padding=&#8221;100px|0px|100px|0px&#8221; global_colors_info=&#8221;{}&#8221;][et_pb_row column_structure=&#8221;1_2,1_2&#8243; _builder_version=&#8221;4.16&#8243; global_colors_info=&#8221;{}&#8221;][et_pb_column type=&#8221;1_2&#8243; _builder_version=&#8221;4.16&#8243; custom_padding=&#8221;|||&#8221; global_colors_info=&#8221;{}&#8221; custom_padding__hover=&#8221;|||&#8221;][et_pb_text _builder_version=&#8221;4.16&#8243; text_font=&#8221;||||||||&#8221; text_font_size=&#8221;16px&#8221; text_line_height=&#8221;1.8em&#8221; header_font=&#8221;||||||||&#8221; header_2_font=&#8221;Poppins||||||||&#8221; header_2_text_color=&#8221;#2c3238&#8243; header_2_font_size=&#8221;28px&#8221; header_2_line_height=&#8221;1.4em&#8221; header_3_font=&#8221;||||||||&#8221; max_width=&#8221;700px&#8221; module_alignment=&#8221;center&#8221; global_colors_info=&#8221;{}&#8221;]<\/p>\n<h2>Vantagens<\/h2>\n<p style=\"text-align: justify;\">Vamos alencar algumas vantagens para a contrata\u00e7\u00e3o de um servi\u00e7o de contrata\u00e7\u00e3o de manuten\u00e7\u00e3o de microcomputadores.<\/p>\n<p style=\"text-align: justify;\">N\u00e3o h\u00e1 necessidade de contratar funcion\u00e1rios internos para trabalhar com manuten\u00e7\u00e3o. Redu\u00e7\u00e3o com compras em novos equipamentos, pois com a manuten\u00e7\u00e3o preventiva evita-se o desgate. Aumento no trabalho por o equipamento est\u00e1 em conformidade com o fabricante, oferecendo maior peformance. Atendimento personalizado entre outros.<\/p>\n<p style=\"text-align: justify;\">\n<p>&nbsp;<\/p>\n<p>[\/et_pb_text][\/et_pb_column][et_pb_column type=&#8221;1_2&#8243; _builder_version=&#8221;4.16&#8243; custom_padding=&#8221;|||&#8221; global_colors_info=&#8221;{}&#8221; custom_padding__hover=&#8221;|||&#8221;][et_pb_image src=&#8221;https:\/\/ewsistemasti.com.br\/wpress\/wp-content\/uploads\/2019\/11\/app-marketing-illustration-03.png&#8221; align_tablet=&#8221;center&#8221; align_phone=&#8221;&#8221; align_last_edited=&#8221;on|desktop&#8221; _builder_version=&#8221;4.16&#8243; animation_style=&#8221;slide&#8221; animation_direction=&#8221;left&#8221; animation_intensity_slide=&#8221;10%&#8221; global_colors_info=&#8221;{}&#8221;][\/et_pb_image][\/et_pb_column][\/et_pb_row][\/et_pb_section][et_pb_section fb_built=&#8221;1&#8243; admin_label=&#8221;Testimonial&#8221; _builder_version=&#8221;4.16&#8243; use_background_color_gradient=&#8221;on&#8221; background_color_gradient_direction=&#8221;60deg&#8221; background_color_gradient_stops=&#8221;#8834fd 0%|#c756ec 100%&#8221; background_color_gradient_start=&#8221;#8834fd&#8221; background_color_gradient_end=&#8221;#c756ec&#8221; custom_padding=&#8221;100px|0px|100px|0px&#8221; global_colors_info=&#8221;{}&#8221;][et_pb_row column_structure=&#8221;1_3,1_3,1_3&#8243; module_class=&#8221; et_pb_row_fullwidth&#8221; _builder_version=&#8221;4.16&#8243; width=&#8221;89%&#8221; width_tablet=&#8221;80%&#8221; width_phone=&#8221;&#8221; width_last_edited=&#8221;on|desktop&#8221; max_width=&#8221;89%&#8221; max_width_tablet=&#8221;80%&#8221; max_width_phone=&#8221;&#8221; max_width_last_edited=&#8221;on|desktop&#8221; make_fullwidth=&#8221;on&#8221; global_colors_info=&#8221;{}&#8221;][et_pb_column type=&#8221;1_3&#8243; _builder_version=&#8221;4.16&#8243; custom_padding=&#8221;|||&#8221; global_colors_info=&#8221;{}&#8221; custom_padding__hover=&#8221;|||&#8221;][\/et_pb_column][et_pb_column type=&#8221;1_3&#8243; _builder_version=&#8221;4.16&#8243; custom_padding=&#8221;|||&#8221; global_colors_info=&#8221;{}&#8221; custom_padding__hover=&#8221;|||&#8221;][et_pb_testimonial author=&#8221;Equipe de Manuten\u00e7\u00e3o&#8221; job_title=&#8221;Realiza\u00e7\u00e3o&#8221; company_name=&#8221;Ew Sistemas TI&#8221; portrait_url=&#8221;https:\/\/ewsistemasti.com.br\/wpress\/wp-content\/uploads\/2020\/02\/manuten\u00e7\u00e3o.png&#8221; quote_icon=&#8221;off&#8221; quote_icon_color=&#8221;#ffffff&#8221; _builder_version=&#8221;4.16&#8243; body_font=&#8221;Poppins||||||||&#8221; body_font_size=&#8221;20px&#8221; use_background_color=&#8221;off&#8221; text_orientation=&#8221;center&#8221; background_layout=&#8221;dark&#8221; global_colors_info=&#8221;{}&#8221;]<\/p>\n<p style=\"text-align: justify;\">O contrato de manuten\u00e7\u00e3o serve para o cliente ter todo o parque tecnol\u00f3gico funcionando, sem se preocupar com nada mais.<\/p>\n<p>[\/et_pb_testimonial][\/et_pb_column][et_pb_column type=&#8221;1_3&#8243; _builder_version=&#8221;4.16&#8243; custom_padding=&#8221;|||&#8221; global_colors_info=&#8221;{}&#8221; custom_padding__hover=&#8221;|||&#8221;][\/et_pb_column][\/et_pb_row][\/et_pb_section][et_pb_section fb_built=&#8221;1&#8243; disabled_on=&#8221;off|off|off&#8221; admin_label=&#8221;Problem and Solution&#8221; _builder_version=&#8221;4.16&#8243; background_color=&#8221;#fafafc&#8221; custom_padding=&#8221;100px|0px|100px|0px&#8221; global_colors_info=&#8221;{}&#8221;][et_pb_row column_structure=&#8221;1_2,1_2&#8243; _builder_version=&#8221;4.16&#8243; custom_margin=&#8221;2%|||&#8221; global_colors_info=&#8221;{}&#8221;][et_pb_column type=&#8221;1_2&#8243; _builder_version=&#8221;4.16&#8243; custom_padding=&#8221;|||&#8221; global_colors_info=&#8221;{}&#8221; custom_padding__hover=&#8221;|||&#8221;][et_pb_text _builder_version=&#8221;4.16&#8243; text_font=&#8221;||||||||&#8221; text_text_color=&#8221;#&#8221; text_font_size=&#8221;16px&#8221; text_line_height=&#8221;1.8em&#8221; header_font=&#8221;||||||||&#8221; header_2_font=&#8221;Poppins||||||||&#8221; header_2_font_size=&#8221;28px&#8221; header_2_line_height=&#8221;1.4em&#8221; header_3_font=&#8221;||||||||&#8221; max_width=&#8221;700px&#8221; module_alignment=&#8221;center&#8221; global_colors_info=&#8221;{}&#8221;]<\/p>\n<h2>Atendimento T\u00e9cnico Eventual*<\/h2>\n<p style=\"text-align: justify;\"><span>*Servi\u00e7o executado somente na pra\u00e7a de Bras\u00edlia.<\/span><\/p>\n<p style=\"text-align: justify;\"><span>Pode ser que o cliente n\u00e3o tem contrato de manuten\u00e7\u00e3o, mas precise em uma emerg\u00eancia.\u00a0A Ew Sistemas TI realiza atendimento eventual. Ou seja, \u00e9 uma visita t\u00e9cnica para quem n\u00e3o tem contrato de manuten\u00e7\u00e3o. Basta o cliente contratar o servi\u00e7o e n\u00f3s iremos at\u00e9 o local.\u00a0<\/span><\/p>\n<p>[\/et_pb_text][et_pb_button button_url=&#8221;https:\/\/ewsistemasti.com.br\/loja\/produto\/visita-tecnica\/&#8221; url_new_window=&#8221;on&#8221; button_text=&#8221;Contratar&#8221; button_alignment=&#8221;center&#8221; _builder_version=&#8221;4.16&#8243; custom_button=&#8221;on&#8221; button_text_color=&#8221;#8300e9&#8243; box_shadow_style=&#8221;preset6&#8243; global_colors_info=&#8221;{}&#8221;][\/et_pb_button][\/et_pb_column][et_pb_column type=&#8221;1_2&#8243; _builder_version=&#8221;4.16&#8243; custom_padding=&#8221;|||&#8221; global_colors_info=&#8221;{}&#8221; custom_padding__hover=&#8221;|||&#8221;][et_pb_text _builder_version=&#8221;4.16&#8243; text_font=&#8221;||||||||&#8221; text_text_color=&#8221;#&#8221; text_font_size=&#8221;16px&#8221; text_line_height=&#8221;1.8em&#8221; header_font=&#8221;||||||||&#8221; header_2_font=&#8221;Poppins||||||||&#8221; header_2_font_size=&#8221;28px&#8221; header_2_line_height=&#8221;1.4em&#8221; header_3_font=&#8221;||||||||&#8221; max_width=&#8221;700px&#8221; module_alignment=&#8221;center&#8221; global_colors_info=&#8221;{}&#8221;]<\/p>\n<h2>Pre\u00e7o<\/h2>\n<p style=\"text-align: justify;\">Somente sob consulta. Precisamos conhecer o parque tecnol\u00f3gico do cliente. Quantas m\u00e1quinas, servidores etc.<\/p>\n<p>[\/et_pb_text][\/et_pb_column][\/et_pb_row][\/et_pb_section][et_pb_section fb_built=&#8221;1&#8243; admin_label=&#8221;Get Started&#8221; _builder_version=&#8221;4.16&#8243; use_background_color_gradient=&#8221;on&#8221; background_color_gradient_direction=&#8221;60deg&#8221; background_color_gradient_stops=&#8221;#8834fd 0%|#c756ec 100%&#8221; background_color_gradient_start=&#8221;#8834fd&#8221; background_color_gradient_end=&#8221;#c756ec&#8221; custom_padding=&#8221;100px|0px|100px|0px&#8221; global_colors_info=&#8221;{}&#8221;][et_pb_row _builder_version=&#8221;4.16&#8243; custom_padding=&#8221;|||&#8221; locked=&#8221;off&#8221; global_colors_info=&#8221;{}&#8221;][et_pb_column type=&#8221;4_4&#8243; _builder_version=&#8221;4.16&#8243; custom_padding=&#8221;|||&#8221; global_colors_info=&#8221;{}&#8221; custom_padding__hover=&#8221;|||&#8221;][et_pb_text _builder_version=&#8221;4.16&#8243; text_font=&#8221;|600|||||||&#8221; text_font_size=&#8221;16px&#8221; text_line_height=&#8221;1.8em&#8221; header_font=&#8221;||||||||&#8221; header_2_font=&#8221;Poppins||||||||&#8221; header_2_font_size=&#8221;28px&#8221; header_2_line_height=&#8221;1.4em&#8221; header_3_font=&#8221;||||||||&#8221; text_orientation=&#8221;center&#8221; background_layout=&#8221;dark&#8221; max_width=&#8221;700px&#8221; module_alignment=&#8221;center&#8221; global_colors_info=&#8221;{}&#8221;]<\/p>\n<h2>Ainda com d\u00favida?<\/h2>\n<p>Voc\u00ea pode entrar em contato conosco via whatsapp \u00e9 s\u00f3 clicar no bot\u00e3o abaixo no canto direito de seu monitor. Ou quer fazer contato aqui, basta clicar no bot\u00e3o abaixo contato. Teremos o maior prazer em atender.<\/p>\n<p>[\/et_pb_text][et_pb_button button_url=&#8221;https:\/\/ewsistemasti.com.br\/wpress\/contato\/&#8221; button_text=&#8221;Contato&#8221; button_alignment=&#8221;center&#8221; _builder_version=&#8221;4.16&#8243; custom_button=&#8221;on&#8221; button_text_size=&#8221;14px&#8221; button_border_width=&#8221;2px&#8221; button_border_radius=&#8221;6px&#8221; button_letter_spacing=&#8221;1px&#8221; button_font=&#8221;Poppins|600||on|||||&#8221; button_use_icon=&#8221;off&#8221; background_layout=&#8221;dark&#8221; custom_margin=&#8221;|||&#8221; custom_padding=&#8221;20px|30px|20px|30px&#8221; animation_style=&#8221;fade&#8221; button_letter_spacing_hover=&#8221;1px&#8221; global_colors_info=&#8221;{}&#8221; button_text_size__hover_enabled=&#8221;off&#8221; button_one_text_size__hover_enabled=&#8221;off&#8221; button_two_text_size__hover_enabled=&#8221;off&#8221; button_text_color__hover_enabled=&#8221;off&#8221; button_one_text_color__hover_enabled=&#8221;off&#8221; button_two_text_color__hover_enabled=&#8221;off&#8221; button_border_width__hover_enabled=&#8221;off&#8221; button_one_border_width__hover_enabled=&#8221;off&#8221; button_two_border_width__hover_enabled=&#8221;off&#8221; button_border_color__hover_enabled=&#8221;off&#8221; button_one_border_color__hover_enabled=&#8221;off&#8221; button_two_border_color__hover_enabled=&#8221;off&#8221; button_border_radius__hover_enabled=&#8221;off&#8221; button_one_border_radius__hover_enabled=&#8221;off&#8221; button_two_border_radius__hover_enabled=&#8221;off&#8221; button_letter_spacing__hover_enabled=&#8221;on&#8221; button_letter_spacing__hover=&#8221;1px&#8221; button_one_letter_spacing__hover_enabled=&#8221;off&#8221; button_two_letter_spacing__hover_enabled=&#8221;off&#8221; button_bg_color__hover_enabled=&#8221;off&#8221; button_one_bg_color__hover_enabled=&#8221;off&#8221; button_two_bg_color__hover_enabled=&#8221;off&#8221;][\/et_pb_button][\/et_pb_column][\/et_pb_row][\/et_pb_section]<\/p>\n","protected":false},"excerpt":{"rendered":"<p>Ew Sistemas TIContrato de Manuten\u00e7\u00e3o Realizamos contrato de manuten\u00e7\u00e3o em microcomputador com usu\u00e1rio PF e\/ou PJ. Contrato para manuten\u00e7\u00e3o em um microcomputador ou mais. Assist\u00eancia no local do cliente, caso precise, retiramos o equipamento para ser consertado em nossas instala\u00e7\u00f5es. Ap\u00f3s o conserto levamos o equipamento de volta.\u00a0 Este tipo de contrato, est\u00e1 dispon\u00edvel apenas [&hellip;]<\/p>\n","protected":false},"author":1,"featured_media":0,"parent":0,"menu_order":0,"comment_status":"closed","ping_status":"closed","template":"","meta":{"_et_pb_use_builder":"on","_et_pb_old_content":"","_et_gb_content_width":"","_joinchat":[],"footnotes":""},"class_list":["post-679","page","type-page","status-publish","hentry"],"_links":{"self":[{"href":"https:\/\/ewsistemasti.com.br\/wpress\/wp-json\/wp\/v2\/pages\/679","targetHints":{"allow":["GET"]}}],"collection":[{"href":"https:\/\/ewsistemasti.com.br\/wpress\/wp-json\/wp\/v2\/pages"}],"about":[{"href":"https:\/\/ewsistemasti.com.br\/wpress\/wp-json\/wp\/v2\/types\/page"}],"author":[{"embeddable":true,"href":"https:\/\/ewsistemasti.com.br\/wpress\/wp-json\/wp\/v2\/users\/1"}],"replies":[{"embeddable":true,"href":"https:\/\/ewsistemasti.com.br\/wpress\/wp-json\/wp\/v2\/comments?post=679"}],"version-history":[{"count":12,"href":"https:\/\/ewsistemasti.com.br\/wpress\/wp-json\/wp\/v2\/pages\/679\/revisions"}],"predecessor-version":[{"id":1754,"href":"https:\/\/ewsistemasti.com.br\/wpress\/wp-json\/wp\/v2\/pages\/679\/revisions\/1754"}],"wp:attachment":[{"href":"https:\/\/ewsistemasti.com.br\/wpress\/wp-json\/wp\/v2\/media?parent=679"}],"curies":[{"name":"wp","href":"https:\/\/api.w.org\/{rel}","templated":true}]}}